{"id":99786,"date":"2026-04-21T23:22:00","date_gmt":"2026-04-21T21:22:00","guid":{"rendered":"https:\/\/namarstyle.com\/product\/komoda-ravenna-b-140-cm-z-kominkiem-2d1k-czarny-mat\/"},"modified":"2026-04-21T23:22:01","modified_gmt":"2026-04-21T21:22:01","slug":"komoda-ravenna-b-cm-z-kominkiem-czarny-mat","status":"publish","type":"product","link":"https:\/\/namarstyle.com\/fr\/product\/komoda-ravenna-b-cm-z-kominkiem-czarny-mat\/","title":{"rendered":"Komoda RAVENNA B cm z kominkiem czarny mat"},"content":{"rendered":"<p>Opis:<\/p>\n<p>&#8211; Komoda dwudrzwiowa ze schowkiem<br \/>\n&#8211; Bezramowa szyba przednia umo\u017cliwia doskona\u0142y widok na p\u0142on\u0105cy wewn\u0105trz ogie\u0144<br \/>\n&#8211; Mebel z kominkiem elektrycznym<br \/>\n&#8211; P\u00f3\u0142ki wewn\u0119trzne<br \/>\n&#8211; Frezowane fronty<br \/>\n&#8211; Metalowe n\u00f3\u017cki<br \/>\n&#8211; System bezuchwytowy, fronty otwierane za pomoc\u0105 systemu push to open<\/p>\n<p>Opis i parametry kominka:<\/p>\n<p>&#8211; Nowoczesny kominek elektryczny zaprojektowany z my\u015bl\u0105 o monta\u017cu we wn\u0119ce \u015bciennej lub dowolnego typu obudowie<br \/>\n&#8211; Kominki obj\u0119te euro gwarancj\u0105 24 m-ce<br \/>\n&#8211; Sterowanie zdalne (pilot) oraz za pomoc\u0105 panelu w prawym g\u00f3rnym rogu<br \/>\n&#8211; Regulacja p\u0142omienia i temperatury<br \/>\n&#8211; Dekoracja paleniska: P\u0142on\u0105ce polana<br \/>\n&#8211; Nie wymaga przewodu kominowego<br \/>\n&#8211; Waga 5,3 kg<br \/>\n&#8211; Moc kominka 1800-2000W<br \/>\n&#8211; Wymiary zewn\u0119trzne: 58,4 x 13 x 43,6 cm<br \/>\n&#8211; Napi\u0119cie \/ cz\u0119stotliwo\u015b\u0107 220V-240V\/ 50Hz<br \/>\n&#8211; Panel sterowania w prawym g\u00f3rnym rogu<br \/>\n&#8211; Wielofunkcyjny pilot zdalnego sterowania<br \/>\n&#8211; Mo\u017cliwo\u015b\u0107 zwi\u0119kszenia\/zmniejszenia efektu ognia<br \/>\n&#8211; Mo\u017cliwo\u015b\u0107 ustawienia godzinnego, dziennego lub tygodniowego timera<br \/>\n&#8211; Ustawienie temperatury grzania pomi\u0119dzy  17\u00b0C a 27\u00b0. Poziom funkcji grzania [W] 1400<br \/>\n&#8211; Kontrola temperatury pomieszczenia, z wykrywaniem otwartego okna<br \/>\n&#8211; Maksymalna ci\u0105g\u0142a moc grzewcza 2,0 kW\u00a0\u00bb<br \/>\nZdj\u0119cia przedstawiaj\u0105 maksymaln\u0105 moc \u015bwiat\u0142a kominka<\/p>\n","protected":false},"excerpt":{"rendered":"<p>Korpus: p\u0142yta laminowana, Fronty: frez p\u0142yta MDF, Nogi: metal<\/p>\n","protected":false},"featured_media":99779,"comment_status":"open","ping_status":"closed","template":"","meta":[],"product_brand":[],"product_cat":[189],"product_tag":[],"class_list":{"0":"post-99786","1":"product","2":"type-product","3":"status-publish","4":"has-post-thumbnail","6":"product_cat-ogrod","8":"first","9":"instock","10":"taxable","11":"shipping-taxable","12":"purchasable","13":"product-type-simple"},"_links":{"self":[{"href":"https:\/\/namarstyle.com\/fr\/wp-json\/wp\/v2\/product\/99786","targetHints":{"allow":["GET"]}}],"collection":[{"href":"https:\/\/namarstyle.com\/fr\/wp-json\/wp\/v2\/product"}],"about":[{"href":"https:\/\/namarstyle.com\/fr\/wp-json\/wp\/v2\/types\/product"}],"replies":[{"embeddable":true,"href":"https:\/\/namarstyle.com\/fr\/wp-json\/wp\/v2\/comments?post=99786"}],"version-history":[{"count":0,"href":"https:\/\/namarstyle.com\/fr\/wp-json\/wp\/v2\/product\/99786\/revisions"}],"wp:featuredmedia":[{"embeddable":true,"href":"https:\/\/namarstyle.com\/fr\/wp-json\/wp\/v2\/media\/99779"}],"wp:attachment":[{"href":"https:\/\/namarstyle.com\/fr\/wp-json\/wp\/v2\/media?parent=99786"}],"wp:term":[{"taxonomy":"product_brand","embeddable":true,"href":"https:\/\/namarstyle.com\/fr\/wp-json\/wp\/v2\/product_brand?post=99786"},{"taxonomy":"product_cat","embeddable":true,"href":"https:\/\/namarstyle.com\/fr\/wp-json\/wp\/v2\/product_cat?post=99786"},{"taxonomy":"product_tag","embeddable":true,"href":"https:\/\/namarstyle.com\/fr\/wp-json\/wp\/v2\/product_tag?post=99786"}],"curies":[{"name":"wp","href":"https:\/\/api.w.org\/{rel}","templated":true}]}}