{"id":99778,"date":"2026-04-21T23:21:41","date_gmt":"2026-04-21T21:21:41","guid":{"rendered":"https:\/\/namarstyle.com\/product\/komoda-ravenna-b-147-cm-z-kominkiem-2d1k-czarny-mat-frezowany\/"},"modified":"2026-04-21T23:21:42","modified_gmt":"2026-04-21T21:21:42","slug":"komoda-ravenna-b-cm-z-kominkiem-czarny-mat-frezowany","status":"publish","type":"product","link":"https:\/\/namarstyle.com\/fr\/product\/komoda-ravenna-b-cm-z-kominkiem-czarny-mat-frezowany\/","title":{"rendered":"Komoda RAVENNA B cm z kominkiem czarny mat frezowany"},"content":{"rendered":"<p>Opis:<\/p>\n<p>&#8211; Komoda dwudrzwiowa ze schowkiem<br \/>\n&#8211; Bezramowa szyba przednia umo\u017cliwia doskona\u0142y widok na p\u0142on\u0105cy wewn\u0105trz ogie\u0144<br \/>\n&#8211; Mebel z kominkiem elektrycznym<br \/>\n&#8211; P\u00f3\u0142ki wewn\u0119trzne<br \/>\n&#8211; Frezowane fronty<br \/>\n&#8211; Metalowe n\u00f3\u017cki<br \/>\n&#8211; System bezuchwytowy, fronty otwierane za pomoc\u0105 systemu push to open<\/p>\n<p>Opis kominka:<\/p>\n<p>&#8211; Kominki obj\u0119te euro gwarancj\u0105 24 m-ce. Firma BIM i DIPLEX gwarantuje wymian\u0119 wadliwego kominka na nowy (na terenie UE) oraz serwis z dojazdem do klienta na terenie PL.<br \/>\n&#8211; Waga 5,3 kg \/ Moc 1800-2000W \/ Wymiary: 58,4 x 13 x 43,6 cm \/ Cz\u0119stotliwo\u015b\u0107 50Hz \/ Napi\u0119cie wej\u015bciowe AC [V] 230-240.<br \/>\n&#8211; D\u0142ugo\u015b\u0107 kabla zasilaj\u0105cego [mm] 1500.<br \/>\n&#8211; Widok na palenisko 1-Stronny.<br \/>\n&#8211; Modu\u0142 \u015bwietlny LED.<br \/>\n&#8211; Brak efekt\u00f3w d\u017awi\u0119kowych.<br \/>\n&#8211; Panel sterowania w prawym g\u00f3rnym rogu kominka i pilot zdalnego sterowania.<br \/>\n&#8211; Prze\u0142\u0105cznik w\u0142\u0105cz\/wy\u0142\u0105cz zasilania g\u0142\u00f3wnego na tylnej cz\u0119\u015bci urz\u0105dzenia, kt\u00f3ry tak\u017ce aktywuje efekt ognia na ekranie.<br \/>\n&#8211; Kontrola temperatury pomieszczenia, z wykrywaniem otwartego okna.<br \/>\n&#8211; Mo\u017cliwo\u015b\u0107 ustawienia godzinnego, dziennego lub tygodniowego timera.<br \/>\n&#8211; Mo\u017cliwo\u015b\u0107 regulowania efektu ognia. Poziomy jasno\u015bci ognia s\u0105 nast\u0119puj\u0105ce: wysoki-\u015bredni-niski-wy\u0142\u0105czony. Technologia ognia Optiflame\u00ae.<br \/>\n&#8211; Ustawienie temperatury grzania pomi\u0119dzy  17\u00b0C a 27\u00b0. Poziom funkcji grzania [W] 1400.<br \/>\n&#8211; Ogranicznik termostatu, kt\u00f3ry automatycznie od\u0142\u0105cza zasilanie w przypadku nieprawid\u0142owo\u015bci.<\/p>\n","protected":false},"excerpt":{"rendered":"<p>Korpus: p\u0142yta laminowana, Fronty: frez p\u0142yta MDF, Nogi: metal<\/p>\n","protected":false},"featured_media":99771,"comment_status":"open","ping_status":"closed","template":"","meta":[],"product_brand":[],"product_cat":[189],"product_tag":[],"class_list":{"0":"post-99778","1":"product","2":"type-product","3":"status-publish","4":"has-post-thumbnail","6":"product_cat-ogrod","8":"first","9":"instock","10":"taxable","11":"shipping-taxable","12":"purchasable","13":"product-type-simple"},"_links":{"self":[{"href":"https:\/\/namarstyle.com\/fr\/wp-json\/wp\/v2\/product\/99778","targetHints":{"allow":["GET"]}}],"collection":[{"href":"https:\/\/namarstyle.com\/fr\/wp-json\/wp\/v2\/product"}],"about":[{"href":"https:\/\/namarstyle.com\/fr\/wp-json\/wp\/v2\/types\/product"}],"replies":[{"embeddable":true,"href":"https:\/\/namarstyle.com\/fr\/wp-json\/wp\/v2\/comments?post=99778"}],"version-history":[{"count":0,"href":"https:\/\/namarstyle.com\/fr\/wp-json\/wp\/v2\/product\/99778\/revisions"}],"wp:featuredmedia":[{"embeddable":true,"href":"https:\/\/namarstyle.com\/fr\/wp-json\/wp\/v2\/media\/99771"}],"wp:attachment":[{"href":"https:\/\/namarstyle.com\/fr\/wp-json\/wp\/v2\/media?parent=99778"}],"wp:term":[{"taxonomy":"product_brand","embeddable":true,"href":"https:\/\/namarstyle.com\/fr\/wp-json\/wp\/v2\/product_brand?post=99778"},{"taxonomy":"product_cat","embeddable":true,"href":"https:\/\/namarstyle.com\/fr\/wp-json\/wp\/v2\/product_cat?post=99778"},{"taxonomy":"product_tag","embeddable":true,"href":"https:\/\/namarstyle.com\/fr\/wp-json\/wp\/v2\/product_tag?post=99778"}],"curies":[{"name":"wp","href":"https:\/\/api.w.org\/{rel}","templated":true}]}}