{"id":99415,"date":"2026-04-21T23:10:07","date_gmt":"2026-04-21T21:10:07","guid":{"rendered":"https:\/\/namarstyle.com\/product\/ravenna-c-witryna-1ds-60-cm-frez-mdf-diament-wysoki-polysk-na-szpilkach\/"},"modified":"2026-04-21T23:10:07","modified_gmt":"2026-04-21T21:10:07","slug":"ravenna-c-witryna-cm-frez-mdf-diament-wysoki-polysk-na-szpilkach-3","status":"publish","type":"product","link":"https:\/\/namarstyle.com\/fr\/product\/ravenna-c-witryna-cm-frez-mdf-diament-wysoki-polysk-na-szpilkach-3\/","title":{"rendered":"Ravenna C Witryna cm frez MDF diament wysoki po\u0142ysk na szpilkach"},"content":{"rendered":"","protected":false},"excerpt":{"rendered":"<p>Korpus: p\u0142yta laminowana, Fronty: wysoki po\u0142ysk diament p\u0142yta MDF, Nogi: metal<\/p>\n","protected":false},"featured_media":99414,"comment_status":"open","ping_status":"closed","template":"","meta":[],"product_brand":[],"product_cat":[189],"product_tag":[],"class_list":{"0":"post-99415","1":"product","2":"type-product","3":"status-publish","4":"has-post-thumbnail","6":"product_cat-ogrod","8":"first","9":"instock","10":"taxable","11":"shipping-taxable","12":"purchasable","13":"product-type-simple"},"_links":{"self":[{"href":"https:\/\/namarstyle.com\/fr\/wp-json\/wp\/v2\/product\/99415","targetHints":{"allow":["GET"]}}],"collection":[{"href":"https:\/\/namarstyle.com\/fr\/wp-json\/wp\/v2\/product"}],"about":[{"href":"https:\/\/namarstyle.com\/fr\/wp-json\/wp\/v2\/types\/product"}],"replies":[{"embeddable":true,"href":"https:\/\/namarstyle.com\/fr\/wp-json\/wp\/v2\/comments?post=99415"}],"version-history":[{"count":0,"href":"https:\/\/namarstyle.com\/fr\/wp-json\/wp\/v2\/product\/99415\/revisions"}],"wp:featuredmedia":[{"embeddable":true,"href":"https:\/\/namarstyle.com\/fr\/wp-json\/wp\/v2\/media\/99414"}],"wp:attachment":[{"href":"https:\/\/namarstyle.com\/fr\/wp-json\/wp\/v2\/media?parent=99415"}],"wp:term":[{"taxonomy":"product_brand","embeddable":true,"href":"https:\/\/namarstyle.com\/fr\/wp-json\/wp\/v2\/product_brand?post=99415"},{"taxonomy":"product_cat","embeddable":true,"href":"https:\/\/namarstyle.com\/fr\/wp-json\/wp\/v2\/product_cat?post=99415"},{"taxonomy":"product_tag","embeddable":true,"href":"https:\/\/namarstyle.com\/fr\/wp-json\/wp\/v2\/product_tag?post=99415"}],"curies":[{"name":"wp","href":"https:\/\/api.w.org\/{rel}","templated":true}]}}