{"id":99358,"date":"2026-04-21T23:08:32","date_gmt":"2026-04-21T21:08:32","guid":{"rendered":"https:\/\/namarstyle.com\/product\/ravenna-c-szafka-rtv200-4d-frez-mdf-diament-wysoki-polysk-na-szpilkach\/"},"modified":"2026-04-21T23:08:35","modified_gmt":"2026-04-21T21:08:35","slug":"ravenna-c-szafka-frez-mdf-diament-wysoki-polysk-na-szpilkach","status":"publish","type":"product","link":"https:\/\/namarstyle.com\/fr\/product\/ravenna-c-szafka-frez-mdf-diament-wysoki-polysk-na-szpilkach\/","title":{"rendered":"Ravenna C Szafka frez MDF diament wysoki po\u0142ysk na szpilkach"},"content":{"rendered":"","protected":false},"excerpt":{"rendered":"<p>Korpus: p\u0142yta laminowana, Fronty: wysoki po\u0142ysk diament p\u0142yta MDF, Nogi: metal<\/p>\n","protected":false},"featured_media":99356,"comment_status":"open","ping_status":"closed","template":"","meta":[],"product_brand":[],"product_cat":[189],"product_tag":[],"class_list":{"0":"post-99358","1":"product","2":"type-product","3":"status-publish","4":"has-post-thumbnail","6":"product_cat-ogrod","8":"first","9":"instock","10":"taxable","11":"shipping-taxable","12":"purchasable","13":"product-type-simple"},"_links":{"self":[{"href":"https:\/\/namarstyle.com\/fr\/wp-json\/wp\/v2\/product\/99358","targetHints":{"allow":["GET"]}}],"collection":[{"href":"https:\/\/namarstyle.com\/fr\/wp-json\/wp\/v2\/product"}],"about":[{"href":"https:\/\/namarstyle.com\/fr\/wp-json\/wp\/v2\/types\/product"}],"replies":[{"embeddable":true,"href":"https:\/\/namarstyle.com\/fr\/wp-json\/wp\/v2\/comments?post=99358"}],"version-history":[{"count":0,"href":"https:\/\/namarstyle.com\/fr\/wp-json\/wp\/v2\/product\/99358\/revisions"}],"wp:featuredmedia":[{"embeddable":true,"href":"https:\/\/namarstyle.com\/fr\/wp-json\/wp\/v2\/media\/99356"}],"wp:attachment":[{"href":"https:\/\/namarstyle.com\/fr\/wp-json\/wp\/v2\/media?parent=99358"}],"wp:term":[{"taxonomy":"product_brand","embeddable":true,"href":"https:\/\/namarstyle.com\/fr\/wp-json\/wp\/v2\/product_brand?post=99358"},{"taxonomy":"product_cat","embeddable":true,"href":"https:\/\/namarstyle.com\/fr\/wp-json\/wp\/v2\/product_cat?post=99358"},{"taxonomy":"product_tag","embeddable":true,"href":"https:\/\/namarstyle.com\/fr\/wp-json\/wp\/v2\/product_tag?post=99358"}],"curies":[{"name":"wp","href":"https:\/\/api.w.org\/{rel}","templated":true}]}}