{"id":99106,"date":"2026-04-21T23:01:27","date_gmt":"2026-04-21T21:01:27","guid":{"rendered":"https:\/\/namarstyle.com\/product\/komoda-nesta-166-cm-dab-craft-zloty-bazalt\/"},"modified":"2026-04-21T23:01:27","modified_gmt":"2026-04-21T21:01:27","slug":"komoda-nesta-cm-dab-craft-zloty-bazalt","status":"publish","type":"product","link":"https:\/\/namarstyle.com\/fr\/product\/komoda-nesta-cm-dab-craft-zloty-bazalt\/","title":{"rendered":"Komoda NESTA cm d\u0105b craft z\u0142oty \/ bazalt"},"content":{"rendered":"<p>NESTA, to elegancka kolekcja do salonu, esencja stylu i funkcjonalno\u015bci. Staranne wykonanie i precyzja zosta\u0142a podkre\u015blona ponadczasow\u0105 kolorystyk\u0105.  Po\u0142\u0105czenie z\u0142otego odcienia d\u0119bu i bazaltu, nadaje si\u0119 doskonale do r\u00f3\u017cnorodnych wn\u0119trz, dodaj\u0105c im wyj\u0105tkowego charakteru. W sk\u0142ad kolekcji wchodz\u0105 dwie pojemne komody o r\u00f3\u017cnej d\u0142ugo\u015bci oraz dwie szafki RTV. Aluminiowe, czarne n\u00f3\u017cki podtrzymuj\u0105ce korpus podkre\u015blaj\u0105 stylowy wygl\u0105d i zapewniaj\u0105 stabilno\u015b\u0107, a bezuchwytowe fronty dodaj\u0105 nowoczesnego designu. Wszystkie meble NESTA s\u0105 nie tylko pi\u0119kne wizualnie, ale tak\u017ce praktyczne w u\u017cytkowaniu, dzi\u0119ki starannemu zaprojektowaniu z my\u015bl\u0105 o codziennych potrzebach.<\/p>\n","protected":false},"excerpt":{"rendered":"<p>Korpus &#8211; p\u0142yta laminowana 16mm<br \/>\nFront &#8211; p\u0142yta laminowana 16mm<br \/>\nN\u00f3\u017cki aluminiowe, regulowane &#8211; mo\u017cliwo\u015b\u0107 wypoziomowania<\/p>\n","protected":false},"featured_media":99100,"comment_status":"open","ping_status":"closed","template":"","meta":[],"product_brand":[],"product_cat":[189],"product_tag":[],"class_list":{"0":"post-99106","1":"product","2":"type-product","3":"status-publish","4":"has-post-thumbnail","6":"product_cat-ogrod","8":"first","9":"instock","10":"taxable","11":"shipping-taxable","12":"purchasable","13":"product-type-simple"},"_links":{"self":[{"href":"https:\/\/namarstyle.com\/fr\/wp-json\/wp\/v2\/product\/99106","targetHints":{"allow":["GET"]}}],"collection":[{"href":"https:\/\/namarstyle.com\/fr\/wp-json\/wp\/v2\/product"}],"about":[{"href":"https:\/\/namarstyle.com\/fr\/wp-json\/wp\/v2\/types\/product"}],"replies":[{"embeddable":true,"href":"https:\/\/namarstyle.com\/fr\/wp-json\/wp\/v2\/comments?post=99106"}],"version-history":[{"count":0,"href":"https:\/\/namarstyle.com\/fr\/wp-json\/wp\/v2\/product\/99106\/revisions"}],"wp:featuredmedia":[{"embeddable":true,"href":"https:\/\/namarstyle.com\/fr\/wp-json\/wp\/v2\/media\/99100"}],"wp:attachment":[{"href":"https:\/\/namarstyle.com\/fr\/wp-json\/wp\/v2\/media?parent=99106"}],"wp:term":[{"taxonomy":"product_brand","embeddable":true,"href":"https:\/\/namarstyle.com\/fr\/wp-json\/wp\/v2\/product_brand?post=99106"},{"taxonomy":"product_cat","embeddable":true,"href":"https:\/\/namarstyle.com\/fr\/wp-json\/wp\/v2\/product_cat?post=99106"},{"taxonomy":"product_tag","embeddable":true,"href":"https:\/\/namarstyle.com\/fr\/wp-json\/wp\/v2\/product_tag?post=99106"}],"curies":[{"name":"wp","href":"https:\/\/api.w.org\/{rel}","templated":true}]}}