{"id":99068,"date":"2026-04-21T22:59:55","date_gmt":"2026-04-21T20:59:55","guid":{"rendered":"https:\/\/namarstyle.com\/product\/szafka-rtv-toledo-190-4d-dab-flagstaff\/"},"modified":"2026-04-21T22:59:55","modified_gmt":"2026-04-21T20:59:55","slug":"szafka-rtv-toledo-dab-flagstaff","status":"publish","type":"product","link":"https:\/\/namarstyle.com\/fr\/product\/szafka-rtv-toledo-dab-flagstaff\/","title":{"rendered":"Szafka RTV Toledo d\u0105b flagstaff"},"content":{"rendered":"<p>Kolekcja TOLEDO to eleganckie meble do salonu, kt\u00f3re harmonijnie \u0142\u0105cz\u0105 nowoczesny design z tradycj\u0105 i elegancj\u0105. Rustykalny dekor d\u0119bu Flagstaff, imituj\u0105cy postarza\u0142e drewno, zestawiono z kontrastuj\u0105cym odcieniem matowej czerni. Ca\u0142o\u015b\u0107 dope\u0142niaj\u0105 srebrne akcenty w postaci prostych, geometrycznych uchwyt\u00f3w oraz metalowej ramy. Meble swoj\u0105 unikaln\u0105 stylistyk\u0119 zawdzi\u0119czaj\u0105 tak\u017ce nietypowej formie, w kt\u00f3rej ciemne p\u0142yty otaczaj\u0105 korpus, a zako\u0144czenie blatu dodaje wyrazistego charakteru i dynamiki.<\/p>\n<p>Meble z serii Toledo zosta\u0142y stworzone z my\u015bl\u0105 o funkcjonalno\u015bci i wygodzie. Ka\u017cdy element u\u0142atwi organizacj\u0119 przestrzeni i przechowywanie. Czterodrzwiowa szafka RTV zapewnia du\u017co miejsca na sprz\u0119t elektroniczny i nie tylko. Dzi\u0119ki swoim wymiarom, to doskona\u0142a propozycja do wi\u0119kszych salon\u00f3w, ale z powodzeniem mo\u017cna wykorzysta\u0107 j\u0105 w mniejszych wn\u0119trzach jako centralny punkt.<\/p>\n<p>Opis:<\/p>\n<p>Mebel czterodrzwiowy<br \/>\nOzdobny front<br \/>\nMetalowana rama<br \/>\nUchwyty<\/p>\n","protected":false},"excerpt":{"rendered":"<p>Korpus: p\u0142yta laminowana 16 mm (d\u0105b), p\u0142yta laminowana 25 mm (czarna)<br \/>\nFront : p\u0142yta MDF 16 mm<br \/>\nN\u00f3\u017cki: metal<br \/>\nUchwyty: metal<\/p>\n","protected":false},"featured_media":99062,"comment_status":"open","ping_status":"closed","template":"","meta":[],"product_brand":[],"product_cat":[189],"product_tag":[],"class_list":{"0":"post-99068","1":"product","2":"type-product","3":"status-publish","4":"has-post-thumbnail","6":"product_cat-ogrod","8":"first","9":"instock","10":"taxable","11":"shipping-taxable","12":"purchasable","13":"product-type-simple"},"_links":{"self":[{"href":"https:\/\/namarstyle.com\/fr\/wp-json\/wp\/v2\/product\/99068","targetHints":{"allow":["GET"]}}],"collection":[{"href":"https:\/\/namarstyle.com\/fr\/wp-json\/wp\/v2\/product"}],"about":[{"href":"https:\/\/namarstyle.com\/fr\/wp-json\/wp\/v2\/types\/product"}],"replies":[{"embeddable":true,"href":"https:\/\/namarstyle.com\/fr\/wp-json\/wp\/v2\/comments?post=99068"}],"version-history":[{"count":0,"href":"https:\/\/namarstyle.com\/fr\/wp-json\/wp\/v2\/product\/99068\/revisions"}],"wp:featuredmedia":[{"embeddable":true,"href":"https:\/\/namarstyle.com\/fr\/wp-json\/wp\/v2\/media\/99062"}],"wp:attachment":[{"href":"https:\/\/namarstyle.com\/fr\/wp-json\/wp\/v2\/media?parent=99068"}],"wp:term":[{"taxonomy":"product_brand","embeddable":true,"href":"https:\/\/namarstyle.com\/fr\/wp-json\/wp\/v2\/product_brand?post=99068"},{"taxonomy":"product_cat","embeddable":true,"href":"https:\/\/namarstyle.com\/fr\/wp-json\/wp\/v2\/product_cat?post=99068"},{"taxonomy":"product_tag","embeddable":true,"href":"https:\/\/namarstyle.com\/fr\/wp-json\/wp\/v2\/product_tag?post=99068"}],"curies":[{"name":"wp","href":"https:\/\/api.w.org\/{rel}","templated":true}]}}