{"id":99061,"date":"2026-04-21T22:59:39","date_gmt":"2026-04-21T20:59:39","guid":{"rendered":"https:\/\/namarstyle.com\/product\/komoda-kairo-180-4d4s-bialy-mat\/"},"modified":"2026-04-21T22:59:39","modified_gmt":"2026-04-21T20:59:39","slug":"komoda-kairo-bialy-mat","status":"publish","type":"product","link":"https:\/\/namarstyle.com\/fr\/product\/komoda-kairo-bialy-mat\/","title":{"rendered":"Komoda Kairo bia\u0142y mat"},"content":{"rendered":"<p>Opis:<\/p>\n<p>Mebel czterodrzwiowy<br \/>\nSzuflady<br \/>\nWewn\u0119trzne p\u00f3\u0142ki<br \/>\nFrezowane fronty<br \/>\nMetalowa rama<br \/>\nSystem PUSH TO OPEN<\/p>\n","protected":false},"excerpt":{"rendered":"<p>Korpus: p\u0142yta laminowana 16 mm, fronty: p\u0142yta MDF 16 mm dekoracyjne frezy, n\u00f3\u017cki: metal<\/p>\n","protected":false},"featured_media":99056,"comment_status":"open","ping_status":"closed","template":"","meta":[],"product_brand":[],"product_cat":[189],"product_tag":[],"class_list":{"0":"post-99061","1":"product","2":"type-product","3":"status-publish","4":"has-post-thumbnail","6":"product_cat-ogrod","8":"first","9":"instock","10":"taxable","11":"shipping-taxable","12":"purchasable","13":"product-type-simple"},"_links":{"self":[{"href":"https:\/\/namarstyle.com\/fr\/wp-json\/wp\/v2\/product\/99061","targetHints":{"allow":["GET"]}}],"collection":[{"href":"https:\/\/namarstyle.com\/fr\/wp-json\/wp\/v2\/product"}],"about":[{"href":"https:\/\/namarstyle.com\/fr\/wp-json\/wp\/v2\/types\/product"}],"replies":[{"embeddable":true,"href":"https:\/\/namarstyle.com\/fr\/wp-json\/wp\/v2\/comments?post=99061"}],"version-history":[{"count":0,"href":"https:\/\/namarstyle.com\/fr\/wp-json\/wp\/v2\/product\/99061\/revisions"}],"wp:featuredmedia":[{"embeddable":true,"href":"https:\/\/namarstyle.com\/fr\/wp-json\/wp\/v2\/media\/99056"}],"wp:attachment":[{"href":"https:\/\/namarstyle.com\/fr\/wp-json\/wp\/v2\/media?parent=99061"}],"wp:term":[{"taxonomy":"product_brand","embeddable":true,"href":"https:\/\/namarstyle.com\/fr\/wp-json\/wp\/v2\/product_brand?post=99061"},{"taxonomy":"product_cat","embeddable":true,"href":"https:\/\/namarstyle.com\/fr\/wp-json\/wp\/v2\/product_cat?post=99061"},{"taxonomy":"product_tag","embeddable":true,"href":"https:\/\/namarstyle.com\/fr\/wp-json\/wp\/v2\/product_tag?post=99061"}],"curies":[{"name":"wp","href":"https:\/\/api.w.org\/{rel}","templated":true}]}}