{"id":99017,"date":"2026-04-21T22:58:01","date_gmt":"2026-04-21T20:58:01","guid":{"rendered":"https:\/\/namarstyle.com\/product\/komoda-aura-kom2d4s-164-dab-artisan\/"},"modified":"2026-04-21T22:58:04","modified_gmt":"2026-04-21T20:58:04","slug":"komoda-aura-dab-artisan-2","status":"publish","type":"product","link":"https:\/\/namarstyle.com\/fr\/product\/komoda-aura-dab-artisan-2\/","title":{"rendered":"Komoda Aura d\u0105b artisan"},"content":{"rendered":"<p>Prezentowana komoda z kolekcji AURA zosta\u0142a wykonana w nowoczesnym stylu oraz kolorystyce. Po\u0142\u0105czenie drewnianego dekoru z matow\u0105 czerni\u0105 b\u0119dzie wsp\u00f3\u0142gra\u0142o w r\u00f3\u017cnorodnych aran\u017cacjach wn\u0119trz takich jak salon, jadalnia, sypialnia, czy pok\u00f3j m\u0142odzie\u017cowy. Prosta bry\u0142a, wyposa\u017cona w bezuchwytowe fronty powoduje, \u017ce mebel jest atrakcyjny i przyci\u0105ga wzrok.<\/p>\n<p>Najwa\u017cniejsze cechy produktu:<\/p>\n<p>Komoda stoj\u0105ca<br \/>\nPosiada dwie zamykane szafki otwierane na boki<br \/>\nPosiada cztery szuflady<\/p>\n","protected":false},"excerpt":{"rendered":"<p>p\u0142yta laminowana 16 mm, HDF p\u0142yta, ABS obrze\u017ca<\/p>\n","protected":false},"featured_media":99014,"comment_status":"open","ping_status":"closed","template":"","meta":[],"product_brand":[],"product_cat":[189],"product_tag":[],"class_list":{"0":"post-99017","1":"product","2":"type-product","3":"status-publish","4":"has-post-thumbnail","6":"product_cat-ogrod","8":"first","9":"instock","10":"taxable","11":"shipping-taxable","12":"purchasable","13":"product-type-simple"},"_links":{"self":[{"href":"https:\/\/namarstyle.com\/fr\/wp-json\/wp\/v2\/product\/99017","targetHints":{"allow":["GET"]}}],"collection":[{"href":"https:\/\/namarstyle.com\/fr\/wp-json\/wp\/v2\/product"}],"about":[{"href":"https:\/\/namarstyle.com\/fr\/wp-json\/wp\/v2\/types\/product"}],"replies":[{"embeddable":true,"href":"https:\/\/namarstyle.com\/fr\/wp-json\/wp\/v2\/comments?post=99017"}],"version-history":[{"count":0,"href":"https:\/\/namarstyle.com\/fr\/wp-json\/wp\/v2\/product\/99017\/revisions"}],"wp:featuredmedia":[{"embeddable":true,"href":"https:\/\/namarstyle.com\/fr\/wp-json\/wp\/v2\/media\/99014"}],"wp:attachment":[{"href":"https:\/\/namarstyle.com\/fr\/wp-json\/wp\/v2\/media?parent=99017"}],"wp:term":[{"taxonomy":"product_brand","embeddable":true,"href":"https:\/\/namarstyle.com\/fr\/wp-json\/wp\/v2\/product_brand?post=99017"},{"taxonomy":"product_cat","embeddable":true,"href":"https:\/\/namarstyle.com\/fr\/wp-json\/wp\/v2\/product_cat?post=99017"},{"taxonomy":"product_tag","embeddable":true,"href":"https:\/\/namarstyle.com\/fr\/wp-json\/wp\/v2\/product_tag?post=99017"}],"curies":[{"name":"wp","href":"https:\/\/api.w.org\/{rel}","templated":true}]}}