{"id":99008,"date":"2026-04-21T22:57:41","date_gmt":"2026-04-21T20:57:41","guid":{"rendered":"https:\/\/namarstyle.com\/product\/polka-wiszaca-aura-150-dab-artisan\/"},"modified":"2026-04-21T22:57:42","modified_gmt":"2026-04-21T20:57:42","slug":"polka-wiszaca-aura-dab-artisan-2","status":"publish","type":"product","link":"https:\/\/namarstyle.com\/fr\/product\/polka-wiszaca-aura-dab-artisan-2\/","title":{"rendered":"P\u00f3\u0142ka wisz\u0105ca Aura d\u0105b artisan"},"content":{"rendered":"<p>Prezentowana p\u00f3\u0142ka z kolekcji AURA zosta\u0142a wykonana w nowoczesnym stylu oraz kolorystyce. Po\u0142\u0105czenie dekoru drewnianego z matow\u0105 czerni\u0105 b\u0119dzie wsp\u00f3\u0142gra\u0142o w r\u00f3\u017cnorodnych aran\u017cacjach wn\u0119trz takich jak salon, jadalnia, sypialnia czy pok\u00f3j m\u0142odzie\u017cowy. Prosta forma p\u00f3\u0142ki powoduje, \u017ce jest atrakcyjna i przyci\u0105ga wzrok.<\/p>\n","protected":false},"excerpt":{"rendered":"<p>p\u0142yta laminowana 16 mm, HDF p\u0142yta, ABS obrze\u017ca<\/p>\n","protected":false},"featured_media":99006,"comment_status":"open","ping_status":"closed","template":"","meta":[],"product_brand":[],"product_cat":[189],"product_tag":[],"class_list":{"0":"post-99008","1":"product","2":"type-product","3":"status-publish","4":"has-post-thumbnail","6":"product_cat-ogrod","8":"first","9":"instock","10":"taxable","11":"shipping-taxable","12":"purchasable","13":"product-type-simple"},"_links":{"self":[{"href":"https:\/\/namarstyle.com\/fr\/wp-json\/wp\/v2\/product\/99008","targetHints":{"allow":["GET"]}}],"collection":[{"href":"https:\/\/namarstyle.com\/fr\/wp-json\/wp\/v2\/product"}],"about":[{"href":"https:\/\/namarstyle.com\/fr\/wp-json\/wp\/v2\/types\/product"}],"replies":[{"embeddable":true,"href":"https:\/\/namarstyle.com\/fr\/wp-json\/wp\/v2\/comments?post=99008"}],"version-history":[{"count":0,"href":"https:\/\/namarstyle.com\/fr\/wp-json\/wp\/v2\/product\/99008\/revisions"}],"wp:featuredmedia":[{"embeddable":true,"href":"https:\/\/namarstyle.com\/fr\/wp-json\/wp\/v2\/media\/99006"}],"wp:attachment":[{"href":"https:\/\/namarstyle.com\/fr\/wp-json\/wp\/v2\/media?parent=99008"}],"wp:term":[{"taxonomy":"product_brand","embeddable":true,"href":"https:\/\/namarstyle.com\/fr\/wp-json\/wp\/v2\/product_brand?post=99008"},{"taxonomy":"product_cat","embeddable":true,"href":"https:\/\/namarstyle.com\/fr\/wp-json\/wp\/v2\/product_cat?post=99008"},{"taxonomy":"product_tag","embeddable":true,"href":"https:\/\/namarstyle.com\/fr\/wp-json\/wp\/v2\/product_tag?post=99008"}],"curies":[{"name":"wp","href":"https:\/\/api.w.org\/{rel}","templated":true}]}}