{"id":99000,"date":"2026-04-21T22:57:24","date_gmt":"2026-04-21T20:57:24","guid":{"rendered":"https:\/\/namarstyle.com\/product\/witryna-wiszaca-aura-150-dab-artisan\/"},"modified":"2026-04-21T22:57:25","modified_gmt":"2026-04-21T20:57:25","slug":"witryna-wiszaca-aura-dab-artisan","status":"publish","type":"product","link":"https:\/\/namarstyle.com\/fr\/product\/witryna-wiszaca-aura-dab-artisan\/","title":{"rendered":"Witryna wisz\u0105ca Aura d\u0105b artisan"},"content":{"rendered":"<p>Prezentowana witryna z kolekcji AURA zosta\u0142a wykonana w nowoczesnym stylu oraz kolorystyce. Po\u0142\u0105czenie dekoru drewnianego z matow\u0105 czerni\u0105 oraz szk\u0142em b\u0119dzie wsp\u00f3\u0142gra\u0142o w r\u00f3\u017cnorodnych aran\u017cacjach wn\u0119trz, takich jak salon i jadalnia. Prosta bry\u0142a, wyposa\u017cona w bezuchwytowe fronty powoduje, \u017ce mebel jest atrakcyjny i przyci\u0105ga wzrok.<\/p>\n<p>Najwa\u017cniejsze cechy produktu:<\/p>\n<p>Witryna stoj\u0105ca lub wisz\u0105ca (do wyboru podczas monta\u017cu)<br \/>\nPosiada dwoje zamykanych drzwiczek (g\u00f3rne z szyb\u0105)<br \/>\nPosiada 4 p\u00f3\u0142ki (2 szklane, 2 z p\u0142yty laminowanej 16 mm)<\/p>\n","protected":false},"excerpt":{"rendered":"<p>p\u0142yta laminowana 16 mm, HDF p\u0142yta, ABS obrze\u017ca<\/p>\n","protected":false},"featured_media":98993,"comment_status":"open","ping_status":"closed","template":"","meta":[],"product_brand":[],"product_cat":[189],"product_tag":[],"class_list":{"0":"post-99000","1":"product","2":"type-product","3":"status-publish","4":"has-post-thumbnail","6":"product_cat-ogrod","8":"first","9":"instock","10":"taxable","11":"shipping-taxable","12":"purchasable","13":"product-type-simple"},"_links":{"self":[{"href":"https:\/\/namarstyle.com\/fr\/wp-json\/wp\/v2\/product\/99000","targetHints":{"allow":["GET"]}}],"collection":[{"href":"https:\/\/namarstyle.com\/fr\/wp-json\/wp\/v2\/product"}],"about":[{"href":"https:\/\/namarstyle.com\/fr\/wp-json\/wp\/v2\/types\/product"}],"replies":[{"embeddable":true,"href":"https:\/\/namarstyle.com\/fr\/wp-json\/wp\/v2\/comments?post=99000"}],"version-history":[{"count":0,"href":"https:\/\/namarstyle.com\/fr\/wp-json\/wp\/v2\/product\/99000\/revisions"}],"wp:featuredmedia":[{"embeddable":true,"href":"https:\/\/namarstyle.com\/fr\/wp-json\/wp\/v2\/media\/98993"}],"wp:attachment":[{"href":"https:\/\/namarstyle.com\/fr\/wp-json\/wp\/v2\/media?parent=99000"}],"wp:term":[{"taxonomy":"product_brand","embeddable":true,"href":"https:\/\/namarstyle.com\/fr\/wp-json\/wp\/v2\/product_brand?post=99000"},{"taxonomy":"product_cat","embeddable":true,"href":"https:\/\/namarstyle.com\/fr\/wp-json\/wp\/v2\/product_cat?post=99000"},{"taxonomy":"product_tag","embeddable":true,"href":"https:\/\/namarstyle.com\/fr\/wp-json\/wp\/v2\/product_tag?post=99000"}],"curies":[{"name":"wp","href":"https:\/\/api.w.org\/{rel}","templated":true}]}}