{"id":98984,"date":"2026-04-21T22:56:40","date_gmt":"2026-04-21T20:56:40","guid":{"rendered":"https:\/\/namarstyle.com\/product\/szafka-rtv-auris-150-cm-z-kominkiem-dab-artisan-czarny-mat\/"},"modified":"2026-04-21T22:56:41","modified_gmt":"2026-04-21T20:56:41","slug":"szafka-rtv-auris-cm-z-kominkiem-dab-artisan-czarny-mat","status":"publish","type":"product","link":"https:\/\/namarstyle.com\/fr\/product\/szafka-rtv-auris-cm-z-kominkiem-dab-artisan-czarny-mat\/","title":{"rendered":"Szafka RTV Auris cm z kominkiem d\u0105b artisan czarny mat"},"content":{"rendered":"<p>Opis:<br \/>\n&#8211; Elegancka dwudrzwiowa szafka RTV<br \/>\n&#8211; Mebel z kominkiem elektrycznym<br \/>\n&#8211; Frezowane fronty<br \/>\n&#8211; System bezuchwytowy, fronty otwierane za pomoc\u0105 systemu push to open<\/p>\n<p>Opis i parametry kominka:<\/p>\n<p>&#8211; Nowoczesny kominek elektryczny zaprojektowany z my\u015bl\u0105 o monta\u017cu we wn\u0119ce \u015bciennej lub dowolnego typu obudowie<br \/>\n&#8211; Kominki obj\u0119te euro gwarancj\u0105 24 m-ce<br \/>\n&#8211; Sterowanie zdalne (pilot) oraz za pomoc\u0105 panelu w prawym g\u00f3rnym rogu<br \/>\n&#8211; Regulacja p\u0142omienia i temperatury<br \/>\n&#8211; Dekoracja paleniska: P\u0142on\u0105ce polana<br \/>\n&#8211; Nie wymaga przewodu kominowego<br \/>\n&#8211; Waga 5,3 kg<br \/>\n&#8211; Moc kominka 1800-2000W<br \/>\n&#8211; Wymiary zewn\u0119trzne: 58,4 x 13 x 43,6 cm<br \/>\n&#8211; Napi\u0119cie \/ cz\u0119stotliwo\u015b\u0107 220V-240V\/ 50Hz<br \/>\n&#8211; Panel sterowania w prawym g\u00f3rnym rogu<br \/>\n&#8211; Wielofunkcyjny pilot zdalnego sterowania<br \/>\n&#8211; Mo\u017cliwo\u015b\u0107 zwi\u0119kszenia\/zmniejszenia efektu ognia<br \/>\n&#8211; Mo\u017cliwo\u015b\u0107 ustawienia godzinnego, dziennego lub tygodniowego timera<br \/>\n&#8211; Ustawienie temperatury grzania pomi\u0119dzy  17\u00b0C a 27\u00b0. Poziom funkcji grzania [W] 1400<br \/>\n&#8211; Kontrola temperatury pomieszczenia, z wykrywaniem otwartego okna<br \/>\n&#8211; Maksymalna ci\u0105g\u0142a moc grzewcza 2,0 kW<br \/>\nZdj\u0119cia przedstawiaj\u0105 maksymaln\u0105 moc \u015bwiat\u0142a kominka<\/p>\n","protected":false},"excerpt":{"rendered":"<p>Korpus i czarne fronty: p\u0142yta laminowana 16 mm; obrze\u017ce ABS 0,6 mm,<br \/>\nFront lamele: p\u0142yta MDF 22 mm,<br \/>\nN\u00f3\u017cki: tworzywo sztuczne<\/p>\n","protected":false},"featured_media":98977,"comment_status":"open","ping_status":"closed","template":"","meta":[],"product_brand":[],"product_cat":[189],"product_tag":[],"class_list":{"0":"post-98984","1":"product","2":"type-product","3":"status-publish","4":"has-post-thumbnail","6":"product_cat-ogrod","8":"first","9":"instock","10":"taxable","11":"shipping-taxable","12":"purchasable","13":"product-type-simple"},"_links":{"self":[{"href":"https:\/\/namarstyle.com\/fr\/wp-json\/wp\/v2\/product\/98984","targetHints":{"allow":["GET"]}}],"collection":[{"href":"https:\/\/namarstyle.com\/fr\/wp-json\/wp\/v2\/product"}],"about":[{"href":"https:\/\/namarstyle.com\/fr\/wp-json\/wp\/v2\/types\/product"}],"replies":[{"embeddable":true,"href":"https:\/\/namarstyle.com\/fr\/wp-json\/wp\/v2\/comments?post=98984"}],"version-history":[{"count":0,"href":"https:\/\/namarstyle.com\/fr\/wp-json\/wp\/v2\/product\/98984\/revisions"}],"wp:featuredmedia":[{"embeddable":true,"href":"https:\/\/namarstyle.com\/fr\/wp-json\/wp\/v2\/media\/98977"}],"wp:attachment":[{"href":"https:\/\/namarstyle.com\/fr\/wp-json\/wp\/v2\/media?parent=98984"}],"wp:term":[{"taxonomy":"product_brand","embeddable":true,"href":"https:\/\/namarstyle.com\/fr\/wp-json\/wp\/v2\/product_brand?post=98984"},{"taxonomy":"product_cat","embeddable":true,"href":"https:\/\/namarstyle.com\/fr\/wp-json\/wp\/v2\/product_cat?post=98984"},{"taxonomy":"product_tag","embeddable":true,"href":"https:\/\/namarstyle.com\/fr\/wp-json\/wp\/v2\/product_tag?post=98984"}],"curies":[{"name":"wp","href":"https:\/\/api.w.org\/{rel}","templated":true}]}}