{"id":98976,"date":"2026-04-21T22:56:21","date_gmt":"2026-04-21T20:56:21","guid":{"rendered":"https:\/\/namarstyle.com\/product\/panel-scienny-auris-2x137-cm-lamele-mdf-dekor-dab\/"},"modified":"2026-04-21T22:56:23","modified_gmt":"2026-04-21T20:56:23","slug":"panel-scienny-auris-cm-lamele-mdf-dekor-dab","status":"publish","type":"product","link":"https:\/\/namarstyle.com\/fr\/product\/panel-scienny-auris-cm-lamele-mdf-dekor-dab\/","title":{"rendered":"Panel \u015bcienny AURIS cm lamele MDF dekor d\u0105b"},"content":{"rendered":"<p>Pi\u0119kny panel dekoracyjny na\u015bcienny stworzony w loftowym stylu, wykonany z wysokiej jako\u015bci p\u0142yty MDF oraz grubej i wytrzyma\u0142ej p\u0142yty HDF. Panele s\u0105 w kolorze naturalnego drewna oraz eleganckiej kontrastowej czerni. B\u0119d\u0105 wspania\u0142\u0105 dekoracj\u0105 w gustownie urz\u0105dzonym salonie. Oferta obejmuje zestaw 2 paneli. Panele mo\u017cna uk\u0142ada\u0107 i dopasowywa\u0107 na wysoko\u015b\u0107 oraz na szeroko\u015b\u0107. Monta\u017cu paneli najlepiej dokona\u0107 przy u\u017cyciu kleju monta\u017cowego dostosowanego do rodzaju \u015bciany\/pod\u0142o\u017ca. Kleju monta\u017cowego nie ma w zestawie.<\/p>\n<p>Panele dobrze pasuj\u0105 do naszej kolekcji mebli Auris &#8211; mo\u017cna je dopasowywa\u0107 jako dekoracja do szafek pod telewizor oraz kom\u00f3d. Z racji na r\u00f3\u017cnic\u0119 w sposobie wykonania kolorystyka mo\u017ce si\u0119 nieznacznie r\u00f3\u017cni\u0107 od wybarwienia mebli.<\/p>\n","protected":false},"excerpt":{"rendered":"<p>Panel HDF, p\u0142yta MDF<\/p>\n","protected":false},"featured_media":98971,"comment_status":"open","ping_status":"closed","template":"","meta":[],"product_brand":[],"product_cat":[189],"product_tag":[],"class_list":{"0":"post-98976","1":"product","2":"type-product","3":"status-publish","4":"has-post-thumbnail","6":"product_cat-ogrod","8":"first","9":"instock","10":"taxable","11":"shipping-taxable","12":"purchasable","13":"product-type-simple"},"_links":{"self":[{"href":"https:\/\/namarstyle.com\/fr\/wp-json\/wp\/v2\/product\/98976","targetHints":{"allow":["GET"]}}],"collection":[{"href":"https:\/\/namarstyle.com\/fr\/wp-json\/wp\/v2\/product"}],"about":[{"href":"https:\/\/namarstyle.com\/fr\/wp-json\/wp\/v2\/types\/product"}],"replies":[{"embeddable":true,"href":"https:\/\/namarstyle.com\/fr\/wp-json\/wp\/v2\/comments?post=98976"}],"version-history":[{"count":0,"href":"https:\/\/namarstyle.com\/fr\/wp-json\/wp\/v2\/product\/98976\/revisions"}],"wp:featuredmedia":[{"embeddable":true,"href":"https:\/\/namarstyle.com\/fr\/wp-json\/wp\/v2\/media\/98971"}],"wp:attachment":[{"href":"https:\/\/namarstyle.com\/fr\/wp-json\/wp\/v2\/media?parent=98976"}],"wp:term":[{"taxonomy":"product_brand","embeddable":true,"href":"https:\/\/namarstyle.com\/fr\/wp-json\/wp\/v2\/product_brand?post=98976"},{"taxonomy":"product_cat","embeddable":true,"href":"https:\/\/namarstyle.com\/fr\/wp-json\/wp\/v2\/product_cat?post=98976"},{"taxonomy":"product_tag","embeddable":true,"href":"https:\/\/namarstyle.com\/fr\/wp-json\/wp\/v2\/product_tag?post=98976"}],"curies":[{"name":"wp","href":"https:\/\/api.w.org\/{rel}","templated":true}]}}