{"id":98966,"date":"2026-04-21T22:55:56","date_gmt":"2026-04-21T20:55:56","guid":{"rendered":"https:\/\/namarstyle.com\/product\/witryna-wiszaca-auris-1d-45-cm-dab-artisan-czarny-mat\/"},"modified":"2026-04-21T22:55:56","modified_gmt":"2026-04-21T20:55:56","slug":"witryna-wiszaca-auris-cm-dab-artisan-czarny-mat","status":"publish","type":"product","link":"https:\/\/namarstyle.com\/fr\/product\/witryna-wiszaca-auris-cm-dab-artisan-czarny-mat\/","title":{"rendered":"Witryna wisz\u0105ca Auris cm d\u0105b artisan czarny mat"},"content":{"rendered":"<p>Przeszklona witryna wisz\u0105ca z atrakcyjnym frezowanym frontem, wykonanym z wysokiej jako\u015bci p\u0142yty MDF. Naturalna kolorystyka d\u0119bu artisan \u0142adnie wsp\u00f3\u0142gra z wyrazist\u0105 czerni\u0105. Witryna jest wyposa\u017cona w cztery p\u00f3\u0142ki. <\/p>\n","protected":false},"excerpt":{"rendered":"<p>Korpus i czarne fronty: p\u0142yta laminowana 16 mm; obrze\u017ce ABS 0,6 mm,<br \/>\nFront lamele: p\u0142yta MDF 22 mm,<br \/>\nN\u00f3\u017cki: tworzywo sztuczne<\/p>\n","protected":false},"featured_media":98964,"comment_status":"open","ping_status":"closed","template":"","meta":[],"product_brand":[],"product_cat":[189],"product_tag":[],"class_list":{"0":"post-98966","1":"product","2":"type-product","3":"status-publish","4":"has-post-thumbnail","6":"product_cat-ogrod","8":"first","9":"instock","10":"taxable","11":"shipping-taxable","12":"purchasable","13":"product-type-simple"},"_links":{"self":[{"href":"https:\/\/namarstyle.com\/fr\/wp-json\/wp\/v2\/product\/98966","targetHints":{"allow":["GET"]}}],"collection":[{"href":"https:\/\/namarstyle.com\/fr\/wp-json\/wp\/v2\/product"}],"about":[{"href":"https:\/\/namarstyle.com\/fr\/wp-json\/wp\/v2\/types\/product"}],"replies":[{"embeddable":true,"href":"https:\/\/namarstyle.com\/fr\/wp-json\/wp\/v2\/comments?post=98966"}],"version-history":[{"count":0,"href":"https:\/\/namarstyle.com\/fr\/wp-json\/wp\/v2\/product\/98966\/revisions"}],"wp:featuredmedia":[{"embeddable":true,"href":"https:\/\/namarstyle.com\/fr\/wp-json\/wp\/v2\/media\/98964"}],"wp:attachment":[{"href":"https:\/\/namarstyle.com\/fr\/wp-json\/wp\/v2\/media?parent=98966"}],"wp:term":[{"taxonomy":"product_brand","embeddable":true,"href":"https:\/\/namarstyle.com\/fr\/wp-json\/wp\/v2\/product_brand?post=98966"},{"taxonomy":"product_cat","embeddable":true,"href":"https:\/\/namarstyle.com\/fr\/wp-json\/wp\/v2\/product_cat?post=98966"},{"taxonomy":"product_tag","embeddable":true,"href":"https:\/\/namarstyle.com\/fr\/wp-json\/wp\/v2\/product_tag?post=98966"}],"curies":[{"name":"wp","href":"https:\/\/api.w.org\/{rel}","templated":true}]}}