{"id":98963,"date":"2026-04-21T22:55:47","date_gmt":"2026-04-21T20:55:47","guid":{"rendered":"https:\/\/namarstyle.com\/product\/komoda-auris-3d3s-180-cm-dab-artisan-czarny-mat\/"},"modified":"2026-04-21T22:55:48","modified_gmt":"2026-04-21T20:55:48","slug":"komoda-auris-cm-dab-artisan-czarny-mat-3","status":"publish","type":"product","link":"https:\/\/namarstyle.com\/fr\/product\/komoda-auris-cm-dab-artisan-czarny-mat-3\/","title":{"rendered":"Komoda Auris cm d\u0105b artisan czarny mat"},"content":{"rendered":"<p>Auris to pi\u0119kna kolekcja do salonu, \u0142\u0105cz\u0105ca w sobie cechy stylu nowoczesnego, loftowego oraz industrialnego. Meble cechuj\u0105 si\u0119 niezwyk\u0142\u0105 elegancj\u0105, co zawdzi\u0119czaj\u0105 wykorzystaniu kolorystyki naturalnego drewna oraz wyrazistej czerni. Cech\u0105 wyr\u00f3\u017cniaj\u0105c\u0105 jest front w formie lameli, wykonanych z wysokiej jako\u015bci p\u0142yty MDF<\/p>\n","protected":false},"excerpt":{"rendered":"<p>Korpus i czarne fronty: p\u0142yta laminowana 16 mm; obrze\u017ce ABS 0,6 mm,<br \/>\nFront lamele: p\u0142yta MDF 22 mm,<br \/>\nN\u00f3\u017cki: tworzywo sztuczne<\/p>\n","protected":false},"featured_media":98960,"comment_status":"open","ping_status":"closed","template":"","meta":[],"product_brand":[],"product_cat":[189],"product_tag":[],"class_list":{"0":"post-98963","1":"product","2":"type-product","3":"status-publish","4":"has-post-thumbnail","6":"product_cat-ogrod","8":"first","9":"instock","10":"taxable","11":"shipping-taxable","12":"purchasable","13":"product-type-simple"},"_links":{"self":[{"href":"https:\/\/namarstyle.com\/fr\/wp-json\/wp\/v2\/product\/98963","targetHints":{"allow":["GET"]}}],"collection":[{"href":"https:\/\/namarstyle.com\/fr\/wp-json\/wp\/v2\/product"}],"about":[{"href":"https:\/\/namarstyle.com\/fr\/wp-json\/wp\/v2\/types\/product"}],"replies":[{"embeddable":true,"href":"https:\/\/namarstyle.com\/fr\/wp-json\/wp\/v2\/comments?post=98963"}],"version-history":[{"count":0,"href":"https:\/\/namarstyle.com\/fr\/wp-json\/wp\/v2\/product\/98963\/revisions"}],"wp:featuredmedia":[{"embeddable":true,"href":"https:\/\/namarstyle.com\/fr\/wp-json\/wp\/v2\/media\/98960"}],"wp:attachment":[{"href":"https:\/\/namarstyle.com\/fr\/wp-json\/wp\/v2\/media?parent=98963"}],"wp:term":[{"taxonomy":"product_brand","embeddable":true,"href":"https:\/\/namarstyle.com\/fr\/wp-json\/wp\/v2\/product_brand?post=98963"},{"taxonomy":"product_cat","embeddable":true,"href":"https:\/\/namarstyle.com\/fr\/wp-json\/wp\/v2\/product_cat?post=98963"},{"taxonomy":"product_tag","embeddable":true,"href":"https:\/\/namarstyle.com\/fr\/wp-json\/wp\/v2\/product_tag?post=98963"}],"curies":[{"name":"wp","href":"https:\/\/api.w.org\/{rel}","templated":true}]}}