{"id":98959,"date":"2026-04-21T22:55:34","date_gmt":"2026-04-21T20:55:34","guid":{"rendered":"https:\/\/namarstyle.com\/product\/komoda-auris-4d-180-cm-dab-artisan-czarny-mat\/"},"modified":"2026-04-21T22:55:35","modified_gmt":"2026-04-21T20:55:35","slug":"komoda-auris-cm-dab-artisan-czarny-mat-2","status":"publish","type":"product","link":"https:\/\/namarstyle.com\/fr\/product\/komoda-auris-cm-dab-artisan-czarny-mat-2\/","title":{"rendered":"Komoda Auris cm d\u0105b artisan czarny mat"},"content":{"rendered":"<p>Praktyczna i elegancka komoda o atrakcyjnym frezowanym froncie, wykonanym z wysokiej jako\u015bci p\u0142yty MDF. Naturalna kolorystyka d\u0119bu artisan \u0142adnie wsp\u00f3\u0142gra z wyrazist\u0105 czerni\u0105. Komoda posiada cztery pojemne schowki oraz dwie otwarte p\u00f3\u0142ki.<\/p>\n","protected":false},"excerpt":{"rendered":"<p>Korpus i czarne fronty: p\u0142yta laminowana 16 mm; obrze\u017ce ABS 0,6 mm,<br \/>\nFront lamele: p\u0142yta MDF 22 mm,<br \/>\nN\u00f3\u017cki: tworzywo sztuczne<\/p>\n","protected":false},"featured_media":98955,"comment_status":"open","ping_status":"closed","template":"","meta":[],"product_brand":[],"product_cat":[189],"product_tag":[],"class_list":{"0":"post-98959","1":"product","2":"type-product","3":"status-publish","4":"has-post-thumbnail","6":"product_cat-ogrod","8":"first","9":"instock","10":"taxable","11":"shipping-taxable","12":"purchasable","13":"product-type-simple"},"_links":{"self":[{"href":"https:\/\/namarstyle.com\/fr\/wp-json\/wp\/v2\/product\/98959","targetHints":{"allow":["GET"]}}],"collection":[{"href":"https:\/\/namarstyle.com\/fr\/wp-json\/wp\/v2\/product"}],"about":[{"href":"https:\/\/namarstyle.com\/fr\/wp-json\/wp\/v2\/types\/product"}],"replies":[{"embeddable":true,"href":"https:\/\/namarstyle.com\/fr\/wp-json\/wp\/v2\/comments?post=98959"}],"version-history":[{"count":0,"href":"https:\/\/namarstyle.com\/fr\/wp-json\/wp\/v2\/product\/98959\/revisions"}],"wp:featuredmedia":[{"embeddable":true,"href":"https:\/\/namarstyle.com\/fr\/wp-json\/wp\/v2\/media\/98955"}],"wp:attachment":[{"href":"https:\/\/namarstyle.com\/fr\/wp-json\/wp\/v2\/media?parent=98959"}],"wp:term":[{"taxonomy":"product_brand","embeddable":true,"href":"https:\/\/namarstyle.com\/fr\/wp-json\/wp\/v2\/product_brand?post=98959"},{"taxonomy":"product_cat","embeddable":true,"href":"https:\/\/namarstyle.com\/fr\/wp-json\/wp\/v2\/product_cat?post=98959"},{"taxonomy":"product_tag","embeddable":true,"href":"https:\/\/namarstyle.com\/fr\/wp-json\/wp\/v2\/product_tag?post=98959"}],"curies":[{"name":"wp","href":"https:\/\/api.w.org\/{rel}","templated":true}]}}