{"id":98889,"date":"2026-04-21T22:52:33","date_gmt":"2026-04-21T20:52:33","guid":{"rendered":"https:\/\/namarstyle.com\/product\/szafka-rtv-anette-151-czarna-wstawka-dab-artisan\/"},"modified":"2026-04-21T22:52:34","modified_gmt":"2026-04-21T20:52:34","slug":"szafka-rtv-anette-czarna-wstawka-dab-artisan","status":"publish","type":"product","link":"https:\/\/namarstyle.com\/fr\/product\/szafka-rtv-anette-czarna-wstawka-dab-artisan\/","title":{"rendered":"Szafka RTV Anette czarna wstawka d\u0105b artisan"},"content":{"rendered":"<p>Posiada trzy zamykane schowki (dwie boczne i jeden \u015brodkowy),<br \/>\nPosiada otwart\u0105 p\u00f3\u0142k\u0119 (\u015brodkowe),<br \/>\nPosiada otw\u00f3r na kable,<\/p>\n","protected":false},"excerpt":{"rendered":"<p>16mm p\u0142yta laminowana, obrze\u017ce ABS, HDF p\u0142yta, n\u00f3\u017cki i uchwyty: plastik <\/p>\n","protected":false},"featured_media":98885,"comment_status":"open","ping_status":"closed","template":"","meta":[],"product_brand":[],"product_cat":[189],"product_tag":[],"class_list":{"0":"post-98889","1":"product","2":"type-product","3":"status-publish","4":"has-post-thumbnail","6":"product_cat-ogrod","8":"first","9":"instock","10":"taxable","11":"shipping-taxable","12":"purchasable","13":"product-type-simple"},"_links":{"self":[{"href":"https:\/\/namarstyle.com\/fr\/wp-json\/wp\/v2\/product\/98889","targetHints":{"allow":["GET"]}}],"collection":[{"href":"https:\/\/namarstyle.com\/fr\/wp-json\/wp\/v2\/product"}],"about":[{"href":"https:\/\/namarstyle.com\/fr\/wp-json\/wp\/v2\/types\/product"}],"replies":[{"embeddable":true,"href":"https:\/\/namarstyle.com\/fr\/wp-json\/wp\/v2\/comments?post=98889"}],"version-history":[{"count":0,"href":"https:\/\/namarstyle.com\/fr\/wp-json\/wp\/v2\/product\/98889\/revisions"}],"wp:featuredmedia":[{"embeddable":true,"href":"https:\/\/namarstyle.com\/fr\/wp-json\/wp\/v2\/media\/98885"}],"wp:attachment":[{"href":"https:\/\/namarstyle.com\/fr\/wp-json\/wp\/v2\/media?parent=98889"}],"wp:term":[{"taxonomy":"product_brand","embeddable":true,"href":"https:\/\/namarstyle.com\/fr\/wp-json\/wp\/v2\/product_brand?post=98889"},{"taxonomy":"product_cat","embeddable":true,"href":"https:\/\/namarstyle.com\/fr\/wp-json\/wp\/v2\/product_cat?post=98889"},{"taxonomy":"product_tag","embeddable":true,"href":"https:\/\/namarstyle.com\/fr\/wp-json\/wp\/v2\/product_tag?post=98889"}],"curies":[{"name":"wp","href":"https:\/\/api.w.org\/{rel}","templated":true}]}}