{"id":98884,"date":"2026-04-21T22:52:23","date_gmt":"2026-04-21T20:52:23","guid":{"rendered":"https:\/\/namarstyle.com\/product\/lawa-stolik-luxi-90x60-cm-dab-artisan-czarny-mat\/"},"modified":"2026-04-21T22:52:23","modified_gmt":"2026-04-21T20:52:23","slug":"lawa-stolik-luxi-cm-dab-artisan-czarny-mat","status":"publish","type":"product","link":"https:\/\/namarstyle.com\/fr\/product\/lawa-stolik-luxi-cm-dab-artisan-czarny-mat\/","title":{"rendered":"\u0141awa stolik LUXI cm d\u0105b artisan \/ czarny mat"},"content":{"rendered":"<p>Stolik na sko\u015bnych, drewnianych n\u00f3\u017ckach<br \/>\nLiczba poziom\u00f3w: 2<br \/>\nP\u00f3\u0142ka pod blatem<\/p>\n","protected":false},"excerpt":{"rendered":"<p>Korpus: p\u0142yta laminowana 16 mm; obrze\u017ce ABS 0,6 mm,<br \/>\nFront: p\u0142yta MDF,<br \/>\nN\u00f3\u017cki: drewniane, o wys. 16 cm.<\/p>\n","protected":false},"featured_media":98878,"comment_status":"open","ping_status":"closed","template":"","meta":[],"product_brand":[],"product_cat":[189],"product_tag":[],"class_list":{"0":"post-98884","1":"product","2":"type-product","3":"status-publish","4":"has-post-thumbnail","6":"product_cat-ogrod","8":"first","9":"instock","10":"taxable","11":"shipping-taxable","12":"purchasable","13":"product-type-simple"},"_links":{"self":[{"href":"https:\/\/namarstyle.com\/fr\/wp-json\/wp\/v2\/product\/98884","targetHints":{"allow":["GET"]}}],"collection":[{"href":"https:\/\/namarstyle.com\/fr\/wp-json\/wp\/v2\/product"}],"about":[{"href":"https:\/\/namarstyle.com\/fr\/wp-json\/wp\/v2\/types\/product"}],"replies":[{"embeddable":true,"href":"https:\/\/namarstyle.com\/fr\/wp-json\/wp\/v2\/comments?post=98884"}],"version-history":[{"count":0,"href":"https:\/\/namarstyle.com\/fr\/wp-json\/wp\/v2\/product\/98884\/revisions"}],"wp:featuredmedia":[{"embeddable":true,"href":"https:\/\/namarstyle.com\/fr\/wp-json\/wp\/v2\/media\/98878"}],"wp:attachment":[{"href":"https:\/\/namarstyle.com\/fr\/wp-json\/wp\/v2\/media?parent=98884"}],"wp:term":[{"taxonomy":"product_brand","embeddable":true,"href":"https:\/\/namarstyle.com\/fr\/wp-json\/wp\/v2\/product_brand?post=98884"},{"taxonomy":"product_cat","embeddable":true,"href":"https:\/\/namarstyle.com\/fr\/wp-json\/wp\/v2\/product_cat?post=98884"},{"taxonomy":"product_tag","embeddable":true,"href":"https:\/\/namarstyle.com\/fr\/wp-json\/wp\/v2\/product_tag?post=98884"}],"curies":[{"name":"wp","href":"https:\/\/api.w.org\/{rel}","templated":true}]}}