{"id":98874,"date":"2026-04-21T22:52:04","date_gmt":"2026-04-21T20:52:04","guid":{"rendered":"https:\/\/namarstyle.com\/product\/komoda-luxi-4d-195-cm-dab-artisan-czarny-mat\/"},"modified":"2026-04-21T22:52:07","modified_gmt":"2026-04-21T20:52:07","slug":"komoda-luxi-cm-dab-artisan-czarny-mat-2","status":"publish","type":"product","link":"https:\/\/namarstyle.com\/fr\/product\/komoda-luxi-cm-dab-artisan-czarny-mat-2\/","title":{"rendered":"Komoda LUXI cm d\u0105b artisan \/ czarny mat"},"content":{"rendered":"<p>Szafka na sko\u015bnych, drewnianych n\u00f3\u017ckach<br \/>\nCztery zamkni\u0119te szafki<br \/>\nDwie otwarte p\u00f3\u0142ki<br \/>\nSystem bezuchwytowy: fronty otwierane za pomoc\u0105 systemu push to open<br \/>\nZawiasy: z cichym domykiem<\/p>\n","protected":false},"excerpt":{"rendered":"<p>Korpus: p\u0142yta laminowana 16 mm; obrze\u017ce ABS 0,6 mm,<br \/>\nFront: p\u0142yta MDF,<br \/>\nN\u00f3\u017cki: drewniane, o wys. 16 cm.<\/p>\n","protected":false},"featured_media":95338,"comment_status":"open","ping_status":"closed","template":"","meta":[],"product_brand":[],"product_cat":[189],"product_tag":[],"class_list":{"0":"post-98874","1":"product","2":"type-product","3":"status-publish","4":"has-post-thumbnail","6":"product_cat-ogrod","8":"first","9":"instock","10":"taxable","11":"shipping-taxable","12":"purchasable","13":"product-type-simple"},"_links":{"self":[{"href":"https:\/\/namarstyle.com\/fr\/wp-json\/wp\/v2\/product\/98874","targetHints":{"allow":["GET"]}}],"collection":[{"href":"https:\/\/namarstyle.com\/fr\/wp-json\/wp\/v2\/product"}],"about":[{"href":"https:\/\/namarstyle.com\/fr\/wp-json\/wp\/v2\/types\/product"}],"replies":[{"embeddable":true,"href":"https:\/\/namarstyle.com\/fr\/wp-json\/wp\/v2\/comments?post=98874"}],"version-history":[{"count":0,"href":"https:\/\/namarstyle.com\/fr\/wp-json\/wp\/v2\/product\/98874\/revisions"}],"wp:featuredmedia":[{"embeddable":true,"href":"https:\/\/namarstyle.com\/fr\/wp-json\/wp\/v2\/media\/95338"}],"wp:attachment":[{"href":"https:\/\/namarstyle.com\/fr\/wp-json\/wp\/v2\/media?parent=98874"}],"wp:term":[{"taxonomy":"product_brand","embeddable":true,"href":"https:\/\/namarstyle.com\/fr\/wp-json\/wp\/v2\/product_brand?post=98874"},{"taxonomy":"product_cat","embeddable":true,"href":"https:\/\/namarstyle.com\/fr\/wp-json\/wp\/v2\/product_cat?post=98874"},{"taxonomy":"product_tag","embeddable":true,"href":"https:\/\/namarstyle.com\/fr\/wp-json\/wp\/v2\/product_tag?post=98874"}],"curies":[{"name":"wp","href":"https:\/\/api.w.org\/{rel}","templated":true}]}}