{"id":98869,"date":"2026-04-21T22:52:04","date_gmt":"2026-04-21T20:52:04","guid":{"rendered":"https:\/\/namarstyle.com\/product\/stolik-na-kolkach-trasco-1-dab-sonoma\/"},"modified":"2026-04-21T22:52:07","modified_gmt":"2026-04-21T20:52:07","slug":"stolik-na-kolkach-trasco-dab-sonoma-2","status":"publish","type":"product","link":"https:\/\/namarstyle.com\/fr\/product\/stolik-na-kolkach-trasco-dab-sonoma-2\/","title":{"rendered":"Stolik na k\u00f3\u0142kach Trasco d\u0105b sonoma"},"content":{"rendered":"<p>Stolik na k\u00f3\u0142kach (k\u00f3\u0142ka s\u0105 montowane opcjonalnie)<br \/>\nPosiada 2 p\u00f3\u0142ki<br \/>\nStolik dostawiany<\/p>\n","protected":false},"excerpt":{"rendered":"<p>P\u0142yta laminowana 16 mm<br \/>\nObrze\u017ca ABS<br \/>\nP\u0142yta HDF<\/p>\n","protected":false},"featured_media":95264,"comment_status":"open","ping_status":"closed","template":"","meta":[],"product_brand":[],"product_cat":[189],"product_tag":[],"class_list":{"0":"post-98869","1":"product","2":"type-product","3":"status-publish","4":"has-post-thumbnail","6":"product_cat-ogrod","8":"first","9":"instock","10":"taxable","11":"shipping-taxable","12":"purchasable","13":"product-type-simple"},"_links":{"self":[{"href":"https:\/\/namarstyle.com\/fr\/wp-json\/wp\/v2\/product\/98869","targetHints":{"allow":["GET"]}}],"collection":[{"href":"https:\/\/namarstyle.com\/fr\/wp-json\/wp\/v2\/product"}],"about":[{"href":"https:\/\/namarstyle.com\/fr\/wp-json\/wp\/v2\/types\/product"}],"replies":[{"embeddable":true,"href":"https:\/\/namarstyle.com\/fr\/wp-json\/wp\/v2\/comments?post=98869"}],"version-history":[{"count":0,"href":"https:\/\/namarstyle.com\/fr\/wp-json\/wp\/v2\/product\/98869\/revisions"}],"wp:featuredmedia":[{"embeddable":true,"href":"https:\/\/namarstyle.com\/fr\/wp-json\/wp\/v2\/media\/95264"}],"wp:attachment":[{"href":"https:\/\/namarstyle.com\/fr\/wp-json\/wp\/v2\/media?parent=98869"}],"wp:term":[{"taxonomy":"product_brand","embeddable":true,"href":"https:\/\/namarstyle.com\/fr\/wp-json\/wp\/v2\/product_brand?post=98869"},{"taxonomy":"product_cat","embeddable":true,"href":"https:\/\/namarstyle.com\/fr\/wp-json\/wp\/v2\/product_cat?post=98869"},{"taxonomy":"product_tag","embeddable":true,"href":"https:\/\/namarstyle.com\/fr\/wp-json\/wp\/v2\/product_tag?post=98869"}],"curies":[{"name":"wp","href":"https:\/\/api.w.org\/{rel}","templated":true}]}}