{"id":98852,"date":"2026-04-21T22:51:58","date_gmt":"2026-04-21T20:51:58","guid":{"rendered":"https:\/\/namarstyle.com\/product\/komoda-mondi-188-dab-artisan-czarny\/"},"modified":"2026-04-21T22:51:59","modified_gmt":"2026-04-21T20:51:59","slug":"komoda-mondi-dab-artisan-czarny-2","status":"publish","type":"product","link":"https:\/\/namarstyle.com\/fr\/product\/komoda-mondi-dab-artisan-czarny-2\/","title":{"rendered":"Komoda Mondi dab artisan czarny"},"content":{"rendered":"<p>Charakterystyczne nogi gwarantuj\u0105ce du\u017c\u0105 stabilno\u015b\u0107 (dodatkowa podp\u00f3rka na \u015brodku),<br \/>\nPosiada cztery zamykane p\u00f3\u0142ki (dwie boczne i dwie \u015brodkowe otwierane do do\u0142u),<br \/>\nPosiada cztery otwarte p\u00f3\u0142ki,<br \/>\nBezuchwytowe otwieranie<\/p>\n","protected":false},"excerpt":{"rendered":"<p>p\u0142yta laminowana 16 mm, HDF p\u0142yta, ABS obrze\u017ca<\/p>\n","protected":false},"featured_media":95020,"comment_status":"open","ping_status":"closed","template":"","meta":[],"product_brand":[],"product_cat":[189],"product_tag":[],"class_list":{"0":"post-98852","1":"product","2":"type-product","3":"status-publish","4":"has-post-thumbnail","6":"product_cat-ogrod","8":"first","9":"instock","10":"taxable","11":"shipping-taxable","12":"purchasable","13":"product-type-simple"},"_links":{"self":[{"href":"https:\/\/namarstyle.com\/fr\/wp-json\/wp\/v2\/product\/98852","targetHints":{"allow":["GET"]}}],"collection":[{"href":"https:\/\/namarstyle.com\/fr\/wp-json\/wp\/v2\/product"}],"about":[{"href":"https:\/\/namarstyle.com\/fr\/wp-json\/wp\/v2\/types\/product"}],"replies":[{"embeddable":true,"href":"https:\/\/namarstyle.com\/fr\/wp-json\/wp\/v2\/comments?post=98852"}],"version-history":[{"count":0,"href":"https:\/\/namarstyle.com\/fr\/wp-json\/wp\/v2\/product\/98852\/revisions"}],"wp:featuredmedia":[{"embeddable":true,"href":"https:\/\/namarstyle.com\/fr\/wp-json\/wp\/v2\/media\/95020"}],"wp:attachment":[{"href":"https:\/\/namarstyle.com\/fr\/wp-json\/wp\/v2\/media?parent=98852"}],"wp:term":[{"taxonomy":"product_brand","embeddable":true,"href":"https:\/\/namarstyle.com\/fr\/wp-json\/wp\/v2\/product_brand?post=98852"},{"taxonomy":"product_cat","embeddable":true,"href":"https:\/\/namarstyle.com\/fr\/wp-json\/wp\/v2\/product_cat?post=98852"},{"taxonomy":"product_tag","embeddable":true,"href":"https:\/\/namarstyle.com\/fr\/wp-json\/wp\/v2\/product_tag?post=98852"}],"curies":[{"name":"wp","href":"https:\/\/api.w.org\/{rel}","templated":true}]}}