{"id":98837,"date":"2026-04-21T22:51:50","date_gmt":"2026-04-21T20:51:50","guid":{"rendered":"https:\/\/namarstyle.com\/product\/podwojny-stolik-kawowy-nuka-m-60x60-cm-dab-artisan\/"},"modified":"2026-04-21T22:51:53","modified_gmt":"2026-04-21T20:51:53","slug":"podwojny-stolik-kawowy-nuka-m-cm-dab-artisan","status":"publish","type":"product","link":"https:\/\/namarstyle.com\/fr\/product\/podwojny-stolik-kawowy-nuka-m-cm-dab-artisan\/","title":{"rendered":"Podw\u00f3jny Stolik kawowy NUKA M cm d\u0105b artisan"},"content":{"rendered":"<p>Podw\u00f3jny stolik kawowy<\/p>\n","protected":false},"excerpt":{"rendered":"<p>p\u0142yta laminowana 16 mm, HDF p\u0142yta, ABS obrze\u017ca<\/p>\n","protected":false},"featured_media":94848,"comment_status":"open","ping_status":"closed","template":"","meta":[],"product_brand":[],"product_cat":[189],"product_tag":[],"class_list":{"0":"post-98837","1":"product","2":"type-product","3":"status-publish","4":"has-post-thumbnail","6":"product_cat-ogrod","8":"first","9":"instock","10":"taxable","11":"shipping-taxable","12":"purchasable","13":"product-type-simple"},"_links":{"self":[{"href":"https:\/\/namarstyle.com\/fr\/wp-json\/wp\/v2\/product\/98837","targetHints":{"allow":["GET"]}}],"collection":[{"href":"https:\/\/namarstyle.com\/fr\/wp-json\/wp\/v2\/product"}],"about":[{"href":"https:\/\/namarstyle.com\/fr\/wp-json\/wp\/v2\/types\/product"}],"replies":[{"embeddable":true,"href":"https:\/\/namarstyle.com\/fr\/wp-json\/wp\/v2\/comments?post=98837"}],"version-history":[{"count":0,"href":"https:\/\/namarstyle.com\/fr\/wp-json\/wp\/v2\/product\/98837\/revisions"}],"wp:featuredmedia":[{"embeddable":true,"href":"https:\/\/namarstyle.com\/fr\/wp-json\/wp\/v2\/media\/94848"}],"wp:attachment":[{"href":"https:\/\/namarstyle.com\/fr\/wp-json\/wp\/v2\/media?parent=98837"}],"wp:term":[{"taxonomy":"product_brand","embeddable":true,"href":"https:\/\/namarstyle.com\/fr\/wp-json\/wp\/v2\/product_brand?post=98837"},{"taxonomy":"product_cat","embeddable":true,"href":"https:\/\/namarstyle.com\/fr\/wp-json\/wp\/v2\/product_cat?post=98837"},{"taxonomy":"product_tag","embeddable":true,"href":"https:\/\/namarstyle.com\/fr\/wp-json\/wp\/v2\/product_tag?post=98837"}],"curies":[{"name":"wp","href":"https:\/\/api.w.org\/{rel}","templated":true}]}}