{"id":98830,"date":"2026-04-21T22:51:46","date_gmt":"2026-04-21T20:51:46","guid":{"rendered":"https:\/\/namarstyle.com\/product\/witryna-nuka-e-dab-artisan\/"},"modified":"2026-04-21T22:51:46","modified_gmt":"2026-04-21T20:51:46","slug":"witryna-nuka-e-dab-artisan","status":"publish","type":"product","link":"https:\/\/namarstyle.com\/fr\/product\/witryna-nuka-e-dab-artisan\/","title":{"rendered":"Witryna Nuka E d\u0105b artisan"},"content":{"rendered":"<p>Charakterystyczne nogi gwarantuj\u0105ce du\u017c\u0105 stabilno\u015b\u0107,<br \/>\nPosiada dwie zakryte p\u00f3\u0142ki,<br \/>\nPosiada dwie szklane p\u00f3\u0142ki,<br \/>\nCzarne uchwyty systemu box<\/p>\n","protected":false},"excerpt":{"rendered":"<p>16mm p\u0142yta laminowana, ABS edges, HDF p\u0142yta, n\u00f3\u017cki: p\u0142yta laminowana <\/p>\n","protected":false},"featured_media":94826,"comment_status":"open","ping_status":"closed","template":"","meta":[],"product_brand":[],"product_cat":[189],"product_tag":[],"class_list":{"0":"post-98830","1":"product","2":"type-product","3":"status-publish","4":"has-post-thumbnail","6":"product_cat-ogrod","8":"first","9":"instock","10":"taxable","11":"shipping-taxable","12":"purchasable","13":"product-type-simple"},"_links":{"self":[{"href":"https:\/\/namarstyle.com\/fr\/wp-json\/wp\/v2\/product\/98830","targetHints":{"allow":["GET"]}}],"collection":[{"href":"https:\/\/namarstyle.com\/fr\/wp-json\/wp\/v2\/product"}],"about":[{"href":"https:\/\/namarstyle.com\/fr\/wp-json\/wp\/v2\/types\/product"}],"replies":[{"embeddable":true,"href":"https:\/\/namarstyle.com\/fr\/wp-json\/wp\/v2\/comments?post=98830"}],"version-history":[{"count":0,"href":"https:\/\/namarstyle.com\/fr\/wp-json\/wp\/v2\/product\/98830\/revisions"}],"wp:featuredmedia":[{"embeddable":true,"href":"https:\/\/namarstyle.com\/fr\/wp-json\/wp\/v2\/media\/94826"}],"wp:attachment":[{"href":"https:\/\/namarstyle.com\/fr\/wp-json\/wp\/v2\/media?parent=98830"}],"wp:term":[{"taxonomy":"product_brand","embeddable":true,"href":"https:\/\/namarstyle.com\/fr\/wp-json\/wp\/v2\/product_brand?post=98830"},{"taxonomy":"product_cat","embeddable":true,"href":"https:\/\/namarstyle.com\/fr\/wp-json\/wp\/v2\/product_cat?post=98830"},{"taxonomy":"product_tag","embeddable":true,"href":"https:\/\/namarstyle.com\/fr\/wp-json\/wp\/v2\/product_tag?post=98830"}],"curies":[{"name":"wp","href":"https:\/\/api.w.org\/{rel}","templated":true}]}}