{"id":98825,"date":"2026-04-21T22:51:45","date_gmt":"2026-04-21T20:51:45","guid":{"rendered":"https:\/\/namarstyle.com\/product\/szafka-rtv-nuka-200-cm-bialy-mat\/"},"modified":"2026-04-21T22:51:46","modified_gmt":"2026-04-21T20:51:46","slug":"szafka-rtv-nuka-cm-bialy-mat","status":"publish","type":"product","link":"https:\/\/namarstyle.com\/fr\/product\/szafka-rtv-nuka-cm-bialy-mat\/","title":{"rendered":"Szafka RTV Nuka cm bia\u0142y mat"},"content":{"rendered":"<p>Charakterystyczne nogi gwarantuj\u0105ce du\u017c\u0105 stabilno\u015b\u0107 (dodatkowa podp\u00f3rka na \u015brodku),<br \/>\nPosiada trzy zamykane p\u00f3\u0142ki (dwie boczne i jedn\u0105 \u015brodkow\u0105),<br \/>\nPosiada jedn\u0105 otwart\u0105 p\u00f3\u0142k\u0119,<br \/>\nPosiada otw\u00f3r na kable,<br \/>\nCzarne uchwyty systemu box<\/p>\n","protected":false},"excerpt":{"rendered":"<p>16mm p\u0142yta laminowana, ABS edges, HDF p\u0142yta, n\u00f3\u017cki: p\u0142yta laminowana <\/p>\n","protected":false},"featured_media":0,"comment_status":"open","ping_status":"closed","template":"","meta":[],"product_brand":[],"product_cat":[189],"product_tag":[],"class_list":{"0":"post-98825","1":"product","2":"type-product","3":"status-publish","5":"product_cat-ogrod","7":"first","8":"instock","9":"taxable","10":"shipping-taxable","11":"purchasable","12":"product-type-simple"},"_links":{"self":[{"href":"https:\/\/namarstyle.com\/fr\/wp-json\/wp\/v2\/product\/98825","targetHints":{"allow":["GET"]}}],"collection":[{"href":"https:\/\/namarstyle.com\/fr\/wp-json\/wp\/v2\/product"}],"about":[{"href":"https:\/\/namarstyle.com\/fr\/wp-json\/wp\/v2\/types\/product"}],"replies":[{"embeddable":true,"href":"https:\/\/namarstyle.com\/fr\/wp-json\/wp\/v2\/comments?post=98825"}],"version-history":[{"count":0,"href":"https:\/\/namarstyle.com\/fr\/wp-json\/wp\/v2\/product\/98825\/revisions"}],"wp:attachment":[{"href":"https:\/\/namarstyle.com\/fr\/wp-json\/wp\/v2\/media?parent=98825"}],"wp:term":[{"taxonomy":"product_brand","embeddable":true,"href":"https:\/\/namarstyle.com\/fr\/wp-json\/wp\/v2\/product_brand?post=98825"},{"taxonomy":"product_cat","embeddable":true,"href":"https:\/\/namarstyle.com\/fr\/wp-json\/wp\/v2\/product_cat?post=98825"},{"taxonomy":"product_tag","embeddable":true,"href":"https:\/\/namarstyle.com\/fr\/wp-json\/wp\/v2\/product_tag?post=98825"}],"curies":[{"name":"wp","href":"https:\/\/api.w.org\/{rel}","templated":true}]}}