{"id":98818,"date":"2026-04-21T22:51:41","date_gmt":"2026-04-21T20:51:41","guid":{"rendered":"https:\/\/namarstyle.com\/product\/komoda-bello-bianco-2\/"},"modified":"2026-04-21T22:51:42","modified_gmt":"2026-04-21T20:51:42","slug":"komoda-bello-bianco","status":"publish","type":"product","link":"https:\/\/namarstyle.com\/fr\/product\/komoda-bello-bianco\/","title":{"rendered":"Komoda Bello Bianco"},"content":{"rendered":"<p>system cichego domyku w drzwiczkach i szufladach,<br \/>\nfronty bezuchwytowe otwieranie za pomoc\u0105 ryflowa\u0144,<br \/>\nkomoda zawiera trzy szuflady oraz p\u00f3\u0142k\u0119 za frontem<\/p>\n","protected":false},"excerpt":{"rendered":"<p>p\u0142yta laminowana \/ MDF 16 mm, HDF p\u0142yta, ABS obrze\u017ca, wysoki po\u0142ysk fronty <\/p>\n","protected":false},"featured_media":94778,"comment_status":"open","ping_status":"closed","template":"","meta":[],"product_brand":[],"product_cat":[189],"product_tag":[],"class_list":{"0":"post-98818","1":"product","2":"type-product","3":"status-publish","4":"has-post-thumbnail","6":"product_cat-ogrod","8":"first","9":"instock","10":"taxable","11":"shipping-taxable","12":"purchasable","13":"product-type-simple"},"_links":{"self":[{"href":"https:\/\/namarstyle.com\/fr\/wp-json\/wp\/v2\/product\/98818","targetHints":{"allow":["GET"]}}],"collection":[{"href":"https:\/\/namarstyle.com\/fr\/wp-json\/wp\/v2\/product"}],"about":[{"href":"https:\/\/namarstyle.com\/fr\/wp-json\/wp\/v2\/types\/product"}],"replies":[{"embeddable":true,"href":"https:\/\/namarstyle.com\/fr\/wp-json\/wp\/v2\/comments?post=98818"}],"version-history":[{"count":0,"href":"https:\/\/namarstyle.com\/fr\/wp-json\/wp\/v2\/product\/98818\/revisions"}],"wp:featuredmedia":[{"embeddable":true,"href":"https:\/\/namarstyle.com\/fr\/wp-json\/wp\/v2\/media\/94778"}],"wp:attachment":[{"href":"https:\/\/namarstyle.com\/fr\/wp-json\/wp\/v2\/media?parent=98818"}],"wp:term":[{"taxonomy":"product_brand","embeddable":true,"href":"https:\/\/namarstyle.com\/fr\/wp-json\/wp\/v2\/product_brand?post=98818"},{"taxonomy":"product_cat","embeddable":true,"href":"https:\/\/namarstyle.com\/fr\/wp-json\/wp\/v2\/product_cat?post=98818"},{"taxonomy":"product_tag","embeddable":true,"href":"https:\/\/namarstyle.com\/fr\/wp-json\/wp\/v2\/product_tag?post=98818"}],"curies":[{"name":"wp","href":"https:\/\/api.w.org\/{rel}","templated":true}]}}