{"id":102043,"date":"2026-04-27T18:17:01","date_gmt":"2026-04-27T16:17:01","guid":{"rendered":"https:\/\/namarstyle.com\/product\/stelaz-elektryczny-do-biurka-z-regulacja-wysokosci-rxd1\/"},"modified":"2026-04-28T05:49:13","modified_gmt":"2026-04-28T03:49:13","slug":"stelaz-elektryczny-do-biurka-z-regulacja-wysokosci-2","status":"publish","type":"product","link":"https:\/\/namarstyle.com\/fr\/product\/stelaz-elektryczny-do-biurka-z-regulacja-wysokosci-2\/","title":{"rendered":"Stela\u017c elektryczny do biurka z regulacj\u0105 wysoko\u015bci"},"content":{"rendered":"<p>Opis:<\/p>\n<p>&#8211; Mo\u017cliwo\u015b\u0107 pracy na stoj\u0105co<br \/>\n&#8211; Funkcja regulacji wysoko\u015bci<br \/>\n&#8211; Funkcja pami\u0119ci wysoko\u015bci<br \/>\n&#8211; Uniwersalno\u015b\u0107 \u2013 do stela\u017cu mo\u017cna u\u017cy\u0107 dowolnego blatu<br \/>\n&#8211; Pewno\u015b\u0107 i stabilno\u015b\u0107<br \/>\n&#8211; Stela\u017ce nie wywo\u0142uj\u0105 drga\u0144<br \/>\n&#8211; Sterownik mo\u017cna zamontowa\u0107 w dowolnym miejscu<\/p>\n<p>Stela\u017c 1-silnikowy parametry:<\/p>\n<p>&#8211; Rodzaj nap\u0119du: pojedynczy silnik<br \/>\n&#8211; Belka rozci\u0105gaj\u0105ca: rozsuwana<br \/>\n&#8211; Sterowanie: wy\u015bwietlacz LED z 2 pami\u0119ciami<br \/>\n&#8211; Funkcje: pami\u0119\u0107 wysoko\u015bci, blokada dla dzieci, system antykolizyjny<br \/>\n&#8211; No\u015bno\u015b\u0107: 70 kg<br \/>\n&#8211; Pr\u0119dko\u015b\u0107: 28 mm\/s<br \/>\n&#8211; Poziom ha\u0142asu: &lt;50 dB<br \/>\n&#8211; Napi\u0119cie wej\u015bciowe: AC110V-AC230V<br \/>\n&#8211; Cykl pracy: 10%, czyli 2 minuty w\u0142\u0105czony \/ 18 minut wy\u0142\u0105czony<br \/>\n&#8211; Kabel zasilaj\u0105cy<\/p>\n","protected":false},"excerpt":{"rendered":"<p>Metal<\/p>\n","protected":false},"featured_media":102038,"comment_status":"open","ping_status":"closed","template":"","meta":[],"product_brand":[],"product_cat":[189],"product_tag":[],"class_list":{"0":"post-102043","1":"product","2":"type-product","3":"status-publish","4":"has-post-thumbnail","6":"product_cat-ogrod","8":"first","9":"instock","10":"taxable","11":"shipping-taxable","12":"purchasable","13":"product-type-simple"},"_links":{"self":[{"href":"https:\/\/namarstyle.com\/fr\/wp-json\/wp\/v2\/product\/102043","targetHints":{"allow":["GET"]}}],"collection":[{"href":"https:\/\/namarstyle.com\/fr\/wp-json\/wp\/v2\/product"}],"about":[{"href":"https:\/\/namarstyle.com\/fr\/wp-json\/wp\/v2\/types\/product"}],"replies":[{"embeddable":true,"href":"https:\/\/namarstyle.com\/fr\/wp-json\/wp\/v2\/comments?post=102043"}],"version-history":[{"count":1,"href":"https:\/\/namarstyle.com\/fr\/wp-json\/wp\/v2\/product\/102043\/revisions"}],"predecessor-version":[{"id":102337,"href":"https:\/\/namarstyle.com\/fr\/wp-json\/wp\/v2\/product\/102043\/revisions\/102337"}],"wp:featuredmedia":[{"embeddable":true,"href":"https:\/\/namarstyle.com\/fr\/wp-json\/wp\/v2\/media\/102038"}],"wp:attachment":[{"href":"https:\/\/namarstyle.com\/fr\/wp-json\/wp\/v2\/media?parent=102043"}],"wp:term":[{"taxonomy":"product_brand","embeddable":true,"href":"https:\/\/namarstyle.com\/fr\/wp-json\/wp\/v2\/product_brand?post=102043"},{"taxonomy":"product_cat","embeddable":true,"href":"https:\/\/namarstyle.com\/fr\/wp-json\/wp\/v2\/product_cat?post=102043"},{"taxonomy":"product_tag","embeddable":true,"href":"https:\/\/namarstyle.com\/fr\/wp-json\/wp\/v2\/product_tag?post=102043"}],"curies":[{"name":"wp","href":"https:\/\/api.w.org\/{rel}","templated":true}]}}