{"id":101914,"date":"2026-04-27T18:12:39","date_gmt":"2026-04-27T16:12:39","guid":{"rendered":"https:\/\/namarstyle.com\/product\/kanapa-sofa-nesso-130\/"},"modified":"2026-04-29T17:58:59","modified_gmt":"2026-04-29T15:58:59","slug":"kanapa-sofa-nesso-11","status":"publish","type":"product","link":"https:\/\/namarstyle.com\/fr\/product\/kanapa-sofa-nesso-11\/","title":{"rendered":"Kanapa sofa Nesso"},"content":{"rendered":"<p>Powierzchnia spania: 130&#215;195, posiada pojemnik na po\u015bciel, \u0142adowno\u015b\u0107 120 kg na osob\u0119<\/p>\n","protected":false},"excerpt":{"rendered":"<p>Siedzisko: spr\u0119\u017cyna falista, rama: drewno sosnowe i bukowe, poduszki: kulka silikonowa 100%, nogi: metal\/plastik<\/p>\n","protected":false},"featured_media":101908,"comment_status":"open","ping_status":"closed","template":"","meta":[],"product_brand":[],"product_cat":[231],"product_tag":[],"class_list":{"0":"post-101914","1":"product","2":"type-product","3":"status-publish","4":"has-post-thumbnail","6":"product_cat-sofy","8":"first","9":"instock","10":"taxable","11":"shipping-taxable","12":"purchasable","13":"product-type-simple"},"_links":{"self":[{"href":"https:\/\/namarstyle.com\/fr\/wp-json\/wp\/v2\/product\/101914","targetHints":{"allow":["GET"]}}],"collection":[{"href":"https:\/\/namarstyle.com\/fr\/wp-json\/wp\/v2\/product"}],"about":[{"href":"https:\/\/namarstyle.com\/fr\/wp-json\/wp\/v2\/types\/product"}],"replies":[{"embeddable":true,"href":"https:\/\/namarstyle.com\/fr\/wp-json\/wp\/v2\/comments?post=101914"}],"version-history":[{"count":2,"href":"https:\/\/namarstyle.com\/fr\/wp-json\/wp\/v2\/product\/101914\/revisions"}],"predecessor-version":[{"id":102472,"href":"https:\/\/namarstyle.com\/fr\/wp-json\/wp\/v2\/product\/101914\/revisions\/102472"}],"wp:featuredmedia":[{"embeddable":true,"href":"https:\/\/namarstyle.com\/fr\/wp-json\/wp\/v2\/media\/101908"}],"wp:attachment":[{"href":"https:\/\/namarstyle.com\/fr\/wp-json\/wp\/v2\/media?parent=101914"}],"wp:term":[{"taxonomy":"product_brand","embeddable":true,"href":"https:\/\/namarstyle.com\/fr\/wp-json\/wp\/v2\/product_brand?post=101914"},{"taxonomy":"product_cat","embeddable":true,"href":"https:\/\/namarstyle.com\/fr\/wp-json\/wp\/v2\/product_cat?post=101914"},{"taxonomy":"product_tag","embeddable":true,"href":"https:\/\/namarstyle.com\/fr\/wp-json\/wp\/v2\/product_tag?post=101914"}],"curies":[{"name":"wp","href":"https:\/\/api.w.org\/{rel}","templated":true}]}}