{"id":101838,"date":"2026-04-27T18:10:37","date_gmt":"2026-04-27T16:10:37","guid":{"rendered":"https:\/\/namarstyle.com\/product\/kanapa-sofa-nicola-3dl\/"},"modified":"2026-04-29T18:03:09","modified_gmt":"2026-04-29T16:03:09","slug":"kanapa-sofa-nicola-3","status":"publish","type":"product","link":"https:\/\/namarstyle.com\/fr\/product\/kanapa-sofa-nicola-3\/","title":{"rendered":"Kanapa sofa Nicola"},"content":{"rendered":"<p>Powierzchnia spania: 145&#215;200, posiada pojemnik na po\u015bciel, no\u015bno\u015b\u0107 120 kg na osob\u0119<\/p>\n","protected":false},"excerpt":{"rendered":"<p>Siedzisko: spr\u0119\u017cyna falista, rama: drewno sosnowe i bukowe, poduszki: 70% wi\u00f3r\u00f3w pur + 30% kulka silikonowa, nogi: tworzywo sztuczne<\/p>\n","protected":false},"featured_media":101831,"comment_status":"open","ping_status":"closed","template":"","meta":[],"product_brand":[],"product_cat":[231],"product_tag":[],"class_list":{"0":"post-101838","1":"product","2":"type-product","3":"status-publish","4":"has-post-thumbnail","6":"product_cat-sofy","8":"first","9":"instock","10":"taxable","11":"shipping-taxable","12":"purchasable","13":"product-type-simple"},"_links":{"self":[{"href":"https:\/\/namarstyle.com\/fr\/wp-json\/wp\/v2\/product\/101838","targetHints":{"allow":["GET"]}}],"collection":[{"href":"https:\/\/namarstyle.com\/fr\/wp-json\/wp\/v2\/product"}],"about":[{"href":"https:\/\/namarstyle.com\/fr\/wp-json\/wp\/v2\/types\/product"}],"replies":[{"embeddable":true,"href":"https:\/\/namarstyle.com\/fr\/wp-json\/wp\/v2\/comments?post=101838"}],"version-history":[{"count":2,"href":"https:\/\/namarstyle.com\/fr\/wp-json\/wp\/v2\/product\/101838\/revisions"}],"predecessor-version":[{"id":102483,"href":"https:\/\/namarstyle.com\/fr\/wp-json\/wp\/v2\/product\/101838\/revisions\/102483"}],"wp:featuredmedia":[{"embeddable":true,"href":"https:\/\/namarstyle.com\/fr\/wp-json\/wp\/v2\/media\/101831"}],"wp:attachment":[{"href":"https:\/\/namarstyle.com\/fr\/wp-json\/wp\/v2\/media?parent=101838"}],"wp:term":[{"taxonomy":"product_brand","embeddable":true,"href":"https:\/\/namarstyle.com\/fr\/wp-json\/wp\/v2\/product_brand?post=101838"},{"taxonomy":"product_cat","embeddable":true,"href":"https:\/\/namarstyle.com\/fr\/wp-json\/wp\/v2\/product_cat?post=101838"},{"taxonomy":"product_tag","embeddable":true,"href":"https:\/\/namarstyle.com\/fr\/wp-json\/wp\/v2\/product_tag?post=101838"}],"curies":[{"name":"wp","href":"https:\/\/api.w.org\/{rel}","templated":true}]}}