{"id":101728,"date":"2026-04-27T18:06:29","date_gmt":"2026-04-27T16:06:29","guid":{"rendered":"https:\/\/namarstyle.com\/product\/kanapa-sofa-la-rose-3dl\/"},"modified":"2026-04-29T18:08:17","modified_gmt":"2026-04-29T16:08:17","slug":"kanapa-sofa-la-rose-4","status":"publish","type":"product","link":"https:\/\/namarstyle.com\/fr\/product\/kanapa-sofa-la-rose-4\/","title":{"rendered":"Kanapa sofa La Rose"},"content":{"rendered":"<p>Powierzchnia spania: 140&#215;193, posiada pojemnik na po\u015bciel, \u0142adowno\u015b\u0107 120 kg na osob\u0119<\/p>\n","protected":false},"excerpt":{"rendered":"<p>Siedzisko: spr\u0119\u017cyna falista, stela\u017c: drewno sosnowe i bukowe, poduszki: 70% wi\u00f3ry pur + 30% kulka silikonowa, nogi: plastik<\/p>\n","protected":false},"featured_media":101723,"comment_status":"open","ping_status":"closed","template":"","meta":[],"product_brand":[],"product_cat":[231],"product_tag":[],"class_list":{"0":"post-101728","1":"product","2":"type-product","3":"status-publish","4":"has-post-thumbnail","6":"product_cat-sofy","8":"first","9":"instock","10":"taxable","11":"shipping-taxable","12":"purchasable","13":"product-type-simple"},"_links":{"self":[{"href":"https:\/\/namarstyle.com\/fr\/wp-json\/wp\/v2\/product\/101728","targetHints":{"allow":["GET"]}}],"collection":[{"href":"https:\/\/namarstyle.com\/fr\/wp-json\/wp\/v2\/product"}],"about":[{"href":"https:\/\/namarstyle.com\/fr\/wp-json\/wp\/v2\/types\/product"}],"replies":[{"embeddable":true,"href":"https:\/\/namarstyle.com\/fr\/wp-json\/wp\/v2\/comments?post=101728"}],"version-history":[{"count":2,"href":"https:\/\/namarstyle.com\/fr\/wp-json\/wp\/v2\/product\/101728\/revisions"}],"predecessor-version":[{"id":102498,"href":"https:\/\/namarstyle.com\/fr\/wp-json\/wp\/v2\/product\/101728\/revisions\/102498"}],"wp:featuredmedia":[{"embeddable":true,"href":"https:\/\/namarstyle.com\/fr\/wp-json\/wp\/v2\/media\/101723"}],"wp:attachment":[{"href":"https:\/\/namarstyle.com\/fr\/wp-json\/wp\/v2\/media?parent=101728"}],"wp:term":[{"taxonomy":"product_brand","embeddable":true,"href":"https:\/\/namarstyle.com\/fr\/wp-json\/wp\/v2\/product_brand?post=101728"},{"taxonomy":"product_cat","embeddable":true,"href":"https:\/\/namarstyle.com\/fr\/wp-json\/wp\/v2\/product_cat?post=101728"},{"taxonomy":"product_tag","embeddable":true,"href":"https:\/\/namarstyle.com\/fr\/wp-json\/wp\/v2\/product_tag?post=101728"}],"curies":[{"name":"wp","href":"https:\/\/api.w.org\/{rel}","templated":true}]}}