{"id":101457,"date":"2026-04-27T17:56:04","date_gmt":"2026-04-27T15:56:04","guid":{"rendered":"https:\/\/namarstyle.com\/product\/bimotion-szafka-pod-biurko-na-kolkach-60-cm-biala\/"},"modified":"2026-04-29T18:28:17","modified_gmt":"2026-04-29T16:28:17","slug":"bimotion-szafka-pod-biurko-na-kolkach-cm-biala","status":"publish","type":"product","link":"https:\/\/namarstyle.com\/fr\/product\/bimotion-szafka-pod-biurko-na-kolkach-cm-biala\/","title":{"rendered":"BIMOTION Szafka pod biurko na k\u00f3\u0142kach cm bia\u0142a"},"content":{"rendered":"<p>Opis:<\/p>\n<p>Szafka jednodrzwiowa na k\u00f3\u0142kach pod biurko<br \/>\nDwie p\u00f3\u0142ki za drzwiami<br \/>\nJedna otwarta p\u00f3\u0142ka<br \/>\nCztery k\u00f3\u0142ka<\/p>\n","protected":false},"excerpt":{"rendered":"<p>Korpus: p\u0142yta laminowana 16 mm<br \/>\nFronty: p\u0142yta laminowana 16 mm<\/p>\n","protected":false},"featured_media":101451,"comment_status":"open","ping_status":"closed","template":"","meta":[],"product_brand":[],"product_cat":[234,317],"product_tag":[],"class_list":{"0":"post-101457","1":"product","2":"type-product","3":"status-publish","4":"has-post-thumbnail","6":"product_cat-akcesoria-domowe","7":"product_cat-szafki-nocne","9":"first","10":"instock","11":"taxable","12":"shipping-taxable","13":"purchasable","14":"product-type-simple"},"_links":{"self":[{"href":"https:\/\/namarstyle.com\/fr\/wp-json\/wp\/v2\/product\/101457","targetHints":{"allow":["GET"]}}],"collection":[{"href":"https:\/\/namarstyle.com\/fr\/wp-json\/wp\/v2\/product"}],"about":[{"href":"https:\/\/namarstyle.com\/fr\/wp-json\/wp\/v2\/types\/product"}],"replies":[{"embeddable":true,"href":"https:\/\/namarstyle.com\/fr\/wp-json\/wp\/v2\/comments?post=101457"}],"version-history":[{"count":2,"href":"https:\/\/namarstyle.com\/fr\/wp-json\/wp\/v2\/product\/101457\/revisions"}],"predecessor-version":[{"id":102540,"href":"https:\/\/namarstyle.com\/fr\/wp-json\/wp\/v2\/product\/101457\/revisions\/102540"}],"wp:featuredmedia":[{"embeddable":true,"href":"https:\/\/namarstyle.com\/fr\/wp-json\/wp\/v2\/media\/101451"}],"wp:attachment":[{"href":"https:\/\/namarstyle.com\/fr\/wp-json\/wp\/v2\/media?parent=101457"}],"wp:term":[{"taxonomy":"product_brand","embeddable":true,"href":"https:\/\/namarstyle.com\/fr\/wp-json\/wp\/v2\/product_brand?post=101457"},{"taxonomy":"product_cat","embeddable":true,"href":"https:\/\/namarstyle.com\/fr\/wp-json\/wp\/v2\/product_cat?post=101457"},{"taxonomy":"product_tag","embeddable":true,"href":"https:\/\/namarstyle.com\/fr\/wp-json\/wp\/v2\/product_tag?post=101457"}],"curies":[{"name":"wp","href":"https:\/\/api.w.org\/{rel}","templated":true}]}}