{"id":101305,"date":"2026-04-27T17:48:19","date_gmt":"2026-04-27T15:48:19","guid":{"rendered":"https:\/\/namarstyle.com\/product\/biurko-z-regalem-harmony-dab-artisan\/"},"modified":"2026-04-29T18:36:38","modified_gmt":"2026-04-29T16:36:38","slug":"biurko-z-regalem-harmony-dab-artisan","status":"publish","type":"product","link":"https:\/\/namarstyle.com\/fr\/product\/biurko-z-regalem-harmony-dab-artisan\/","title":{"rendered":"Biurko z rega\u0142em Harmony d\u0105b artisan"},"content":{"rendered":"<p>Biurko HARMONY to praktyczny mebel, kt\u00f3ry idealnie sprawdzi si\u0119 w biurze, gabinecie, a tak\u017ce jako biurko komputerowe w pokoju m\u0142odzie\u017cowym.<\/p>\n<p>Przestronny blat biurka gwarantuje wystarczaj\u0105co du\u017co miejsca do pracy, natomiast dodatkowe p\u00f3\u0142ki nadaj\u0105 mu praktyczny i funkcjonalny charakter &#8211; zapewni\u0105 porz\u0105dek w ksi\u0105\u017ckach i dokumentach. Biurko ze zintegrowanym rega\u0142em jest wygodne i komfortowe, co w konsekwencji prze\u0142o\u017cy si\u0119 na efektywno\u015b\u0107 pracy.<\/p>\n<p>Biurko HARMONY wyr\u00f3\u017cnia si\u0119 atrakcyjn\u0105 i modn\u0105 kolorystyk\u0105, przestronn\u0105 przestrzeni\u0105 robocz\u0105, komfortem pracy i du\u017c\u0105 ilo\u015bci\u0105 p\u00f3\u0142ek na potrzebne akcesoria.<\/p>\n<p>Opis:<\/p>\n<p>Biurko stoj\u0105ce<br \/>\nPrzestronny blat<br \/>\nPosiada 4 p\u00f3\u0142ki<br \/>\nMebel dostarczany jest w paczce do samodzielnego monta\u017cu<br \/>\nCzytelna obrazkowa instrukcja<br \/>\nMebel polskiej produkcji<\/p>\n","protected":false},"excerpt":{"rendered":"<p>p\u0142yta laminowana 16 mm, HDF p\u0142yta, ABS obrze\u017ca<\/p>\n","protected":false},"featured_media":101301,"comment_status":"open","ping_status":"closed","template":"","meta":[],"product_brand":[],"product_cat":[386],"product_tag":[],"class_list":{"0":"post-101305","1":"product","2":"type-product","3":"status-publish","4":"has-post-thumbnail","6":"product_cat-biurka","8":"first","9":"instock","10":"taxable","11":"shipping-taxable","12":"purchasable","13":"product-type-simple"},"_links":{"self":[{"href":"https:\/\/namarstyle.com\/fr\/wp-json\/wp\/v2\/product\/101305","targetHints":{"allow":["GET"]}}],"collection":[{"href":"https:\/\/namarstyle.com\/fr\/wp-json\/wp\/v2\/product"}],"about":[{"href":"https:\/\/namarstyle.com\/fr\/wp-json\/wp\/v2\/types\/product"}],"replies":[{"embeddable":true,"href":"https:\/\/namarstyle.com\/fr\/wp-json\/wp\/v2\/comments?post=101305"}],"version-history":[{"count":1,"href":"https:\/\/namarstyle.com\/fr\/wp-json\/wp\/v2\/product\/101305\/revisions"}],"predecessor-version":[{"id":102559,"href":"https:\/\/namarstyle.com\/fr\/wp-json\/wp\/v2\/product\/101305\/revisions\/102559"}],"wp:featuredmedia":[{"embeddable":true,"href":"https:\/\/namarstyle.com\/fr\/wp-json\/wp\/v2\/media\/101301"}],"wp:attachment":[{"href":"https:\/\/namarstyle.com\/fr\/wp-json\/wp\/v2\/media?parent=101305"}],"wp:term":[{"taxonomy":"product_brand","embeddable":true,"href":"https:\/\/namarstyle.com\/fr\/wp-json\/wp\/v2\/product_brand?post=101305"},{"taxonomy":"product_cat","embeddable":true,"href":"https:\/\/namarstyle.com\/fr\/wp-json\/wp\/v2\/product_cat?post=101305"},{"taxonomy":"product_tag","embeddable":true,"href":"https:\/\/namarstyle.com\/fr\/wp-json\/wp\/v2\/product_tag?post=101305"}],"curies":[{"name":"wp","href":"https:\/\/api.w.org\/{rel}","templated":true}]}}