{"id":101175,"date":"2026-04-27T17:43:31","date_gmt":"2026-04-27T15:43:31","guid":{"rendered":"https:\/\/namarstyle.com\/product\/szafka-rtv-wiszaca-wabi-180-bialy-mat\/"},"modified":"2026-04-28T05:39:26","modified_gmt":"2026-04-28T03:39:26","slug":"szafka-rtv-wiszaca-wabi-bialy-mat","status":"publish","type":"product","link":"https:\/\/namarstyle.com\/fr\/product\/szafka-rtv-wiszaca-wabi-bialy-mat\/","title":{"rendered":"Szafka RTV wisz\u0105ca Wabi bia\u0142y mat"},"content":{"rendered":"<p>Szafka RTV WABI to estetycznie zaprojektowany mebel do salonu, sypialni oraz pokoju m\u0142odzie\u017cowego. W odpowiedzi na najnowsze trendy, zastosowano frezowane fronty z efektem 3D. Klasyczna kolorystyka harmonijnie wsp\u00f3\u0142gra ze z\u0142otymi akcentami w postaci poziomych linii. Mo\u017cliwo\u015b\u0107 zawieszenia szafki na \u015bcianie sprawia, \u017ce aran\u017cacja zyskuje lekko\u015b\u0107 i nowoczesny charakter. WABI to tak\u017ce funkcjonalno\u015b\u0107 i wygoda u\u017cytkowania, dzi\u0119ki systemowi PUSH TO OPEN. Dwa schowki mo\u017cna wykorzysta\u0107 do przechowywania sprz\u0119tu elektronicznego, ksi\u0105\u017cek oraz pami\u0105tek.<\/p>\n<p>Opis:<\/p>\n<p>Szafka RTV dwudrzwiowa<br \/>\nMebel wisz\u0105cy<br \/>\nFrezowane fronty<br \/>\nSystem PUSH TO OPEN<\/p>\n","protected":false},"excerpt":{"rendered":"<p>Korpus: p\u0142yta laminowana 16 mm, fronty: p\u0142yta MDF 16 mm dekoracyjne frezy<\/p>\n","protected":false},"featured_media":101168,"comment_status":"open","ping_status":"closed","template":"","meta":[],"product_brand":[],"product_cat":[189],"product_tag":[],"class_list":{"0":"post-101175","1":"product","2":"type-product","3":"status-publish","4":"has-post-thumbnail","6":"product_cat-ogrod","8":"first","9":"instock","10":"taxable","11":"shipping-taxable","12":"purchasable","13":"product-type-simple"},"_links":{"self":[{"href":"https:\/\/namarstyle.com\/fr\/wp-json\/wp\/v2\/product\/101175","targetHints":{"allow":["GET"]}}],"collection":[{"href":"https:\/\/namarstyle.com\/fr\/wp-json\/wp\/v2\/product"}],"about":[{"href":"https:\/\/namarstyle.com\/fr\/wp-json\/wp\/v2\/types\/product"}],"replies":[{"embeddable":true,"href":"https:\/\/namarstyle.com\/fr\/wp-json\/wp\/v2\/comments?post=101175"}],"version-history":[{"count":1,"href":"https:\/\/namarstyle.com\/fr\/wp-json\/wp\/v2\/product\/101175\/revisions"}],"predecessor-version":[{"id":102240,"href":"https:\/\/namarstyle.com\/fr\/wp-json\/wp\/v2\/product\/101175\/revisions\/102240"}],"wp:featuredmedia":[{"embeddable":true,"href":"https:\/\/namarstyle.com\/fr\/wp-json\/wp\/v2\/media\/101168"}],"wp:attachment":[{"href":"https:\/\/namarstyle.com\/fr\/wp-json\/wp\/v2\/media?parent=101175"}],"wp:term":[{"taxonomy":"product_brand","embeddable":true,"href":"https:\/\/namarstyle.com\/fr\/wp-json\/wp\/v2\/product_brand?post=101175"},{"taxonomy":"product_cat","embeddable":true,"href":"https:\/\/namarstyle.com\/fr\/wp-json\/wp\/v2\/product_cat?post=101175"},{"taxonomy":"product_tag","embeddable":true,"href":"https:\/\/namarstyle.com\/fr\/wp-json\/wp\/v2\/product_tag?post=101175"}],"curies":[{"name":"wp","href":"https:\/\/api.w.org\/{rel}","templated":true}]}}