{"id":101140,"date":"2026-04-27T17:41:57","date_gmt":"2026-04-27T15:41:57","guid":{"rendered":"https:\/\/namarstyle.com\/product\/szafka-rtv-wiszaca-icarus-156-dab-artisan-bialy-mat\/"},"modified":"2026-04-28T05:39:26","modified_gmt":"2026-04-28T03:39:26","slug":"szafka-rtv-wiszaca-icarus-dab-artisan-bialy-mat","status":"publish","type":"product","link":"https:\/\/namarstyle.com\/fr\/product\/szafka-rtv-wiszaca-icarus-dab-artisan-bialy-mat\/","title":{"rendered":"Szafka RTV wisz\u0105ca Icarus d\u0105b artisan \/ bia\u0142y mat"},"content":{"rendered":"<p>Opis:<\/p>\n<p>Szafka wisz\u0105ca<br \/>\nOtw\u00f3r na kable w g\u00f3rnej p\u0142ycie<br \/>\nSchowek otwierany do do\u0142u<br \/>\nWolna przestrze\u0144 za schowkiem<br \/>\nDwie otwarte p\u00f3\u0142ki<\/p>\n","protected":false},"excerpt":{"rendered":"<p>P\u0142yta laminowana 16 mm<br \/>\nObrze\u017ca ABS<br \/>\nP\u0142yta HDF<br \/>\nPlastikowy uchwyt oraz maskownica otworu na kable<\/p>\n","protected":false},"featured_media":101134,"comment_status":"open","ping_status":"closed","template":"","meta":[],"product_brand":[],"product_cat":[189],"product_tag":[],"class_list":{"0":"post-101140","1":"product","2":"type-product","3":"status-publish","4":"has-post-thumbnail","6":"product_cat-ogrod","8":"first","9":"instock","10":"taxable","11":"shipping-taxable","12":"purchasable","13":"product-type-simple"},"_links":{"self":[{"href":"https:\/\/namarstyle.com\/fr\/wp-json\/wp\/v2\/product\/101140","targetHints":{"allow":["GET"]}}],"collection":[{"href":"https:\/\/namarstyle.com\/fr\/wp-json\/wp\/v2\/product"}],"about":[{"href":"https:\/\/namarstyle.com\/fr\/wp-json\/wp\/v2\/types\/product"}],"replies":[{"embeddable":true,"href":"https:\/\/namarstyle.com\/fr\/wp-json\/wp\/v2\/comments?post=101140"}],"version-history":[{"count":1,"href":"https:\/\/namarstyle.com\/fr\/wp-json\/wp\/v2\/product\/101140\/revisions"}],"predecessor-version":[{"id":102235,"href":"https:\/\/namarstyle.com\/fr\/wp-json\/wp\/v2\/product\/101140\/revisions\/102235"}],"wp:featuredmedia":[{"embeddable":true,"href":"https:\/\/namarstyle.com\/fr\/wp-json\/wp\/v2\/media\/101134"}],"wp:attachment":[{"href":"https:\/\/namarstyle.com\/fr\/wp-json\/wp\/v2\/media?parent=101140"}],"wp:term":[{"taxonomy":"product_brand","embeddable":true,"href":"https:\/\/namarstyle.com\/fr\/wp-json\/wp\/v2\/product_brand?post=101140"},{"taxonomy":"product_cat","embeddable":true,"href":"https:\/\/namarstyle.com\/fr\/wp-json\/wp\/v2\/product_cat?post=101140"},{"taxonomy":"product_tag","embeddable":true,"href":"https:\/\/namarstyle.com\/fr\/wp-json\/wp\/v2\/product_tag?post=101140"}],"curies":[{"name":"wp","href":"https:\/\/api.w.org\/{rel}","templated":true}]}}