{"id":101051,"date":"2026-04-27T17:38:46","date_gmt":"2026-04-27T15:38:46","guid":{"rendered":"https:\/\/namarstyle.com\/product\/szafka-rtv-bingo-140-czarny-mat\/"},"modified":"2026-04-28T05:39:27","modified_gmt":"2026-04-28T03:39:27","slug":"szafka-rtv-bingo-czarny-mat-3","status":"publish","type":"product","link":"https:\/\/namarstyle.com\/fr\/product\/szafka-rtv-bingo-czarny-mat-3\/","title":{"rendered":"Szafka RTV Bingo czarny mat"},"content":{"rendered":"<p>Wisz\u0105ca szafka pod telewizor, idealna do salonu lub pokoju m\u0142odzie\u017cowego. Jest to kompaktowa szafka, z klap\u0105 otwieran\u0105 do do\u0142u i jedn\u0105 przegr\u00f3dk\u0105. Szafka posiada charakterystyczn\u0105 i niepowtarzaln\u0105 kolorystyk\u0119. Wybarwienie frontu nie jest czyst\u0105 czerni\u0105, ale posiada widoczn\u0105 z bliska, oryginaln\u0105 falist\u0105 struktur\u0119.<\/p>\n","protected":false},"excerpt":{"rendered":"<p>Korpus: p\u0142yta laminowana 16 mm, fronty: p\u0142yta MDF 16 mm<\/p>\n","protected":false},"featured_media":101047,"comment_status":"open","ping_status":"closed","template":"","meta":[],"product_brand":[],"product_cat":[189],"product_tag":[],"class_list":{"0":"post-101051","1":"product","2":"type-product","3":"status-publish","4":"has-post-thumbnail","6":"product_cat-ogrod","8":"first","9":"instock","10":"taxable","11":"shipping-taxable","12":"purchasable","13":"product-type-simple"},"_links":{"self":[{"href":"https:\/\/namarstyle.com\/fr\/wp-json\/wp\/v2\/product\/101051","targetHints":{"allow":["GET"]}}],"collection":[{"href":"https:\/\/namarstyle.com\/fr\/wp-json\/wp\/v2\/product"}],"about":[{"href":"https:\/\/namarstyle.com\/fr\/wp-json\/wp\/v2\/types\/product"}],"replies":[{"embeddable":true,"href":"https:\/\/namarstyle.com\/fr\/wp-json\/wp\/v2\/comments?post=101051"}],"version-history":[{"count":1,"href":"https:\/\/namarstyle.com\/fr\/wp-json\/wp\/v2\/product\/101051\/revisions"}],"predecessor-version":[{"id":102219,"href":"https:\/\/namarstyle.com\/fr\/wp-json\/wp\/v2\/product\/101051\/revisions\/102219"}],"wp:featuredmedia":[{"embeddable":true,"href":"https:\/\/namarstyle.com\/fr\/wp-json\/wp\/v2\/media\/101047"}],"wp:attachment":[{"href":"https:\/\/namarstyle.com\/fr\/wp-json\/wp\/v2\/media?parent=101051"}],"wp:term":[{"taxonomy":"product_brand","embeddable":true,"href":"https:\/\/namarstyle.com\/fr\/wp-json\/wp\/v2\/product_brand?post=101051"},{"taxonomy":"product_cat","embeddable":true,"href":"https:\/\/namarstyle.com\/fr\/wp-json\/wp\/v2\/product_cat?post=101051"},{"taxonomy":"product_tag","embeddable":true,"href":"https:\/\/namarstyle.com\/fr\/wp-json\/wp\/v2\/product_tag?post=101051"}],"curies":[{"name":"wp","href":"https:\/\/api.w.org\/{rel}","templated":true}]}}