{"id":100849,"date":"2026-04-27T17:31:38","date_gmt":"2026-04-27T15:31:38","guid":{"rendered":"https:\/\/namarstyle.com\/product\/szafka-rtv-eva-180-cm-bialy-mat-bialy-polysk\/"},"modified":"2026-04-28T05:30:24","modified_gmt":"2026-04-28T03:30:24","slug":"szafka-rtv-eva-cm-bialy-mat-bialy-polysk","status":"publish","type":"product","link":"https:\/\/namarstyle.com\/fr\/product\/szafka-rtv-eva-cm-bialy-mat-bialy-polysk\/","title":{"rendered":"Szafka RTV Eva cm bia\u0142y mat \/ bia\u0142y po\u0142ysk"},"content":{"rendered":"<p>Szafka RTV EVA to przemy\u015blany mebel daj\u0105cy bardzo du\u017co miejsca na sprz\u0119t RTV wszelkie akcesoria, czasopisma i inne bibeloty. Wyr\u00f3\u017cnia si\u0119 solidnym wykonaniem i nowoczesnym designem w bardzo modnym teraz po\u0142\u0105czeniu kolorystycznym. Szafka RTV posiada dwie przestronne szafki, szuflad\u0119 oraz cztery otwarte p\u00f3\u0142ki. W p\u0142ycie tylnej otw\u00f3r na kable<\/p>\n","protected":false},"excerpt":{"rendered":"<p>p\u0142yta laminowana \/ MDF 16 mm, blat 22 mm HDF p\u0142yta, ABS obrze\u017ca<\/p>\n","protected":false},"featured_media":100843,"comment_status":"open","ping_status":"closed","template":"","meta":[],"product_brand":[],"product_cat":[189],"product_tag":[],"class_list":{"0":"post-100849","1":"product","2":"type-product","3":"status-publish","4":"has-post-thumbnail","6":"product_cat-ogrod","8":"first","9":"instock","10":"taxable","11":"shipping-taxable","12":"purchasable","13":"product-type-simple"},"_links":{"self":[{"href":"https:\/\/namarstyle.com\/fr\/wp-json\/wp\/v2\/product\/100849","targetHints":{"allow":["GET"]}}],"collection":[{"href":"https:\/\/namarstyle.com\/fr\/wp-json\/wp\/v2\/product"}],"about":[{"href":"https:\/\/namarstyle.com\/fr\/wp-json\/wp\/v2\/types\/product"}],"replies":[{"embeddable":true,"href":"https:\/\/namarstyle.com\/fr\/wp-json\/wp\/v2\/comments?post=100849"}],"version-history":[{"count":1,"href":"https:\/\/namarstyle.com\/fr\/wp-json\/wp\/v2\/product\/100849\/revisions"}],"predecessor-version":[{"id":102178,"href":"https:\/\/namarstyle.com\/fr\/wp-json\/wp\/v2\/product\/100849\/revisions\/102178"}],"wp:featuredmedia":[{"embeddable":true,"href":"https:\/\/namarstyle.com\/fr\/wp-json\/wp\/v2\/media\/100843"}],"wp:attachment":[{"href":"https:\/\/namarstyle.com\/fr\/wp-json\/wp\/v2\/media?parent=100849"}],"wp:term":[{"taxonomy":"product_brand","embeddable":true,"href":"https:\/\/namarstyle.com\/fr\/wp-json\/wp\/v2\/product_brand?post=100849"},{"taxonomy":"product_cat","embeddable":true,"href":"https:\/\/namarstyle.com\/fr\/wp-json\/wp\/v2\/product_cat?post=100849"},{"taxonomy":"product_tag","embeddable":true,"href":"https:\/\/namarstyle.com\/fr\/wp-json\/wp\/v2\/product_tag?post=100849"}],"curies":[{"name":"wp","href":"https:\/\/api.w.org\/{rel}","templated":true}]}}