{"id":100649,"date":"2026-04-27T17:26:18","date_gmt":"2026-04-27T15:26:18","guid":{"rendered":"https:\/\/namarstyle.com\/product\/szafka-rtv-diuna-3d-145-cm-frezowane-fronty-mdf-bialy-wysoki-polysk\/"},"modified":"2026-04-28T05:30:25","modified_gmt":"2026-04-28T03:30:25","slug":"szafka-rtv-diuna-cm-frezowane-fronty-mdf-bialy-wysoki-polysk","status":"publish","type":"product","link":"https:\/\/namarstyle.com\/fr\/product\/szafka-rtv-diuna-cm-frezowane-fronty-mdf-bialy-wysoki-polysk\/","title":{"rendered":"Szafka RTV DIUNA cm frezowane fronty MDF, bia\u0142y wysoki po\u0142ysk"},"content":{"rendered":"<p>Szafka RTV z tej serii to trzydrzwiowy mebel dodatkowo wyposa\u017cony w otwart\u0105 p\u00f3\u0142k\u0119. Tylna p\u0142yta posiada praktyczny otw\u00f3r na kable, kt\u00f3ry u\u0142atwi organizacj\u0119. Dzi\u0119ki tak zaprojektowanej przestrzeni, przechowywanie sprz\u0119tu stanie si\u0119 w pe\u0142ni funkcjonalne.<\/p>\n","protected":false},"excerpt":{"rendered":"<p> Korpus: p\u0142yta laminowana, Fronty: frezowana p\u0142yta MDF, Nogi: plastik<\/p>\n","protected":false},"featured_media":100645,"comment_status":"open","ping_status":"closed","template":"","meta":[],"product_brand":[],"product_cat":[189],"product_tag":[],"class_list":{"0":"post-100649","1":"product","2":"type-product","3":"status-publish","4":"has-post-thumbnail","6":"product_cat-ogrod","8":"first","9":"instock","10":"taxable","11":"shipping-taxable","12":"purchasable","13":"product-type-simple"},"_links":{"self":[{"href":"https:\/\/namarstyle.com\/fr\/wp-json\/wp\/v2\/product\/100649","targetHints":{"allow":["GET"]}}],"collection":[{"href":"https:\/\/namarstyle.com\/fr\/wp-json\/wp\/v2\/product"}],"about":[{"href":"https:\/\/namarstyle.com\/fr\/wp-json\/wp\/v2\/types\/product"}],"replies":[{"embeddable":true,"href":"https:\/\/namarstyle.com\/fr\/wp-json\/wp\/v2\/comments?post=100649"}],"version-history":[{"count":1,"href":"https:\/\/namarstyle.com\/fr\/wp-json\/wp\/v2\/product\/100649\/revisions"}],"predecessor-version":[{"id":102138,"href":"https:\/\/namarstyle.com\/fr\/wp-json\/wp\/v2\/product\/100649\/revisions\/102138"}],"wp:featuredmedia":[{"embeddable":true,"href":"https:\/\/namarstyle.com\/fr\/wp-json\/wp\/v2\/media\/100645"}],"wp:attachment":[{"href":"https:\/\/namarstyle.com\/fr\/wp-json\/wp\/v2\/media?parent=100649"}],"wp:term":[{"taxonomy":"product_brand","embeddable":true,"href":"https:\/\/namarstyle.com\/fr\/wp-json\/wp\/v2\/product_brand?post=100649"},{"taxonomy":"product_cat","embeddable":true,"href":"https:\/\/namarstyle.com\/fr\/wp-json\/wp\/v2\/product_cat?post=100649"},{"taxonomy":"product_tag","embeddable":true,"href":"https:\/\/namarstyle.com\/fr\/wp-json\/wp\/v2\/product_tag?post=100649"}],"curies":[{"name":"wp","href":"https:\/\/api.w.org\/{rel}","templated":true}]}}