{"id":100636,"date":"2026-04-27T17:25:56","date_gmt":"2026-04-27T15:25:56","guid":{"rendered":"https:\/\/namarstyle.com\/product\/komoda-diuna-3d-145-frezowane-fronty-mdf-bialy-wysoki-polysk\/"},"modified":"2026-04-28T05:30:25","modified_gmt":"2026-04-28T03:30:25","slug":"komoda-diuna-frezowane-fronty-mdf-bialy-wysoki-polysk","status":"publish","type":"product","link":"https:\/\/namarstyle.com\/fr\/product\/komoda-diuna-frezowane-fronty-mdf-bialy-wysoki-polysk\/","title":{"rendered":"Komoda DIUNA frezowane fronty MDF, bia\u0142y wysoki po\u0142ysk"},"content":{"rendered":"<p>Komoda\u00a0z serii to trzydrzwiowy mebel z dodatkow\u0105 p\u00f3\u0142k\u0105 dziel\u0105c\u0105 przestrze\u0144. Gwarantuje to lepsz\u0105 organizacj\u0119 i funkcjonalno\u015b\u0107. Dzi\u0119ki swoim ergonomicznym wymiarom, DIUNA sprawdzi si\u0119 zar\u00f3wno w mniejszych, jak i wi\u0119kszych pomieszczeniach.<\/p>\n","protected":false},"excerpt":{"rendered":"<p> Korpus: p\u0142yta laminowana, Fronty: frezowana p\u0142yta MDF, Nogi: plastik<\/p>\n","protected":false},"featured_media":100629,"comment_status":"open","ping_status":"closed","template":"","meta":[],"product_brand":[],"product_cat":[189],"product_tag":[],"class_list":{"0":"post-100636","1":"product","2":"type-product","3":"status-publish","4":"has-post-thumbnail","6":"product_cat-ogrod","8":"first","9":"instock","10":"taxable","11":"shipping-taxable","12":"purchasable","13":"product-type-simple"},"_links":{"self":[{"href":"https:\/\/namarstyle.com\/fr\/wp-json\/wp\/v2\/product\/100636","targetHints":{"allow":["GET"]}}],"collection":[{"href":"https:\/\/namarstyle.com\/fr\/wp-json\/wp\/v2\/product"}],"about":[{"href":"https:\/\/namarstyle.com\/fr\/wp-json\/wp\/v2\/types\/product"}],"replies":[{"embeddable":true,"href":"https:\/\/namarstyle.com\/fr\/wp-json\/wp\/v2\/comments?post=100636"}],"version-history":[{"count":1,"href":"https:\/\/namarstyle.com\/fr\/wp-json\/wp\/v2\/product\/100636\/revisions"}],"predecessor-version":[{"id":102136,"href":"https:\/\/namarstyle.com\/fr\/wp-json\/wp\/v2\/product\/100636\/revisions\/102136"}],"wp:featuredmedia":[{"embeddable":true,"href":"https:\/\/namarstyle.com\/fr\/wp-json\/wp\/v2\/media\/100629"}],"wp:attachment":[{"href":"https:\/\/namarstyle.com\/fr\/wp-json\/wp\/v2\/media?parent=100636"}],"wp:term":[{"taxonomy":"product_brand","embeddable":true,"href":"https:\/\/namarstyle.com\/fr\/wp-json\/wp\/v2\/product_brand?post=100636"},{"taxonomy":"product_cat","embeddable":true,"href":"https:\/\/namarstyle.com\/fr\/wp-json\/wp\/v2\/product_cat?post=100636"},{"taxonomy":"product_tag","embeddable":true,"href":"https:\/\/namarstyle.com\/fr\/wp-json\/wp\/v2\/product_tag?post=100636"}],"curies":[{"name":"wp","href":"https:\/\/api.w.org\/{rel}","templated":true}]}}