{"id":100559,"date":"2026-04-27T17:21:48","date_gmt":"2026-04-27T15:21:48","guid":{"rendered":"https:\/\/namarstyle.com\/product\/stolik-kawowy-petra-90x60-kaszmir\/"},"modified":"2026-04-28T05:25:03","modified_gmt":"2026-04-28T03:25:03","slug":"stolik-kawowy-petra-kaszmir","status":"publish","type":"product","link":"https:\/\/namarstyle.com\/fr\/product\/stolik-kawowy-petra-kaszmir\/","title":{"rendered":"Stolik kawowy Petra kaszmir"},"content":{"rendered":"<p>Jedna szuflada<br \/>\nDwie otwarte p\u00f3\u0142ki<br \/>\nFrezowane fronty i boki mebla<br \/>\nMetalowe n\u00f3\u017cki<br \/>\nMetalowe uchwyty<\/p>\n","protected":false},"excerpt":{"rendered":"<p>Blaty: p\u0142yta laminowana 16 mm, boki i fronty: p\u0142yta MDF 16 mm dekoracyjne frezy, n\u00f3\u017cki: metal<\/p>\n","protected":false},"featured_media":102389,"comment_status":"open","ping_status":"closed","template":"","meta":[],"product_brand":[],"product_cat":[189],"product_tag":[],"class_list":{"0":"post-100559","1":"product","2":"type-product","3":"status-publish","4":"has-post-thumbnail","6":"product_cat-ogrod","8":"first","9":"instock","10":"taxable","11":"shipping-taxable","12":"purchasable","13":"product-type-simple"},"_links":{"self":[{"href":"https:\/\/namarstyle.com\/fr\/wp-json\/wp\/v2\/product\/100559","targetHints":{"allow":["GET"]}}],"collection":[{"href":"https:\/\/namarstyle.com\/fr\/wp-json\/wp\/v2\/product"}],"about":[{"href":"https:\/\/namarstyle.com\/fr\/wp-json\/wp\/v2\/types\/product"}],"replies":[{"embeddable":true,"href":"https:\/\/namarstyle.com\/fr\/wp-json\/wp\/v2\/comments?post=100559"}],"version-history":[{"count":1,"href":"https:\/\/namarstyle.com\/fr\/wp-json\/wp\/v2\/product\/100559\/revisions"}],"predecessor-version":[{"id":102088,"href":"https:\/\/namarstyle.com\/fr\/wp-json\/wp\/v2\/product\/100559\/revisions\/102088"}],"wp:featuredmedia":[{"embeddable":true,"href":"https:\/\/namarstyle.com\/fr\/wp-json\/"}],"wp:attachment":[{"href":"https:\/\/namarstyle.com\/fr\/wp-json\/wp\/v2\/media?parent=100559"}],"wp:term":[{"taxonomy":"product_brand","embeddable":true,"href":"https:\/\/namarstyle.com\/fr\/wp-json\/wp\/v2\/product_brand?post=100559"},{"taxonomy":"product_cat","embeddable":true,"href":"https:\/\/namarstyle.com\/fr\/wp-json\/wp\/v2\/product_cat?post=100559"},{"taxonomy":"product_tag","embeddable":true,"href":"https:\/\/namarstyle.com\/fr\/wp-json\/wp\/v2\/product_tag?post=100559"}],"curies":[{"name":"wp","href":"https:\/\/api.w.org\/{rel}","templated":true}]}}