{"id":100156,"date":"2026-04-21T23:39:08","date_gmt":"2026-04-21T21:39:08","guid":{"rendered":"https:\/\/namarstyle.com\/product\/szafka-rtv-petra-180-2d1s-kaszmir\/"},"modified":"2026-04-21T23:39:08","modified_gmt":"2026-04-21T21:39:08","slug":"szafka-rtv-petra-kaszmir","status":"publish","type":"product","link":"https:\/\/namarstyle.com\/fr\/product\/szafka-rtv-petra-kaszmir\/","title":{"rendered":"Szafka RTV Petra kaszmir"},"content":{"rendered":"<p>Mebel dwudrzwiowy<br \/>\nSzuflada<br \/>\nOtwarta p\u00f3\u0142ka<br \/>\nFrezowane fronty i boki mebla<br \/>\nMetalowe n\u00f3\u017cki<br \/>\nMetalowe uchwyty<\/p>\n","protected":false},"excerpt":{"rendered":"<p>Blaty: p\u0142yta laminowana 16 mm, boki i fronty: p\u0142yta MDF 16 mm dekoracyjne frezy, n\u00f3\u017cki: metal<\/p>\n","protected":false},"featured_media":100153,"comment_status":"open","ping_status":"closed","template":"","meta":[],"product_brand":[],"product_cat":[189],"product_tag":[],"class_list":{"0":"post-100156","1":"product","2":"type-product","3":"status-publish","4":"has-post-thumbnail","6":"product_cat-ogrod","8":"first","9":"instock","10":"taxable","11":"shipping-taxable","12":"purchasable","13":"product-type-simple"},"_links":{"self":[{"href":"https:\/\/namarstyle.com\/fr\/wp-json\/wp\/v2\/product\/100156","targetHints":{"allow":["GET"]}}],"collection":[{"href":"https:\/\/namarstyle.com\/fr\/wp-json\/wp\/v2\/product"}],"about":[{"href":"https:\/\/namarstyle.com\/fr\/wp-json\/wp\/v2\/types\/product"}],"replies":[{"embeddable":true,"href":"https:\/\/namarstyle.com\/fr\/wp-json\/wp\/v2\/comments?post=100156"}],"version-history":[{"count":0,"href":"https:\/\/namarstyle.com\/fr\/wp-json\/wp\/v2\/product\/100156\/revisions"}],"wp:featuredmedia":[{"embeddable":true,"href":"https:\/\/namarstyle.com\/fr\/wp-json\/"}],"wp:attachment":[{"href":"https:\/\/namarstyle.com\/fr\/wp-json\/wp\/v2\/media?parent=100156"}],"wp:term":[{"taxonomy":"product_brand","embeddable":true,"href":"https:\/\/namarstyle.com\/fr\/wp-json\/wp\/v2\/product_brand?post=100156"},{"taxonomy":"product_cat","embeddable":true,"href":"https:\/\/namarstyle.com\/fr\/wp-json\/wp\/v2\/product_cat?post=100156"},{"taxonomy":"product_tag","embeddable":true,"href":"https:\/\/namarstyle.com\/fr\/wp-json\/wp\/v2\/product_tag?post=100156"}],"curies":[{"name":"wp","href":"https:\/\/api.w.org\/{rel}","templated":true}]}}