{"id":100027,"date":"2026-04-21T23:29:27","date_gmt":"2026-04-21T21:29:27","guid":{"rendered":"https:\/\/namarstyle.com\/product\/stolik-kawowy-wave-90x60-bialy-mat\/"},"modified":"2026-04-21T23:29:28","modified_gmt":"2026-04-21T21:29:28","slug":"stolik-kawowy-wave-bialy-mat","status":"publish","type":"product","link":"https:\/\/namarstyle.com\/fr\/product\/stolik-kawowy-wave-bialy-mat\/","title":{"rendered":"Stolik kawowy Wave bia\u0142y mat"},"content":{"rendered":"","protected":false},"excerpt":{"rendered":"<p>Korpus: p\u0142yta laminowana, fronty: p\u0142yta MDF, nogi: metal<\/p>\n","protected":false},"featured_media":100024,"comment_status":"open","ping_status":"closed","template":"","meta":[],"product_brand":[],"product_cat":[189],"product_tag":[],"class_list":{"0":"post-100027","1":"product","2":"type-product","3":"status-publish","4":"has-post-thumbnail","6":"product_cat-ogrod","8":"first","9":"instock","10":"taxable","11":"shipping-taxable","12":"purchasable","13":"product-type-simple"},"_links":{"self":[{"href":"https:\/\/namarstyle.com\/fr\/wp-json\/wp\/v2\/product\/100027","targetHints":{"allow":["GET"]}}],"collection":[{"href":"https:\/\/namarstyle.com\/fr\/wp-json\/wp\/v2\/product"}],"about":[{"href":"https:\/\/namarstyle.com\/fr\/wp-json\/wp\/v2\/types\/product"}],"replies":[{"embeddable":true,"href":"https:\/\/namarstyle.com\/fr\/wp-json\/wp\/v2\/comments?post=100027"}],"version-history":[{"count":0,"href":"https:\/\/namarstyle.com\/fr\/wp-json\/wp\/v2\/product\/100027\/revisions"}],"wp:featuredmedia":[{"embeddable":true,"href":"https:\/\/namarstyle.com\/fr\/wp-json\/wp\/v2\/media\/100024"}],"wp:attachment":[{"href":"https:\/\/namarstyle.com\/fr\/wp-json\/wp\/v2\/media?parent=100027"}],"wp:term":[{"taxonomy":"product_brand","embeddable":true,"href":"https:\/\/namarstyle.com\/fr\/wp-json\/wp\/v2\/product_brand?post=100027"},{"taxonomy":"product_cat","embeddable":true,"href":"https:\/\/namarstyle.com\/fr\/wp-json\/wp\/v2\/product_cat?post=100027"},{"taxonomy":"product_tag","embeddable":true,"href":"https:\/\/namarstyle.com\/fr\/wp-json\/wp\/v2\/product_tag?post=100027"}],"curies":[{"name":"wp","href":"https:\/\/api.w.org\/{rel}","templated":true}]}}