{"id":100012,"date":"2026-04-21T23:29:01","date_gmt":"2026-04-21T21:29:01","guid":{"rendered":"https:\/\/namarstyle.com\/product\/szafka-rtv-wave-200-4d-bialy-mat\/"},"modified":"2026-04-21T23:29:04","modified_gmt":"2026-04-21T21:29:04","slug":"szafka-rtv-wave-bialy-mat-3","status":"publish","type":"product","link":"https:\/\/namarstyle.com\/fr\/product\/szafka-rtv-wave-bialy-mat-3\/","title":{"rendered":"Szafka RTV Wave bia\u0142y mat"},"content":{"rendered":"","protected":false},"excerpt":{"rendered":"<p>Korpus: p\u0142yta laminowana, fronty: p\u0142yta MDF, nogi: metal<\/p>\n","protected":false},"featured_media":100010,"comment_status":"open","ping_status":"closed","template":"","meta":[],"product_brand":[],"product_cat":[189],"product_tag":[],"class_list":{"0":"post-100012","1":"product","2":"type-product","3":"status-publish","4":"has-post-thumbnail","6":"product_cat-ogrod","8":"first","9":"instock","10":"taxable","11":"shipping-taxable","12":"purchasable","13":"product-type-simple"},"_links":{"self":[{"href":"https:\/\/namarstyle.com\/fr\/wp-json\/wp\/v2\/product\/100012","targetHints":{"allow":["GET"]}}],"collection":[{"href":"https:\/\/namarstyle.com\/fr\/wp-json\/wp\/v2\/product"}],"about":[{"href":"https:\/\/namarstyle.com\/fr\/wp-json\/wp\/v2\/types\/product"}],"replies":[{"embeddable":true,"href":"https:\/\/namarstyle.com\/fr\/wp-json\/wp\/v2\/comments?post=100012"}],"version-history":[{"count":0,"href":"https:\/\/namarstyle.com\/fr\/wp-json\/wp\/v2\/product\/100012\/revisions"}],"wp:featuredmedia":[{"embeddable":true,"href":"https:\/\/namarstyle.com\/fr\/wp-json\/wp\/v2\/media\/100010"}],"wp:attachment":[{"href":"https:\/\/namarstyle.com\/fr\/wp-json\/wp\/v2\/media?parent=100012"}],"wp:term":[{"taxonomy":"product_brand","embeddable":true,"href":"https:\/\/namarstyle.com\/fr\/wp-json\/wp\/v2\/product_brand?post=100012"},{"taxonomy":"product_cat","embeddable":true,"href":"https:\/\/namarstyle.com\/fr\/wp-json\/wp\/v2\/product_cat?post=100012"},{"taxonomy":"product_tag","embeddable":true,"href":"https:\/\/namarstyle.com\/fr\/wp-json\/wp\/v2\/product_tag?post=100012"}],"curies":[{"name":"wp","href":"https:\/\/api.w.org\/{rel}","templated":true}]}}