{"id":29793,"date":"2025-05-11T15:57:30","date_gmt":"2025-05-11T13:57:30","guid":{"rendered":"https:\/\/namarstyle.com\/politique-de-confidentialite-2\/"},"modified":"2025-10-13T20:32:32","modified_gmt":"2025-10-13T18:32:32","slug":"politique-de-confidentialite-2","status":"publish","type":"page","link":"https:\/\/namarstyle.com\/fr\/politique-de-confidentialite-2\/","title":{"rendered":"Politique de confidentialit\u00e9"},"content":{"rendered":"\n<h3 class=\"wp-block-heading has-medium-font-size\"><strong>POLITIQUE DE CONFIDENTIALIT\u00c9 DE LA BOUTIQUE NAMARSTYLE<\/strong><\/h3>\n\n<p><strong>Date de la derni\u00e8re mise \u00e0 jour : 22.07.2025 r.<\/strong><\/p>\n\n<h3 class=\"wp-block-heading\">1) Informations g\u00e9n\u00e9rales<\/h3>\n\n<p>La pr\u00e9sente politique de confidentialit\u00e9 d\u00e9finit les r\u00e8gles relatives au traitement des donn\u00e9es personnelles et \u00e0 l&rsquo;utilisation de cookies par la boutique en ligne NamarStyle g\u00e9r\u00e9e par Marcel Ol\u0119dzki, op\u00e9rant sous le nom <strong>Namarstyle Marcel Ol\u0119dzki<\/strong>, NIP : 8722454944, REGON : 542064960, dont le si\u00e8ge social est situ\u00e9 \u00e0 <strong>Borowa 182, 39-215 Czarna, Pologne.<\/strong><\/p>\n\n<h3 class=\"wp-block-heading\">2 Responsable du traitement des donn\u00e9es<\/h3>\n\n<p>L&rsquo;administrateur des donn\u00e9es personnelles est Marcel Ol\u0119dzki, qui exerce ses activit\u00e9s sous le nom de <strong>Namarstyle Marcel Ol\u0119dzki<\/strong>.<br\/>Pour toute question concernant la protection des donn\u00e9es personnelles, veuillez nous contacter \u00e0 l&rsquo;adresse \u00e9lectronique suivante : <strong>\n  <a>contact@namarstyle.com<\/a>\n<\/strong>avec la mention \u00ab\u00a0Protection des donn\u00e9es\u00a0\u00bb.<\/p>\n\n<h3 class=\"wp-block-heading\">3 Finalit\u00e9s et motifs du traitement des donn\u00e9es<\/h3>\n\n<p>Les donn\u00e9es \u00e0 caract\u00e8re personnel sont trait\u00e9es conform\u00e9ment \u00e0 l&rsquo;article 6, paragraphe 1, du RODO aux fins suivantes :  <\/p>\n\n<ul class=\"wp-block-list\">\n<li>l&rsquo;ex\u00e9cution du contrat de vente, la gestion du compte et les commandes (article 6, paragraphe 1, point b)),<\/li>\n\n\n\n<li>le respect des obligations fiscales, comptables, de garantie et de r\u00e9clamation (article 6, paragraphe 1, point c)),<\/li>\n\n\n\n<li>la conduite de la correspondance, des demandes de renseignements et des contacts (article 6, paragraphe 1, point f)),<\/li>\n\n\n\n<li>assurer le fonctionnement du magasin et la s\u00e9curit\u00e9 des syst\u00e8mes (article 6, paragraphe 1, point f)),<\/li>\n\n\n\n<li>le marketing &#8211; uniquement sur la base du consentement (article 6, paragraphe 1, point a)).<\/li>\n<\/ul>\n\n<p><strong>Note :<\/strong> Les plaintes ne sont trait\u00e9es que sur la base des \u00e9l\u00e9ments suivants  <strong>Article 6, paragraphe 1, points b) et c) RODO  <\/strong>  (conform\u00e9ment \u00e0 la r\u00e9glementation).<\/p>\n\n<h3 class=\"wp-block-heading\">4 Champ d&rsquo;application du traitement des donn\u00e9es<\/h3>\n\n<p>En fonction de la finalit\u00e9 du traitement, nous collectons les donn\u00e9es suivantes :<\/p>\n\n<ul class=\"wp-block-list\">\n<li>nom,<\/li>\n\n\n\n<li>l&rsquo;adresse \u00e9lectronique et le num\u00e9ro de t\u00e9l\u00e9phone (\u00e9galement \u00e0 des fins de contact marketing),<\/li>\n\n\n\n<li>l&rsquo;adresse de livraison et de facturation,<\/li>\n\n\n\n<li>les donn\u00e9es de la facture (le cas \u00e9ch\u00e9ant),<\/li>\n\n\n\n<li>les donn\u00e9es de paiement, l&rsquo;historique des commandes et l&rsquo;\u00e9tat des livraisons,<\/li>\n\n\n\n<li>les d\u00e9tails du compte de l&rsquo;utilisateur,<\/li>\n\n\n\n<li>les donn\u00e9es contenues dans la correspondance envoy\u00e9e.<\/li>\n<\/ul>\n\n<p><strong>Nous ne traitons pas de donn\u00e9es sensibles<\/strong> (p. ex. sant\u00e9, g\u00e9n\u00e9tique). Si elles sont envoy\u00e9es accidentellement, elles seront imm\u00e9diatement supprim\u00e9es. <\/p>\n\n<h3 class=\"wp-block-heading\">5 Destinataires et traitement des donn\u00e9es<\/h3>\n\n<p>Les donn\u00e9es personnelles peuvent \u00eatre partag\u00e9es :<\/p>\n\n<ul class=\"wp-block-list\">\n<li>les entreprises de messagerie qui livrent les commandes (par exemple DPD, InPost, GLS),<\/li>\n\n\n\n<li>les op\u00e9rateurs de paiement (par exemple Przelewy24, PayU, Klarna, Stripe),<\/li>\n\n\n\n<li>les fournisseurs externes de dropshipping (agissant en tant que contr\u00f4leurs de donn\u00e9es distincts),<\/li>\n\n\n\n<li>les entit\u00e9s qui traitent des donn\u00e9es en notre nom sur la base d&rsquo;un accord de transfert de donn\u00e9es (conform\u00e9ment \u00e0 l&rsquo;article 28 du RODO), par exemple les cabinets comptables, les fournisseurs d&rsquo;h\u00e9bergement, les agences informatiques,<\/li>\n\n\n\n<li>aux autorit\u00e9s publiques, si cela r\u00e9sulte d&rsquo;une obligation l\u00e9gale.<\/li>\n<\/ul>\n\n<p>Les donn\u00e9es ne sont pas transf\u00e9r\u00e9es en dehors de l&rsquo;EEE \u00e0 moins que cela ne soit n\u00e9cessaire, conform\u00e9ment aux articles 46-49 du RODO, et qu&rsquo;elles soient s\u00e9curis\u00e9es (par exemple, par des clauses contractuelles types). <\/p>\n\n<h3 class=\"wp-block-heading\">6 Temps de stockage des donn\u00e9es<\/h3>\n\n<p>Nous stockons les donn\u00e9es :<\/p>\n\n<ul class=\"wp-block-list\">\n<li>jusqu&rsquo;\u00e0 ce que le compte d&rsquo;utilisateur soit supprim\u00e9,<\/li>\n\n\n\n<li>pendant 5 ans \u00e0 des fins fiscales et comptables,<\/li>\n\n\n\n<li>au d\u00e9lai de prescription des actions civiles (g\u00e9n\u00e9ralement 6 ans),<\/li>\n\n\n\n<li>jusqu&rsquo;\u00e0 ce que vous retiriez votre consentement &#8211; dans le cas de donn\u00e9es trait\u00e9es sur la base d&rsquo;un consentement marketing.<\/li>\n<\/ul>\n\n<p>Apr\u00e8s ces p\u00e9riodes, les donn\u00e9es sont supprim\u00e9es ou anonymis\u00e9es.<\/p>\n\n<h3 class=\"wp-block-heading\">7 Droits des personnes concern\u00e9es<\/h3>\n\n<p>Vous avez le droit de :<\/p>\n\n<ul class=\"wp-block-list\">\n<li>l&rsquo;acc\u00e8s \u00e0 leurs donn\u00e9es,<\/li>\n\n\n\n<li>leur rectification,<\/li>\n\n\n\n<li>la suppression (\u00ab\u00a0droit \u00e0 l&rsquo;oubli\u00a0\u00bb),<\/li>\n\n\n\n<li>limitation du traitement,<\/li>\n\n\n\n<li>le transfert de donn\u00e9es \u00e0 un autre responsable du traitement,<\/li>\n\n\n\n<li>de s&rsquo;opposer au traitement,<\/li>\n\n\n\n<li>retirer son consentement \u00e0 tout moment.<\/li>\n<\/ul>\n\n<p><strong>Retirer son consentement au marketing :<\/strong> vous pouvez le faire en cliquant sur \u00ab\u00a0I opt out\u00a0\u00bb dans le pied de page du message marketing ou en \u00e9crivant \u00e0 : <strong>\n  <a>contact@namarstyle.com<\/a>\n<\/strong><\/p>\n\n<p><strong>Mise \u00e0 jour des donn\u00e9es :<\/strong> Pour mettre \u00e0 jour vos donn\u00e9es, connectez-vous \u00e0 votre compte ou \u00e9crivez un message \u00e0 l&rsquo;adresse \u00e9lectronique ci-dessus.<\/p>\n\n<p><strong>Vous avez \u00e9galement le droit d&rsquo;introduire une r\u00e9clamation aupr\u00e8s du pr\u00e9sident de l&rsquo;autorit\u00e9 de protection des donn\u00e9es<a>(https:\/\/uodo.gov.pl).<\/a><\/strong>.<\/p>\n\n<h3 class=\"wp-block-heading\">8 Prise de d\u00e9cision automatique<\/h3>\n\n<p><strong>Nous n&rsquo;utilisons pas la prise de d\u00e9cision automatis\u00e9e, y compris le profilage<\/strong>, qui pourrait avoir des effets juridiques ou vous affecter mat\u00e9riellement.<\/p>\n\n<h3 class=\"wp-block-heading\">9 Cookies<\/h3>\n\n<p>Le site web utilise des cookies pour :<\/p>\n\n<ul class=\"wp-block-list\">\n<li>pour garantir un fonctionnement correct et des sessions de connexion,<\/li>\n\n\n\n<li>la m\u00e9morisation des param\u00e8tres de l&rsquo;utilisateur,<\/li>\n\n\n\n<li>la s\u00e9curit\u00e9 du formulaire (par exemple CAPTCHA).<\/li>\n<\/ul>\n\n<p>La base juridique de l&rsquo;utilisation des cookies est l&rsquo;article 6, paragraphe 1, point f), du RODO (int\u00e9r\u00eat l\u00e9gitime de l&rsquo;administrateur).<br\/>L&rsquo;utilisateur peut g\u00e9rer les cookies dans les param\u00e8tres du navigateur.<br\/>Si des cookies analytiques ou de marketing sont introduits, une banni\u00e8re de consentement sera mise en place conform\u00e9ment au RODO et \u00e0 l&rsquo;ePrivacy.  <\/p>\n\n<h3 class=\"wp-block-heading\">10 Modifications de la politique<\/h3>\n\n<p>Nous nous r\u00e9servons le droit d&rsquo;apporter des modifications. La version actuelle du document est toujours disponible sur le site web du magasin.<br\/>Nous vous informerons des changements importants par une annonce s\u00e9par\u00e9e ou par courrier \u00e9lectronique. <\/p>\n\n<h3 class=\"wp-block-heading\">11 Contact<\/h3>\n\n<p>Pour les questions relatives \u00e0 la protection des donn\u00e9es, veuillez contacter<br\/><strong>\n  <a>contact@namarstyle.com<\/a>\n<\/strong> (avec la mention \u00ab\u00a0Protection des donn\u00e9es\u00a0\u00bb).<\/p>\n\n<p><\/p>\n","protected":false},"excerpt":{"rendered":"<p>POLITIQUE DE CONFIDENTIALIT\u00c9 DE LA BOUTIQUE NAMARSTYLE Date de la derni\u00e8re mise \u00e0 jour : 22.07.2025 r. 1) Informations g\u00e9n\u00e9rales<\/p>\n","protected":false},"author":1,"featured_media":0,"parent":0,"menu_order":0,"comment_status":"closed","ping_status":"closed","template":"","meta":{"footnotes":""},"class_list":["post-29793","page","type-page","status-publish","hentry"],"_links":{"self":[{"href":"https:\/\/namarstyle.com\/fr\/wp-json\/wp\/v2\/pages\/29793","targetHints":{"allow":["GET"]}}],"collection":[{"href":"https:\/\/namarstyle.com\/fr\/wp-json\/wp\/v2\/pages"}],"about":[{"href":"https:\/\/namarstyle.com\/fr\/wp-json\/wp\/v2\/types\/page"}],"author":[{"embeddable":true,"href":"https:\/\/namarstyle.com\/fr\/wp-json\/wp\/v2\/users\/1"}],"replies":[{"embeddable":true,"href":"https:\/\/namarstyle.com\/fr\/wp-json\/wp\/v2\/comments?post=29793"}],"version-history":[{"count":2,"href":"https:\/\/namarstyle.com\/fr\/wp-json\/wp\/v2\/pages\/29793\/revisions"}],"predecessor-version":[{"id":55249,"href":"https:\/\/namarstyle.com\/fr\/wp-json\/wp\/v2\/pages\/29793\/revisions\/55249"}],"wp:attachment":[{"href":"https:\/\/namarstyle.com\/fr\/wp-json\/wp\/v2\/media?parent=29793"}],"curies":[{"name":"wp","href":"https:\/\/api.w.org\/{rel}","templated":true}]}}