{"id":29787,"date":"2025-06-10T14:12:48","date_gmt":"2025-06-10T12:12:48","guid":{"rendered":"https:\/\/namarstyle.com\/a-propos-de-nous\/"},"modified":"2025-09-01T19:37:35","modified_gmt":"2025-09-01T17:37:35","slug":"qui-sommes-nous","status":"publish","type":"page","link":"https:\/\/namarstyle.com\/fr\/qui-sommes-nous\/","title":{"rendered":"Qui sommes-nous"},"content":{"rendered":"\t\t<div data-elementor-type=\"wp-page\" data-elementor-id=\"29787\" class=\"elementor elementor-29787 elementor-28907\">\n\t\t\t\t<div class=\"wd-negative-gap elementor-element elementor-element-7c0bc545 e-flex e-con-boxed e-con e-parent\" data-id=\"7c0bc545\" data-element_type=\"container\" data-e-type=\"container\">\n\t\t\t\t\t<div class=\"e-con-inner\">\n\t\t\t\t<div class=\"elementor-element elementor-element-5c615e44 color-scheme-inherit text-left elementor-widget elementor-widget-text-editor\" data-id=\"5c615e44\" data-element_type=\"widget\" data-e-type=\"widget\" data-widget_type=\"text-editor.default\">\n\t\t\t\t<div class=\"elementor-widget-container\">\n\t\t\t\t\t\t\t\t\t\n<p class=\"has-medium-font-size\">Nous avons cr\u00e9\u00e9 NamarStyle en tant que couple de jeunes gens passionn\u00e9s par les beaux int\u00e9rieurs et la vie en harmonie avec la nature.<br>Nous aimons combiner le style, le confort et la fonctionnalit\u00e9 &#8211; c&rsquo;est pourquoi vous trouverez dans notre boutique des meubles et des accessoires soigneusement s\u00e9lectionn\u00e9s qui transformeront votre espace.<\/p>\n\n<p class=\"has-medium-font-size\">Nous pensons qu&rsquo;une maison est plus que quatre murs &#8211; c&rsquo;est un endroit qui doit vous inspirer, vous envelopper et vous donner envie d&rsquo;\u00eatre.<\/p>\n\n<p class=\"has-medium-font-size\">Bienvenue dans le monde de NamarStyle &#8211; mettez-vous \u00e0 l&rsquo;aise !<\/p>\n\n<p> <\/p>\n\t\t\t\t\t\t\t\t<\/div>\n\t\t\t\t<\/div>\n\t\t\t\t\t<\/div>\n\t\t\t\t<\/div>\n\t\t\t\t<\/div>\n\t\t","protected":false},"excerpt":{"rendered":"<p>Nous avons cr\u00e9\u00e9 NamarStyle en tant que couple de jeunes gens passionn\u00e9s par les beaux int\u00e9rieurs et la vie en<\/p>\n","protected":false},"author":1,"featured_media":0,"parent":0,"menu_order":0,"comment_status":"closed","ping_status":"closed","template":"","meta":{"footnotes":""},"class_list":["post-29787","page","type-page","status-publish","hentry"],"_links":{"self":[{"href":"https:\/\/namarstyle.com\/fr\/wp-json\/wp\/v2\/pages\/29787","targetHints":{"allow":["GET"]}}],"collection":[{"href":"https:\/\/namarstyle.com\/fr\/wp-json\/wp\/v2\/pages"}],"about":[{"href":"https:\/\/namarstyle.com\/fr\/wp-json\/wp\/v2\/types\/page"}],"author":[{"embeddable":true,"href":"https:\/\/namarstyle.com\/fr\/wp-json\/wp\/v2\/users\/1"}],"replies":[{"embeddable":true,"href":"https:\/\/namarstyle.com\/fr\/wp-json\/wp\/v2\/comments?post=29787"}],"version-history":[{"count":0,"href":"https:\/\/namarstyle.com\/fr\/wp-json\/wp\/v2\/pages\/29787\/revisions"}],"wp:attachment":[{"href":"https:\/\/namarstyle.com\/fr\/wp-json\/wp\/v2\/media?parent=29787"}],"curies":[{"name":"wp","href":"https:\/\/api.w.org\/{rel}","templated":true}]}}