{"id":29783,"date":"2025-05-16T14:42:40","date_gmt":"2025-05-16T12:42:40","guid":{"rendered":"https:\/\/namarstyle.com\/lien-vers-la-politique-en-matiere-de-cookies\/"},"modified":"2025-10-13T20:34:04","modified_gmt":"2025-10-13T18:34:04","slug":"politique-de-cookies","status":"publish","type":"page","link":"https:\/\/namarstyle.com\/fr\/politique-de-cookies\/","title":{"rendered":"Lien vers la politique en mati\u00e8re de cookies"},"content":{"rendered":"\n<h2 class=\"wp-block-heading\">POLITIQUE EN MATI\u00c8RE DE COOKIES DE NAMARSTYLE<\/h2>\n\n<p><strong>Date de la derni\u00e8re mise \u00e0 jour : 08 ao\u00fbt 2025.<\/strong><\/p>\n\n<h3 class=\"wp-block-heading\">\u00a71 Responsable du traitement des donn\u00e9es<\/h3>\n\n<p>L&rsquo;administrateur des donn\u00e9es collect\u00e9es au moyen de cookies est Namarstyle Marcel Ol\u0119dzki, NIP : 8722454944, REGON : 542064960, dont le si\u00e8ge social est situ\u00e9 \u00e0 ul. Borowa 182, 39-215 Czarna, Pologne. Contact : contact@namarstyle.com.  <\/p>\n\n<hr class=\"wp-block-separator has-alpha-channel-opacity\"\/>\n\n<h3 class=\"wp-block-heading\">\u00a72 Qu&rsquo;est-ce qu&rsquo;un cookie ?<\/h3>\n\n<p>Les cookies sont de petits fichiers texte qui sont stock\u00e9s sur le terminal de l&rsquo;utilisateur. Ils permettent au site web de fonctionner correctement, de m\u00e9moriser vos pr\u00e9f\u00e9rences et de s\u00e9curiser votre session. Ils ne modifient pas la configuration de votre appareil.  <\/p>\n\n<hr class=\"wp-block-separator has-alpha-channel-opacity\"\/>\n\n<h3 class=\"wp-block-heading\">\u00a73 Types de cookies utilis\u00e9s<\/h3>\n\n<p>Dans notre boutique, nous n&rsquo;utilisons <strong>actuellement<\/strong> que :<br\/>\ud83d\udd10 <strong>Des cookies n\u00e9cessaires :<\/strong><\/p>\n\n<ul class=\"wp-block-list\">\n<li><strong>Bas\u00e9 sur la session<\/strong> &#8211; supprim\u00e9 lorsque le navigateur est ferm\u00e9, il conserve la session de l&rsquo;utilisateur.<\/li>\n\n\n\n<li><strong>Durables<\/strong> &#8211; stock\u00e9s pendant un maximum de 12 mois, ils se souviennent des param\u00e8tres.<\/li>\n\n\n\n<li><strong>Technique<\/strong> &#8211; responsable de la connexion, du panier d&rsquo;achat et des param\u00e8tres linguistiques.<\/li>\n<\/ul>\n\n<p>\ud83d\udccc <strong>\u00c0 l&rsquo;avenir (avec votre consentement),<\/strong> mise en \u0153uvre possible de :<br\/>\ud83d\udcca <strong>Cookies<\/strong> analytiques (par exemple Google Analytics &#8211; pour l&rsquo;analyse anonyme du trafic)<br\/>\ud83c\udfaf <strong>Cookies marketing<\/strong> (par exemple Facebook Pixel &#8211; pour la personnalisation des annonces).<\/p>\n\n<hr class=\"wp-block-separator has-alpha-channel-opacity\"\/>\n\n<h3 class=\"wp-block-heading\">\u00a74 Donn\u00e9es trait\u00e9es dans les cookies<\/h3>\n\n<p><strong>Donn\u00e9es trait\u00e9es :<\/strong><\/p>\n\n<ul class=\"wp-block-list\">\n<li>Adresse IP (anonymis\u00e9e \u00e0 des fins de s\u00e9curit\u00e9)<\/li>\n\n\n\n<li>ID de la session<\/li>\n\n\n\n<li>Contenu du panier<\/li>\n\n\n\n<li>Statut de connexion<\/li>\n<\/ul>\n\n<p>Nous ne traitons des <strong>donn\u00e9es personnelles compl\u00e8tes (par exemple, le nom, l&rsquo;adresse)<\/strong> que si vous les avez fournies en toute connaissance de cause (par exemple, lors d&rsquo;un achat ou d&rsquo;une connexion).<\/p>\n\n<p><strong>P\u00e9riode de conservation des donn\u00e9es :<\/strong><\/p>\n\n<ul class=\"wp-block-list\">\n<li>Cookies de session : supprim\u00e9s lorsque le navigateur est ferm\u00e9<\/li>\n\n\n\n<li>Cookies persistants : stock\u00e9s pour une dur\u00e9e maximale de 12 mois.<\/li>\n\n\n\n<li>Donn\u00e9es du panier : maximum 30 jours d&rsquo;inactivit\u00e9<\/li>\n<\/ul>\n\n<hr class=\"wp-block-separator has-alpha-channel-opacity\"\/>\n\n<h3 class=\"wp-block-heading\">\u00a75 Base juridique du traitement<\/h3>\n\n<p>Pour les cookies <strong>essentiels<\/strong>, la base du traitement des donn\u00e9es est la suivante  <strong>Article 6, paragraphe 1, point f) RODO  <\/strong>c&rsquo;est-\u00e0-dire l&rsquo;int\u00e9r\u00eat l\u00e9gitime de l&rsquo;administrateur, qui est : <\/p>\n\n<ul class=\"wp-block-list\">\n<li>\ud83d\uded2 Fourniture des fonctionnalit\u00e9s de base de la boutique (par exemple, connexion, panier d&rsquo;achat)<\/li>\n\n\n\n<li>\ud83d\udd10 S\u00e9curisation de la boutique contre les attaques (par exemple, par force brute)<\/li>\n\n\n\n<li>\u2699\ufe0f Permettre la finalisation d&rsquo;une commande<\/li>\n<\/ul>\n\n<p><strong>Exemple d&rsquo;int\u00e9r\u00eat juridique :<\/strong> Blocage de 5 tentatives de connexion \u00e9chou\u00e9es pour prot\u00e9ger le compte.<\/p>\n\n<p>Pour les cookies <strong>analytiques et de marketing<\/strong>, la base de traitement sera <strong>votre consentement (article 6, paragraphe 1, point a), du RODO).<\/strong><\/p>\n\n<hr class=\"wp-block-separator has-alpha-channel-opacity\"\/>\n\n<h3 class=\"wp-block-heading\">\u00a76 Consentement aux cookies<\/h3>\n\n<p>Lors de votre premi\u00e8re visite sur le site, nous affichons une banni\u00e8re d&rsquo;information avec l&rsquo;option d&rsquo;accepter certaines cat\u00e9gories de cookies.<\/p>\n\n<p><strong>Retrait du consentement :<\/strong><br\/>Vous pouvez \u00e0 tout moment retirer votre consentement pour les cookies non essentiels :<\/p>\n\n<ul class=\"wp-block-list\">\n<li>via les param\u00e8tres de votre navigateur (par exemple, suppression des cookies),<\/li>\n\n\n\n<li>par un futur panneau de gestion du consentement (par exemple CookieYes).<br\/>Le retrait du consentement n&rsquo;affecte pas la l\u00e9galit\u00e9 du traitement avant le retrait.<\/li>\n<\/ul>\n\n<hr class=\"wp-block-separator has-alpha-channel-opacity\"\/>\n\n<h3 class=\"wp-block-heading\">\u00a77 Gestion des cookies<\/h3>\n\n<p>Actuellement, il n&rsquo;est possible de g\u00e9rer les cookies que par l&rsquo;interm\u00e9diaire de votre navigateur (par exemple Chrome, Firefox, Safari).<br\/>D\u00e8s qu&rsquo;un syst\u00e8me appropri\u00e9 (par exemple <strong>CookieYes<\/strong>) aura \u00e9t\u00e9 mis en place, nous vous donnerons la possibilit\u00e9 d&rsquo;accepter s\u00e9lectivement certains types de cookies.<\/p>\n\n<hr class=\"wp-block-separator has-alpha-channel-opacity\"\/>\n\n<h3 class=\"wp-block-heading\">\u00a78 Lien vers la politique de confidentialit\u00e9<\/h3>\n\n<p>Pour plus d&rsquo;informations sur les principes du traitement des donn\u00e9es personnelles, consultez notre :<br\/>\ud83d\udc49 <a class=\"\" href=\"https:\/\/twojadomena.pl\/polityka-prywatnosci\">Politique de confidentialit\u00e9<\/a><\/p>\n\n<hr class=\"wp-block-separator has-alpha-channel-opacity\"\/>\n\n<h3 class=\"wp-block-heading\">\u00a79 Modifications de la politique en mati\u00e8re de cookies<\/h3>\n\n<p>Nous nous r\u00e9servons le droit d&rsquo;apporter des modifications au pr\u00e9sent document.<br\/>Nous vous informerons des modifications importantes par une banni\u00e8re sur la page d&rsquo;accueil <strong>au moins 14 jours avant leur entr\u00e9e en vigueur<\/strong>.<\/p>\n","protected":false},"excerpt":{"rendered":"<p>POLITIQUE EN MATI\u00c8RE DE COOKIES DE NAMARSTYLE Date de la derni\u00e8re mise \u00e0 jour : 08 ao\u00fbt 2025. \u00a71 Responsable<\/p>\n","protected":false},"author":1,"featured_media":0,"parent":0,"menu_order":0,"comment_status":"closed","ping_status":"closed","template":"","meta":{"footnotes":""},"class_list":["post-29783","page","type-page","status-publish","hentry"],"_links":{"self":[{"href":"https:\/\/namarstyle.com\/fr\/wp-json\/wp\/v2\/pages\/29783","targetHints":{"allow":["GET"]}}],"collection":[{"href":"https:\/\/namarstyle.com\/fr\/wp-json\/wp\/v2\/pages"}],"about":[{"href":"https:\/\/namarstyle.com\/fr\/wp-json\/wp\/v2\/types\/page"}],"author":[{"embeddable":true,"href":"https:\/\/namarstyle.com\/fr\/wp-json\/wp\/v2\/users\/1"}],"replies":[{"embeddable":true,"href":"https:\/\/namarstyle.com\/fr\/wp-json\/wp\/v2\/comments?post=29783"}],"version-history":[{"count":2,"href":"https:\/\/namarstyle.com\/fr\/wp-json\/wp\/v2\/pages\/29783\/revisions"}],"predecessor-version":[{"id":55253,"href":"https:\/\/namarstyle.com\/fr\/wp-json\/wp\/v2\/pages\/29783\/revisions\/55253"}],"wp:attachment":[{"href":"https:\/\/namarstyle.com\/fr\/wp-json\/wp\/v2\/media?parent=29783"}],"curies":[{"name":"wp","href":"https:\/\/api.w.org\/{rel}","templated":true}]}}