{"id":29743,"date":"2025-05-11T15:52:40","date_gmt":"2025-05-11T13:52:40","guid":{"rendered":"https:\/\/namarstyle.com\/reglementation\/"},"modified":"2025-10-13T20:19:01","modified_gmt":"2025-10-13T18:19:01","slug":"reglementation","status":"publish","type":"page","link":"https:\/\/namarstyle.com\/fr\/reglementation\/","title":{"rendered":"R\u00e9glementation"},"content":{"rendered":"\n<h2 class=\"wp-block-heading\"><strong>CONDITIONS D&rsquo;UTILISATION DE LA BOUTIQUE EN LIGNE NAMARSTYLE<\/strong><\/h2>\n\n<p>En vigueur \u00e0 partir du 22 juillet 2025.<\/p>\n\n<hr class=\"wp-block-separator has-alpha-channel-opacity\"\/>\n\n<h3 class=\"wp-block-heading\">\u00a71 D\u00e9tails du vendeur<\/h3>\n\n<p><strong>NamarStyle Marcel Ol\u0119dzki<\/strong><br\/>Borowa 182, 39-215 Czarna, Poland<br\/>NIP : PL 8722454944, REGON : 542064960<br\/>E-mail : contact@namarstyle.com<br\/>T\u00e9l\u00e9phone : +48 791 579 541<\/p>\n\n<p><strong>Espagne (donn\u00e9es d&rsquo;identification) :<\/strong><br\/>Nombre : NamarStyle Marcel Ol\u0119dzki<br\/>Direcci\u00f3n : Borowa 182, 39-215 Czarna, Polonia<br\/>NIF : PL 8722454944<br\/>Tel\u00e9fono : +48 791 579 541<\/p>\n\n<p><strong>France (donn\u00e9es d&rsquo;identification) :<\/strong><br\/>Nom : NamarStyle Marcel Ol\u0119dzki<br\/>Addressse : Borowa 182, 39-215 Czarna, Pologne<br\/>NIF : PL 8722454944<br\/>T\u00e9l\u00e9phone : +48 791 579 541<\/p>\n\n<hr class=\"wp-block-separator has-alpha-channel-opacity\"\/>\n\n<h3 class=\"wp-block-heading\">\u00a72 D\u00e9finitions<\/h3>\n\n<p>Consommateur &#8211; personne physique effectuant un achat en dehors du cadre de l&rsquo;activit\u00e9 professionnelle (article 22\u00b9 du Code civil).<br\/>Entrepreneur sur les droits du consommateur &#8211; personne physique achetant des biens dans le cadre de l&rsquo;activit\u00e9 professionnelle, mais \u00e0 titre non professionnel (article 38a de l&rsquo;A.P.C.).<br\/>Marchandise &#8211; un article physique propos\u00e9 dans la boutique.<br\/>Vendeur &#8211; NamarStyle Marcel Ol\u0119dzki (partie contractante).<br\/>Fournisseur &#8211; une entit\u00e9 externe aupr\u00e8s de laquelle le vendeur se procure des marchandises.<br\/>Contrat de vente &#8211; un contrat conclu \u00e0 distance entre la boutique et le client.<\/p>\n\n<hr class=\"wp-block-separator has-alpha-channel-opacity\"\/>\n\n<h3 class=\"wp-block-heading\">\u00a73 Produits et prix<\/h3>\n\n<p>Les prix sont exprim\u00e9s en PLN et en EUR (selon le taux de change moyen de la Banque nationale de Pologne, mis \u00e0 jour quotidiennement \u00e0 10h00) et <strong>incluent la TVA \/ IVA \/ TVA<\/strong>.<br\/>Le prix promotionnel inclut des informations sur le prix le plus bas de 30 jours avant la r\u00e9duction (R\u00e8glement UE 2019\/771).<br\/>Dropshipping : les marchandises peuvent \u00eatre exp\u00e9di\u00e9es directement par le fournisseur &#8211; sans affecter les droits des consommateurs.<\/p>\n\n<hr class=\"wp-block-separator has-alpha-channel-opacity\"\/>\n\n<h3 class=\"wp-block-heading\">\u00a74 Passer des commandes et conclure des contrats<\/h3>\n\n<p>Le fait de passer commande via le formulaire en ligne constitue une offre d&rsquo;achat.<br\/>Un contrat n&rsquo;est conclu que lorsque la disponibilit\u00e9 des marchandises chez le fournisseur a \u00e9t\u00e9 confirm\u00e9e.<br\/>Les prix et la disponibilit\u00e9 sont contraignants une fois que le client a cliqu\u00e9 sur \u00ab\u00a0Commander et payer\u00a0\u00bb.<br\/>Le client re\u00e7oit une confirmation de commande par courrier \u00e9lectronique avec la date et l&rsquo;heure (article 12 de la directive 2011\/83\/UE).<\/p>\n\n<hr class=\"wp-block-separator has-alpha-channel-opacity\"\/>\n\n<h3 class=\"wp-block-heading\">\u00a75 Paiement<\/h3>\n\n<p>M\u00e9thodes disponibles : paiement en ligne (carte, BLIK, transfert express, Paynow, Stripe, PayPal) et virement traditionnel.<br\/>D\u00e9lai de paiement pour le virement traditionnel &#8211; 14 jours calendaires (art. 12 de l&rsquo;A.P.C.).<\/p>\n\n<hr class=\"wp-block-separator has-alpha-channel-opacity\"\/>\n\n<h3 class=\"wp-block-heading\">\u00a76 Livraison<\/h3>\n\n<p>Livraison disponible en Pologne, en Espagne et en France.<br\/>Livraison par des soci\u00e9t\u00e9s de messagerie.<br\/>Livraison des marchandises au plus tard dans les 30 jours calendaires suivant la conclusion du contrat (article 10 du CPP).<br\/>Le num\u00e9ro de suivi sera envoy\u00e9 dans les 24 heures suivant le transfert des marchandises par le fournisseur \u00e0 la soci\u00e9t\u00e9 de messagerie.<br\/>Le vendeur est responsable de la livraison des marchandises dans les d\u00e9lais et de la conformit\u00e9 de la livraison avec le contrat, m\u00eame en cas de recours \u00e0 des tiers (soci\u00e9t\u00e9 de messagerie, fournisseur).<\/p>\n\n<hr class=\"wp-block-separator has-alpha-channel-opacity\"\/>\n\n<h3 class=\"wp-block-heading\">\u00a77 R\u00e9siliation du contrat (14 jours)<\/h3>\n\n<p>Le consommateur a le droit de r\u00e9silier le contrat dans les 14 jours suivant la r\u00e9ception des biens (art. 27 du CPP).<br\/>Les frais de retour sont \u00e0 la charge du client uniquement s&rsquo;il a choisi un mode de livraison plus co\u00fbteux que le mode standard propos\u00e9 gratuitement (art. 34 par. 4 du CPP).<br\/>Le retour n&rsquo;est possible qu&rsquo;apr\u00e8s notification pr\u00e9alable &#8211; le client recevra une \u00e9tiquette de retour et une adresse individuelle du fournisseur.<br\/>Le client est tenu de renvoyer les biens dans les 14 jours suivant la notification de la r\u00e9tractation.<\/p>\n\n<p>Le remboursement sera effectu\u00e9 imm\u00e9diatement, au plus tard dans les 14 jours suivant la r\u00e9ception par le vendeur de la d\u00e9claration de r\u00e9tractation.<br\/>S&rsquo;il s&rsquo;av\u00e8re que les biens retourn\u00e9s ont \u00e9t\u00e9 endommag\u00e9s ou que leur valeur a sensiblement diminu\u00e9, le vendeur a le droit d&rsquo;exiger du client un d\u00e9dommagement appropri\u00e9.<\/p>\n\n<p><strong>Le droit de r\u00e9tractation ne s&rsquo;applique pas aux produits sur mesure, personnalis\u00e9s ou hygi\u00e9niques une fois que l&#8217;emballage a \u00e9t\u00e9 ouvert.<\/strong><\/p>\n\n<p>Formulaire de retrait :<\/p>\n\n<p>Nom :<br\/>Adresse :<br\/>Date de naissance :<br\/>Num\u00e9ro de commande :<br\/>Date de r\u00e9ception des marchandises :<br\/>Produit : [nom et num\u00e9ro de commande].<\/p>\n\n<p>\u2757 <strong>N&rsquo;envoyez pas les marchandises \u00e0 l&rsquo;adresse du vendeur !<\/strong><br\/>Vous recevrez une adresse de retour personnalis\u00e9e apr\u00e8s notification.<\/p>\n\n<hr class=\"wp-block-separator has-alpha-channel-opacity\"\/>\n\n<h3 class=\"wp-block-heading\">\u00a78 R\u00e9clamations &#8211; garantie<\/h3>\n\n<p>Le client a droit \u00e0 la r\u00e9paration, au remplacement, \u00e0 la r\u00e9duction du prix ou \u00e0 la r\u00e9siliation du contrat.<br\/>La garantie dure 24 mois, avec la pr\u00e9somption de l&rsquo;existence d&rsquo;un d\u00e9faut pendant cette p\u00e9riode (R\u00e8glement UE 2019\/771).<br\/>P\u00e9riode de r\u00e9clamation : 14 jours pour tous les clients.<br\/>Les plaintes peuvent \u00eatre soumises par e-mail : <strong>\n  <a>contact@namarstyle.com<\/a>\n<\/strong><br\/><strong>Les plaintes peuvent \u00e9galement \u00eatre soumises via le formulaire de contact disponible sur <a href=\"http:\/\/www.namarstyle.com\">www.namarstyle.com.<\/a><\/strong><\/p>\n\n<p>Dans le cadre d&rsquo;une r\u00e9clamation reconnue, le vendeur fournira :<br\/>&#8211; l&rsquo;adresse de retour sp\u00e9cifique au produit,<br\/>&#8211; les instructions d&rsquo;envoi au fournisseur,<br\/>&#8211; une \u00e9tiquette de retour \u00e0 ses frais.<\/p>\n\n<p>L&rsquo;adresse et les instructions de retour vous seront envoy\u00e9es dans les 48 heures suivant votre r\u00e9clamation.<br\/>Les frais de retour des marchandises d\u00e9fectueuses sont pris en charge par le vendeur.<\/p>\n\n<hr class=\"wp-block-separator has-alpha-channel-opacity\"\/>\n\n<h3 class=\"wp-block-heading\">\u00a79 ADR &#8211; r\u00e8glement extrajudiciaire des litiges<\/h3>\n\n<p>En cas de refus d&rsquo;accepter la plainte, le vendeur doit fournir :<br\/>&#8211; l&rsquo;adresse de l&rsquo;inspection provinciale de l&rsquo;inspection du commerce,<br\/>&#8211; la liste des organismes de r\u00e8glement extrajudiciaire des litiges disponible sur le site web de l&rsquo;UOKiK (article 36 de la loi sur la protection des consommateurs).<\/p>\n\n<p>Espagne : Sistema Arbitral de Consumo<a href=\"http:\/\/www.consumo.gob.es\">(www.consumo.gob.es)<\/a><br\/>France : M\u00e9dicys<a href=\"http:\/\/www.medicys.fr\">(www.medicys.fr<\/a>)<\/p>\n\n<p>La plateforme ODR a \u00e9t\u00e9 d\u00e9sactiv\u00e9e en 2025. &#8211; Les proc\u00e9dures nationales s&rsquo;appliquent. <\/p>\n\n<hr class=\"wp-block-separator has-alpha-channel-opacity\"\/>\n\n<h3 class=\"wp-block-heading\">\u00a710 Protection des donn\u00e9es personnelles (RODO)<\/h3>\n\n<p>Les r\u00e8gles de traitement des donn\u00e9es sont expos\u00e9es dans la politique de confidentialit\u00e9 disponible \u00e0 l&rsquo;adresse <a href=\"http:\/\/www.namarstyle.com\">www.namarstyle.com<\/a>.<\/p>\n\n<hr class=\"wp-block-separator has-alpha-channel-opacity\"\/>\n\n<h3 class=\"wp-block-heading\">\u00a711 Base juridique<\/h3>\n\n<p>Les pr\u00e9sentes conditions g\u00e9n\u00e9rales sont \u00e9tablies sur la base de :<br\/>&#8211; Directive 2011\/83\/UE,<br\/>&#8211; Directive 2019\/771\/UE,<br\/>&#8211; Loi du 30 mai 2014 relative aux droits des consommateurs,<br\/>&#8211; R\u00e8glement 2016\/679 du Parlement europ\u00e9en et du Conseil (UE) (RODO). <\/p>\n\n<hr class=\"wp-block-separator has-alpha-channel-opacity\"\/>\n\n<h3 class=\"wp-block-heading\">\u00a712 Dispositions relatives au paiement par carte<\/h3>\n\n<p>Les paiements par carte sont g\u00e9r\u00e9s par des op\u00e9rateurs de paiement certifi\u00e9s conformes \u00e0 la norme PCI DSS.<\/p>\n\n<hr class=\"wp-block-separator has-alpha-channel-opacity\"\/>\n\n<h3 class=\"wp-block-heading\">\u00a713 Dispositions finales<\/h3>\n\n<p>Les modifications des conditions g\u00e9n\u00e9rales entrent en vigueur 7 jours apr\u00e8s leur publication &#8211; sans pr\u00e9judice des droits des clients.<br\/>Les conditions g\u00e9n\u00e9rales sont disponibles en polonais (PL), en espagnol (ES) et en fran\u00e7ais (FR).<br\/> En cas<strong>de divergence entre les versions linguistiques, la version polonaise pr\u00e9vaut<\/strong>.<\/p>\n\n<p><\/p>\n","protected":false},"excerpt":{"rendered":"<p>CONDITIONS D&rsquo;UTILISATION DE LA BOUTIQUE EN LIGNE NAMARSTYLE En vigueur \u00e0 partir du 22 juillet 2025. \u00a71 D\u00e9tails du vendeur<\/p>\n","protected":false},"author":1,"featured_media":0,"parent":0,"menu_order":0,"comment_status":"closed","ping_status":"closed","template":"","meta":{"footnotes":""},"class_list":["post-29743","page","type-page","status-publish","hentry"],"_links":{"self":[{"href":"https:\/\/namarstyle.com\/fr\/wp-json\/wp\/v2\/pages\/29743","targetHints":{"allow":["GET"]}}],"collection":[{"href":"https:\/\/namarstyle.com\/fr\/wp-json\/wp\/v2\/pages"}],"about":[{"href":"https:\/\/namarstyle.com\/fr\/wp-json\/wp\/v2\/types\/page"}],"author":[{"embeddable":true,"href":"https:\/\/namarstyle.com\/fr\/wp-json\/wp\/v2\/users\/1"}],"replies":[{"embeddable":true,"href":"https:\/\/namarstyle.com\/fr\/wp-json\/wp\/v2\/comments?post=29743"}],"version-history":[{"count":4,"href":"https:\/\/namarstyle.com\/fr\/wp-json\/wp\/v2\/pages\/29743\/revisions"}],"predecessor-version":[{"id":55235,"href":"https:\/\/namarstyle.com\/fr\/wp-json\/wp\/v2\/pages\/29743\/revisions\/55235"}],"wp:attachment":[{"href":"https:\/\/namarstyle.com\/fr\/wp-json\/wp\/v2\/media?parent=29743"}],"curies":[{"name":"wp","href":"https:\/\/api.w.org\/{rel}","templated":true}]}}