{"id":99822,"date":"2026-04-21T23:23:33","date_gmt":"2026-04-21T21:23:33","guid":{"rendered":"https:\/\/namarstyle.com\/product\/szafka-rtv-ravenna-f-170-cm-z-kominkiem-2d-czarny-mat-granat\/"},"modified":"2026-04-21T23:23:33","modified_gmt":"2026-04-21T21:23:33","slug":"szafka-rtv-ravenna-f-cm-z-kominkiem-czarny-mat-granat","status":"publish","type":"product","link":"https:\/\/namarstyle.com\/es\/product\/szafka-rtv-ravenna-f-cm-z-kominkiem-czarny-mat-granat\/","title":{"rendered":"Szafka RTV RAVENNA F cm z kominkiem czarny mat \/ granat"},"content":{"rendered":"<p>Opis:<\/p>\n<p>- Szafka RTV dwudrzwiowa<br \/>\n- Bezramowa szyba przednia umo\u017cliwia doskona\u0142y widok na p\u0142on\u0105cy wewn\u0105trz ogie\u0144<br \/>\n- Mebel z kominkiem elektrycznym<br \/>\n- Frezowane fronty<br \/>\n- Metalowe n\u00f3\u017cki<br \/>\n- System bezuchwytowy, fronty otwierane za pomoc\u0105 systemu push to open<\/p>\n<p>Opis i parametry kominka:<\/p>\n<p>- Nowoczesny kominek elektryczny zaprojektowany z my\u015bl\u0105 o monta\u017cu we wn\u0119ce \u015bciennej lub dowolnego typu obudowie<br \/>\n- Kominki obj\u0119te euro gwarancj\u0105 24 m-ce<br \/>\n- Sterowanie zdalne (pilot) oraz za pomoc\u0105 panelu w prawym g\u00f3rnym rogu<br \/>\n- Regulacja p\u0142omienia i temperatury<br \/>\n- Dekoracja paleniska: P\u0142on\u0105ce polana<br \/>\n- Nie wymaga przewodu kominowego<br \/>\n- Waga 5,3 kg<br \/>\n- Moc kominka 1800-2000W<br \/>\n- Wymiary zewn\u0119trzne: 58,4 x 13 x 43,6 cm<br \/>\n- Napi\u0119cie \/ cz\u0119stotliwo\u015b\u0107 220V-240V\/ 50Hz<br \/>\n- Panel sterowania w prawym g\u00f3rnym rogu<br \/>\n- Wielofunkcyjny pilot zdalnego sterowania<br \/>\n- Mo\u017cliwo\u015b\u0107 zwi\u0119kszenia\/zmniejszenia efektu ognia<br \/>\n- Mo\u017cliwo\u015b\u0107 ustawienia godzinnego, dziennego lub tygodniowego timera<br \/>\n- Ustawienie temperatury grzania pomi\u0119dzy  17\u00b0C a 27\u00b0. Poziom funkcji grzania [W] 1400<br \/>\n- Kontrola temperatury pomieszczenia, z wykrywaniem otwartego okna<br \/>\n- Maksymalna ci\u0105g\u0142a moc grzewcza 2,0 kW<br \/>\nZdj\u0119cia przedstawiaj\u0105 maksymaln\u0105 moc \u015bwiat\u0142a kominka<\/p>\n","protected":false},"excerpt":{"rendered":"<p>Korpus: p\u0142yta laminowana, Fronty: frez p\u0142yta MDF malowana, Nogi: metal<\/p>\n","protected":false},"featured_media":99816,"comment_status":"open","ping_status":"closed","template":"","meta":[],"product_brand":[],"product_cat":[189],"product_tag":[],"class_list":{"0":"post-99822","1":"product","2":"type-product","3":"status-publish","4":"has-post-thumbnail","6":"product_cat-ogrod","8":"first","9":"instock","10":"taxable","11":"shipping-taxable","12":"purchasable","13":"product-type-simple"},"_links":{"self":[{"href":"https:\/\/namarstyle.com\/es\/wp-json\/wp\/v2\/product\/99822","targetHints":{"allow":["GET"]}}],"collection":[{"href":"https:\/\/namarstyle.com\/es\/wp-json\/wp\/v2\/product"}],"about":[{"href":"https:\/\/namarstyle.com\/es\/wp-json\/wp\/v2\/types\/product"}],"replies":[{"embeddable":true,"href":"https:\/\/namarstyle.com\/es\/wp-json\/wp\/v2\/comments?post=99822"}],"version-history":[{"count":0,"href":"https:\/\/namarstyle.com\/es\/wp-json\/wp\/v2\/product\/99822\/revisions"}],"wp:featuredmedia":[{"embeddable":true,"href":"https:\/\/namarstyle.com\/es\/wp-json\/wp\/v2\/media\/99816"}],"wp:attachment":[{"href":"https:\/\/namarstyle.com\/es\/wp-json\/wp\/v2\/media?parent=99822"}],"wp:term":[{"taxonomy":"product_brand","embeddable":true,"href":"https:\/\/namarstyle.com\/es\/wp-json\/wp\/v2\/product_brand?post=99822"},{"taxonomy":"product_cat","embeddable":true,"href":"https:\/\/namarstyle.com\/es\/wp-json\/wp\/v2\/product_cat?post=99822"},{"taxonomy":"product_tag","embeddable":true,"href":"https:\/\/namarstyle.com\/es\/wp-json\/wp\/v2\/product_tag?post=99822"}],"curies":[{"name":"wp","href":"https:\/\/api.w.org\/{rel}","templated":true}]}}