{"id":99717,"date":"2026-04-21T23:19:20","date_gmt":"2026-04-21T21:19:20","guid":{"rendered":"https:\/\/namarstyle.com\/product\/ravenna-pc-diament-stolik-kawowy-90x60-czarny-mat-czarny-polysk-czarna-szpilka\/"},"modified":"2026-04-21T23:19:20","modified_gmt":"2026-04-21T21:19:20","slug":"ravenna-pc-diament-stolik-kawowy-czarny-mat-czarny-polysk-czarna-szpilka","status":"publish","type":"product","link":"https:\/\/namarstyle.com\/es\/product\/ravenna-pc-diament-stolik-kawowy-czarny-mat-czarny-polysk-czarna-szpilka\/","title":{"rendered":"Ravenna PC Diament Stolik kawowy czarny mat, czarny po\u0142ysk, czarna szpilka"},"content":{"rendered":"","protected":false},"excerpt":{"rendered":"<p>Korpus: p\u0142yta laminowana, Fronty: frez p\u0142yta MDF wysoki po\u0142ysk, Nogi: metal<\/p>\n","protected":false},"featured_media":99716,"comment_status":"open","ping_status":"closed","template":"","meta":[],"product_brand":[],"product_cat":[189],"product_tag":[],"class_list":{"0":"post-99717","1":"product","2":"type-product","3":"status-publish","4":"has-post-thumbnail","6":"product_cat-ogrod","8":"first","9":"instock","10":"taxable","11":"shipping-taxable","12":"purchasable","13":"product-type-simple"},"_links":{"self":[{"href":"https:\/\/namarstyle.com\/es\/wp-json\/wp\/v2\/product\/99717","targetHints":{"allow":["GET"]}}],"collection":[{"href":"https:\/\/namarstyle.com\/es\/wp-json\/wp\/v2\/product"}],"about":[{"href":"https:\/\/namarstyle.com\/es\/wp-json\/wp\/v2\/types\/product"}],"replies":[{"embeddable":true,"href":"https:\/\/namarstyle.com\/es\/wp-json\/wp\/v2\/comments?post=99717"}],"version-history":[{"count":0,"href":"https:\/\/namarstyle.com\/es\/wp-json\/wp\/v2\/product\/99717\/revisions"}],"wp:featuredmedia":[{"embeddable":true,"href":"https:\/\/namarstyle.com\/es\/wp-json\/wp\/v2\/media\/99716"}],"wp:attachment":[{"href":"https:\/\/namarstyle.com\/es\/wp-json\/wp\/v2\/media?parent=99717"}],"wp:term":[{"taxonomy":"product_brand","embeddable":true,"href":"https:\/\/namarstyle.com\/es\/wp-json\/wp\/v2\/product_brand?post=99717"},{"taxonomy":"product_cat","embeddable":true,"href":"https:\/\/namarstyle.com\/es\/wp-json\/wp\/v2\/product_cat?post=99717"},{"taxonomy":"product_tag","embeddable":true,"href":"https:\/\/namarstyle.com\/es\/wp-json\/wp\/v2\/product_tag?post=99717"}],"curies":[{"name":"wp","href":"https:\/\/api.w.org\/{rel}","templated":true}]}}