{"id":99626,"date":"2026-04-21T23:16:32","date_gmt":"2026-04-21T21:16:32","guid":{"rendered":"https:\/\/namarstyle.com\/product\/ravenna-pc-diament-szafka-rtv-150-2d1s-bialy-mat-bialy-wysoki-polysk-czarne-nogi\/"},"modified":"2026-04-21T23:16:32","modified_gmt":"2026-04-21T21:16:32","slug":"ravenna-pc-diament-szafka-rtv-bialy-mat-bialy-wysoki-polysk-czarne-nogi","status":"publish","type":"product","link":"https:\/\/namarstyle.com\/es\/product\/ravenna-pc-diament-szafka-rtv-bialy-mat-bialy-wysoki-polysk-czarne-nogi\/","title":{"rendered":"Ravenna PC Diament Szafka RTV bia\u0142y mat, bia\u0142y wysoki po\u0142ysk, czarne nogi"},"content":{"rendered":"","protected":false},"excerpt":{"rendered":"<p>Korpus: p\u0142yta laminowana, Fronty: frez p\u0142yta MDF wysoki po\u0142ysk, Nogi: plastik<\/p>\n","protected":false},"featured_media":99622,"comment_status":"open","ping_status":"closed","template":"","meta":[],"product_brand":[],"product_cat":[189],"product_tag":[],"class_list":{"0":"post-99626","1":"product","2":"type-product","3":"status-publish","4":"has-post-thumbnail","6":"product_cat-ogrod","8":"first","9":"instock","10":"taxable","11":"shipping-taxable","12":"purchasable","13":"product-type-simple"},"_links":{"self":[{"href":"https:\/\/namarstyle.com\/es\/wp-json\/wp\/v2\/product\/99626","targetHints":{"allow":["GET"]}}],"collection":[{"href":"https:\/\/namarstyle.com\/es\/wp-json\/wp\/v2\/product"}],"about":[{"href":"https:\/\/namarstyle.com\/es\/wp-json\/wp\/v2\/types\/product"}],"replies":[{"embeddable":true,"href":"https:\/\/namarstyle.com\/es\/wp-json\/wp\/v2\/comments?post=99626"}],"version-history":[{"count":0,"href":"https:\/\/namarstyle.com\/es\/wp-json\/wp\/v2\/product\/99626\/revisions"}],"wp:featuredmedia":[{"embeddable":true,"href":"https:\/\/namarstyle.com\/es\/wp-json\/wp\/v2\/media\/99622"}],"wp:attachment":[{"href":"https:\/\/namarstyle.com\/es\/wp-json\/wp\/v2\/media?parent=99626"}],"wp:term":[{"taxonomy":"product_brand","embeddable":true,"href":"https:\/\/namarstyle.com\/es\/wp-json\/wp\/v2\/product_brand?post=99626"},{"taxonomy":"product_cat","embeddable":true,"href":"https:\/\/namarstyle.com\/es\/wp-json\/wp\/v2\/product_cat?post=99626"},{"taxonomy":"product_tag","embeddable":true,"href":"https:\/\/namarstyle.com\/es\/wp-json\/wp\/v2\/product_tag?post=99626"}],"curies":[{"name":"wp","href":"https:\/\/api.w.org\/{rel}","templated":true}]}}