{"id":99585,"date":"2026-04-21T23:15:10","date_gmt":"2026-04-21T21:15:10","guid":{"rendered":"https:\/\/namarstyle.com\/product\/ravenna-p-komoda-150-3d-malowana-bialy-czarny-czarne-nogi\/"},"modified":"2026-04-27T19:26:36","modified_gmt":"2026-04-27T17:26:36","slug":"ravenna-p-komoda-malowana-bialy-czarny-czarne-nogi","status":"publish","type":"product","link":"https:\/\/namarstyle.com\/es\/product\/ravenna-p-komoda-malowana-bialy-czarny-czarne-nogi\/","title":{"rendered":"Ravenna P Komoda malowana bia\u0142y czarny, czarne nogi"},"content":{"rendered":"","protected":false},"excerpt":{"rendered":"<p>Korpus: p\u0142yta laminowana, Fronty: frez p\u0142yta MDF malowana, Nogi: plastik<\/p>\n","protected":false},"featured_media":99581,"comment_status":"open","ping_status":"closed","template":"","meta":[],"product_brand":[],"product_cat":[189],"product_tag":[],"class_list":{"0":"post-99585","1":"product","2":"type-product","3":"status-publish","4":"has-post-thumbnail","6":"product_cat-ogrod","8":"first","9":"outofstock","10":"taxable","11":"shipping-taxable","12":"purchasable","13":"product-type-simple"},"_links":{"self":[{"href":"https:\/\/namarstyle.com\/es\/wp-json\/wp\/v2\/product\/99585","targetHints":{"allow":["GET"]}}],"collection":[{"href":"https:\/\/namarstyle.com\/es\/wp-json\/wp\/v2\/product"}],"about":[{"href":"https:\/\/namarstyle.com\/es\/wp-json\/wp\/v2\/types\/product"}],"replies":[{"embeddable":true,"href":"https:\/\/namarstyle.com\/es\/wp-json\/wp\/v2\/comments?post=99585"}],"version-history":[{"count":1,"href":"https:\/\/namarstyle.com\/es\/wp-json\/wp\/v2\/product\/99585\/revisions"}],"predecessor-version":[{"id":100385,"href":"https:\/\/namarstyle.com\/es\/wp-json\/wp\/v2\/product\/99585\/revisions\/100385"}],"wp:featuredmedia":[{"embeddable":true,"href":"https:\/\/namarstyle.com\/es\/wp-json\/wp\/v2\/media\/99581"}],"wp:attachment":[{"href":"https:\/\/namarstyle.com\/es\/wp-json\/wp\/v2\/media?parent=99585"}],"wp:term":[{"taxonomy":"product_brand","embeddable":true,"href":"https:\/\/namarstyle.com\/es\/wp-json\/wp\/v2\/product_brand?post=99585"},{"taxonomy":"product_cat","embeddable":true,"href":"https:\/\/namarstyle.com\/es\/wp-json\/wp\/v2\/product_cat?post=99585"},{"taxonomy":"product_tag","embeddable":true,"href":"https:\/\/namarstyle.com\/es\/wp-json\/wp\/v2\/product_tag?post=99585"}],"curies":[{"name":"wp","href":"https:\/\/api.w.org\/{rel}","templated":true}]}}