{"id":99028,"date":"2026-04-21T22:58:26","date_gmt":"2026-04-21T20:58:26","guid":{"rendered":"https:\/\/namarstyle.com\/product\/szafka-rtv-duo-100-dab-artisan-czarny-mat\/"},"modified":"2026-04-21T22:58:26","modified_gmt":"2026-04-21T20:58:26","slug":"szafka-rtv-duo-dab-artisan-czarny-mat","status":"publish","type":"product","link":"https:\/\/namarstyle.com\/es\/product\/szafka-rtv-duo-dab-artisan-czarny-mat\/","title":{"rendered":"Szafka RTV DUO d\u0105b artisan czarny mat"},"content":{"rendered":"<p>Szafka RTV wchodzi w sk\u0142ad systemu DUO, kt\u00f3ry umo\u017cliwia dowolne \u0142\u0105czenie modu\u0142\u00f3w.<br \/>\nSzafka wisz\u0105ca z cz\u0119\u015bci\u0105 le\u017c\u0105c\u0105<br \/>\nDwa schowki otwierane do do\u0142u<br \/>\nDwie otwarte p\u00f3\u0142ki<\/p>\n","protected":false},"excerpt":{"rendered":"<p>p\u0142yta laminowana 16 mm, HDF p\u0142yta, ABS obrze\u017ca<\/p>\n","protected":false},"featured_media":99023,"comment_status":"open","ping_status":"closed","template":"","meta":[],"product_brand":[],"product_cat":[189],"product_tag":[],"class_list":{"0":"post-99028","1":"product","2":"type-product","3":"status-publish","4":"has-post-thumbnail","6":"product_cat-ogrod","8":"first","9":"instock","10":"taxable","11":"shipping-taxable","12":"purchasable","13":"product-type-simple"},"_links":{"self":[{"href":"https:\/\/namarstyle.com\/es\/wp-json\/wp\/v2\/product\/99028","targetHints":{"allow":["GET"]}}],"collection":[{"href":"https:\/\/namarstyle.com\/es\/wp-json\/wp\/v2\/product"}],"about":[{"href":"https:\/\/namarstyle.com\/es\/wp-json\/wp\/v2\/types\/product"}],"replies":[{"embeddable":true,"href":"https:\/\/namarstyle.com\/es\/wp-json\/wp\/v2\/comments?post=99028"}],"version-history":[{"count":0,"href":"https:\/\/namarstyle.com\/es\/wp-json\/wp\/v2\/product\/99028\/revisions"}],"wp:featuredmedia":[{"embeddable":true,"href":"https:\/\/namarstyle.com\/es\/wp-json\/wp\/v2\/media\/99023"}],"wp:attachment":[{"href":"https:\/\/namarstyle.com\/es\/wp-json\/wp\/v2\/media?parent=99028"}],"wp:term":[{"taxonomy":"product_brand","embeddable":true,"href":"https:\/\/namarstyle.com\/es\/wp-json\/wp\/v2\/product_brand?post=99028"},{"taxonomy":"product_cat","embeddable":true,"href":"https:\/\/namarstyle.com\/es\/wp-json\/wp\/v2\/product_cat?post=99028"},{"taxonomy":"product_tag","embeddable":true,"href":"https:\/\/namarstyle.com\/es\/wp-json\/wp\/v2\/product_tag?post=99028"}],"curies":[{"name":"wp","href":"https:\/\/api.w.org\/{rel}","templated":true}]}}