{"id":99013,"date":"2026-04-21T22:57:53","date_gmt":"2026-04-21T20:57:53","guid":{"rendered":"https:\/\/namarstyle.com\/product\/komoda-aura-kom4d-198-dab-artisan\/"},"modified":"2026-04-21T22:57:53","modified_gmt":"2026-04-21T20:57:53","slug":"komoda-aura-dab-artisan","status":"publish","type":"product","link":"https:\/\/namarstyle.com\/es\/product\/komoda-aura-dab-artisan\/","title":{"rendered":"Komoda Aura dab artisan"},"content":{"rendered":"<p>Prezentowana komoda z kolekcji AURA zosta\u0142a wykonana w nowoczesnym stylu oraz kolorystyce. Po\u0142\u0105czenie drewnianego dekoru z matow\u0105 czerni\u0105 b\u0119dzie wsp\u00f3\u0142gra\u0142o w r\u00f3\u017cnorodnych aran\u017cacjach wn\u0119trz takich jak salon, jadalnia, sypialnia, czy pok\u00f3j m\u0142odzie\u017cowy. Prosta bry\u0142a, wyposa\u017cona w bezuchwytowe fronty powoduje, \u017ce mebel jest atrakcyjny i przyci\u0105ga wzrok.<\/p>\n<p>Najwa\u017cniejsze cechy produktu:<\/p>\n<p>Komoda stoj\u0105ca<br \/>\nPosiada cztery zamykane szafki otwierane na boki<br \/>\nBezuchwytowe fronty<\/p>\n","protected":false},"excerpt":{"rendered":"<p>p\u0142yta laminowana 16 mm, HDF p\u0142yta, ABS obrze\u017ca<\/p>\n","protected":false},"featured_media":99009,"comment_status":"open","ping_status":"closed","template":"","meta":[],"product_brand":[],"product_cat":[189],"product_tag":[],"class_list":{"0":"post-99013","1":"product","2":"type-product","3":"status-publish","4":"has-post-thumbnail","6":"product_cat-ogrod","8":"first","9":"instock","10":"taxable","11":"shipping-taxable","12":"purchasable","13":"product-type-simple"},"_links":{"self":[{"href":"https:\/\/namarstyle.com\/es\/wp-json\/wp\/v2\/product\/99013","targetHints":{"allow":["GET"]}}],"collection":[{"href":"https:\/\/namarstyle.com\/es\/wp-json\/wp\/v2\/product"}],"about":[{"href":"https:\/\/namarstyle.com\/es\/wp-json\/wp\/v2\/types\/product"}],"replies":[{"embeddable":true,"href":"https:\/\/namarstyle.com\/es\/wp-json\/wp\/v2\/comments?post=99013"}],"version-history":[{"count":0,"href":"https:\/\/namarstyle.com\/es\/wp-json\/wp\/v2\/product\/99013\/revisions"}],"wp:featuredmedia":[{"embeddable":true,"href":"https:\/\/namarstyle.com\/es\/wp-json\/wp\/v2\/media\/99009"}],"wp:attachment":[{"href":"https:\/\/namarstyle.com\/es\/wp-json\/wp\/v2\/media?parent=99013"}],"wp:term":[{"taxonomy":"product_brand","embeddable":true,"href":"https:\/\/namarstyle.com\/es\/wp-json\/wp\/v2\/product_brand?post=99013"},{"taxonomy":"product_cat","embeddable":true,"href":"https:\/\/namarstyle.com\/es\/wp-json\/wp\/v2\/product_cat?post=99013"},{"taxonomy":"product_tag","embeddable":true,"href":"https:\/\/namarstyle.com\/es\/wp-json\/wp\/v2\/product_tag?post=99013"}],"curies":[{"name":"wp","href":"https:\/\/api.w.org\/{rel}","templated":true}]}}